{"id":17253,"date":"2025-04-28T16:48:24","date_gmt":"2025-04-28T19:48:24","guid":{"rendered":"https:\/\/deltamed.cl\/tienda\/?post_type=product&#038;p=17253"},"modified":"2026-03-13T15:47:11","modified_gmt":"2026-03-13T18:47:11","slug":"velador-electrico-modelo-vitano","status":"publish","type":"product","link":"https:\/\/deltamed.cl\/tienda\/producto\/velador-electrico-modelo-vitano\/","title":{"rendered":"Velador el\u00e9ctrico modelo vitano"},"content":{"rendered":"<p>Velador el\u00e9ctrico modelo vitano<\/p>\n<p>La mayor\u00eda de las personas utilizan smartphones o tablets a diario. Incluso durante una estancia en el hospital apenas hay quien renuncie a ello. Nuestra nueva mesita de noche el\u00e9ctrica Vitano ofrece un confort totalmente nuevo para el uso de estos dispositivos. Esta mesita de noche constituye un argumento convincente en la competencia de los hospitales para atraer a pacientes exigentes.<\/p>\n<p>El modelo el\u00e9ctrico ofrece las siguientes posibilidades de equipamiento:<br \/>\nBases de enchufe y USB<br \/>\n\u2022 2 bases de enchufe de 230 V~<br \/>\n\u2022 1 conexi\u00f3n USB-A<br \/>\n\u2022 1 conexi\u00f3n USB-C con funci\u00f3n de carga r\u00e1pida Iluminaci\u00f3n de los cajones<br \/>\n\u2022 Cajones con luz autom\u00e1tica<br \/>\n\u2022 Visi\u00f3n de alta calidad, permite encontrar m\u00e1s f\u00e1cil los objetos Carga inductiva<br \/>\n\u2022 M\u00f3dulo de carga QI en el panel superior<br \/>\n\u2022 Carga inal\u00e1mbrica de smartphones<br \/>\nL\u00e1mpara de mesilla de noche integrada<br \/>\n\u2022 Luz de lectura LED con brazo flexible<br \/>\n\u2022 Montaje fijo en la mesilla de noche luz extra\u00edble sin cable de<br \/>\ncable de alimentaci\u00f3n<\/p>\n<p>La nueva variante el\u00e9ctrica facilita a los pacientes el contacto con amigos y familiares. Las dos bases de enchufe y las dos conexiones USB en el frontal son perfectas para cargar smartphones, ordenadores port\u00e1tiles o tablets.<br \/>\nEl guiado inteligente de los cables permite adem\u00e1s un uso sin restricciones del caj\u00f3n. Opcionalmente, los dispositivos tambi\u00e9n pueden almacenarse y cargarse en el caj\u00f3n.<br \/>\nEs posible incluso la carga inal\u00e1mbrica e inductiva de smartphones sobre el panel superior. De este modo, los pacientes de cualquier edad pueden utilizar todos los dispositivos electr\u00f3nicos tal y como est\u00e1n habituados en su hogar.<br \/>\nCon la Vitano el\u00e9ctrica, el hospital mejora sustancialmente la calidad de vida en el \u00e1mbito de las prestaciones opcionales y su proyecci\u00f3n hacia el exterior.<\/p>\n","protected":false},"excerpt":{"rendered":"<p>Velador el\u00e9ctrico modelo vitano<\/p>\n<p>La nueva variante el\u00e9ctrica facilita a los pacientes el contacto con amigos y familiares. Las dos bases de enchufe y las dos conexiones USB en el frontal son perfectas para cargar smartphones, ordenadores port\u00e1tiles o tablets.<br \/>\nEl guiado inteligente de los cables permite adem\u00e1s un uso sin restricciones del caj\u00f3n. Opcionalmente, los dispositivos tambi\u00e9n pueden almacenarse y cargarse en el caj\u00f3n.<br \/>\nEs posible incluso la carga inal\u00e1mbrica e inductiva de smartphones sobre el panel superior. De este modo, los pacientes de cualquier edad pueden utilizar todos los dispositivos electr\u00f3nicos tal y como est\u00e1n habituados en su hogar.<br \/>\nCon la Vitano el\u00e9ctrica, el hospital mejora sustancialmente la calidad de vida en el \u00e1mbito de las prestaciones opcionales y su proyecci\u00f3n hacia el exterior.<\/p>\n","protected":false},"featured_media":17261,"comment_status":"open","ping_status":"closed","template":"","meta":{"_acf_changed":false},"product_brand":[1086],"product_cat":[101,1052],"product_tag":[],"class_list":{"0":"post-17253","1":"product","2":"type-product","3":"status-publish","4":"has-post-thumbnail","6":"product_brand-lifante","7":"product_cat-mobiliario","8":"product_cat-veladores","9":"fb_product_set-lifante","11":"first","12":"instock","13":"shipping-taxable","14":"purchasable","15":"product-type-simple"},"acf":[],"_links":{"self":[{"href":"https:\/\/deltamed.cl\/tienda\/wp-json\/wp\/v2\/product\/17253","targetHints":{"allow":["GET"]}}],"collection":[{"href":"https:\/\/deltamed.cl\/tienda\/wp-json\/wp\/v2\/product"}],"about":[{"href":"https:\/\/deltamed.cl\/tienda\/wp-json\/wp\/v2\/types\/product"}],"replies":[{"embeddable":true,"href":"https:\/\/deltamed.cl\/tienda\/wp-json\/wp\/v2\/comments?post=17253"}],"version-history":[{"count":6,"href":"https:\/\/deltamed.cl\/tienda\/wp-json\/wp\/v2\/product\/17253\/revisions"}],"predecessor-version":[{"id":17417,"href":"https:\/\/deltamed.cl\/tienda\/wp-json\/wp\/v2\/product\/17253\/revisions\/17417"}],"wp:featuredmedia":[{"embeddable":true,"href":"https:\/\/deltamed.cl\/tienda\/wp-json\/wp\/v2\/media\/17261"}],"wp:attachment":[{"href":"https:\/\/deltamed.cl\/tienda\/wp-json\/wp\/v2\/media?parent=17253"}],"wp:term":[{"taxonomy":"product_brand","embeddable":true,"href":"https:\/\/deltamed.cl\/tienda\/wp-json\/wp\/v2\/product_brand?post=17253"},{"taxonomy":"product_cat","embeddable":true,"href":"https:\/\/deltamed.cl\/tienda\/wp-json\/wp\/v2\/product_cat?post=17253"},{"taxonomy":"product_tag","embeddable":true,"href":"https:\/\/deltamed.cl\/tienda\/wp-json\/wp\/v2\/product_tag?post=17253"}],"curies":[{"name":"wp","href":"https:\/\/api.w.org\/{rel}","templated":true}]}}