{"id":17248,"date":"2025-04-28T16:40:12","date_gmt":"2025-04-28T19:40:12","guid":{"rendered":"https:\/\/deltamed.cl\/tienda\/?post_type=product&#038;p=17248"},"modified":"2026-03-13T15:50:41","modified_gmt":"2026-03-13T18:50:41","slug":"velador-modelo-sima-plus","status":"publish","type":"product","link":"https:\/\/deltamed.cl\/tienda\/producto\/velador-modelo-sima-plus\/","title":{"rendered":"Velador modelo sima plus"},"content":{"rendered":"<p>Velador modelo sima plus<\/p>\n<p>La mesita de noche manejable desde ambos lados Sima aporta flexibilidad a la habitaci\u00f3n del hospital. Su caj\u00f3n, el compartimento abierto y el armario pueden utilizarse sin esfuerzo tanto desde delante como desde atr\u00e1s. Gracias a las ruedas dobles de movimiento sencillo, el personal responsable de los cuidados o el propio paciente pueden llevar la mesita de noche con rapidez a la posici\u00f3n deseada. 2 de las ruedas disponen de freno. Los frentes con recubrimiento en polvo pueden limpiarse y desinfectarse en profundidad.<\/p>\n<p>El modelo Sima dispone de un caj\u00f3n, un compartimiento y un armario que pueden abrirse desde ambos lados. La bandeja basculante opcional puede utilizarse como atril de lectura.<\/p>\n<p>&nbsp;<\/p>\n<table class=\"table table-hover\">\n<thead>\n<tr>\n<th class=\"\">Sima<\/th>\n<\/tr>\n<\/thead>\n<tbody>\n<tr>\n<th scope=\"row\">Medidas exteriores An x Prof x Al (sin mesita cama) en cm<\/th>\n<td>51 x 45 x 85<\/td>\n<\/tr>\n<tr>\n<th scope=\"row\">Medidas exteriores An x Prof x Al (mesita de cama plegada) en cm<\/th>\n<td>51 x 45 x 85<\/td>\n<\/tr>\n<tr>\n<th scope=\"row\">Altura de la bandeja en cm<\/th>\n<td>76-106<\/td>\n<\/tr>\n<tr>\n<th scope=\"row\">Medidas de la bandeja en cm<\/th>\n<td>34,2 x 59<\/td>\n<\/tr>\n<tr>\n<th scope=\"row\">Peso total en kg aprox.<\/th>\n<td>aprox. 30<\/td>\n<\/tr>\n<tr>\n<th scope=\"row\">Peso total con bandeja en kg aprox.<\/th>\n<td>aprox. 32<\/td>\n<\/tr>\n<tr>\n<th scope=\"row\">Bandeja basculante en \u00b0<\/th>\n<td>30-60<\/td>\n<\/tr>\n<\/tbody>\n<\/table>\n","protected":false},"excerpt":{"rendered":"<p>Velador modelo sima plus, la mesita de noche manejable desde ambos lados Sima aporta flexibilidad a la habitaci\u00f3n del hospital. Su caj\u00f3n, el compartimento abierto y el armario pueden utilizarse sin esfuerzo tanto desde delante como desde atr\u00e1s. Gracias a las ruedas dobles de movimiento sencillo, el personal responsable de los cuidados o el propio paciente pueden llevar la mesita de noche con rapidez a la posici\u00f3n deseada. 2 de las ruedas disponen de freno. Los frentes con recubrimiento en polvo pueden limpiarse y desinfectarse en profundidad.<\/p>\n<p>El modelo Sima dispone de un caj\u00f3n, un compartimiento y un armario que pueden abrirse desde ambos lados. La bandeja basculante opcional puede utilizarse como atril de lectura.<\/p>\n","protected":false},"featured_media":17249,"comment_status":"open","ping_status":"closed","template":"","meta":{"_acf_changed":false},"product_brand":[1086],"product_cat":[101,1052],"product_tag":[],"class_list":{"0":"post-17248","1":"product","2":"type-product","3":"status-publish","4":"has-post-thumbnail","6":"product_brand-lifante","7":"product_cat-mobiliario","8":"product_cat-veladores","9":"fb_product_set-lifante","11":"first","12":"instock","13":"shipping-taxable","14":"purchasable","15":"product-type-simple"},"acf":[],"_links":{"self":[{"href":"https:\/\/deltamed.cl\/tienda\/wp-json\/wp\/v2\/product\/17248","targetHints":{"allow":["GET"]}}],"collection":[{"href":"https:\/\/deltamed.cl\/tienda\/wp-json\/wp\/v2\/product"}],"about":[{"href":"https:\/\/deltamed.cl\/tienda\/wp-json\/wp\/v2\/types\/product"}],"replies":[{"embeddable":true,"href":"https:\/\/deltamed.cl\/tienda\/wp-json\/wp\/v2\/comments?post=17248"}],"version-history":[{"count":5,"href":"https:\/\/deltamed.cl\/tienda\/wp-json\/wp\/v2\/product\/17248\/revisions"}],"predecessor-version":[{"id":17419,"href":"https:\/\/deltamed.cl\/tienda\/wp-json\/wp\/v2\/product\/17248\/revisions\/17419"}],"wp:featuredmedia":[{"embeddable":true,"href":"https:\/\/deltamed.cl\/tienda\/wp-json\/wp\/v2\/media\/17249"}],"wp:attachment":[{"href":"https:\/\/deltamed.cl\/tienda\/wp-json\/wp\/v2\/media?parent=17248"}],"wp:term":[{"taxonomy":"product_brand","embeddable":true,"href":"https:\/\/deltamed.cl\/tienda\/wp-json\/wp\/v2\/product_brand?post=17248"},{"taxonomy":"product_cat","embeddable":true,"href":"https:\/\/deltamed.cl\/tienda\/wp-json\/wp\/v2\/product_cat?post=17248"},{"taxonomy":"product_tag","embeddable":true,"href":"https:\/\/deltamed.cl\/tienda\/wp-json\/wp\/v2\/product_tag?post=17248"}],"curies":[{"name":"wp","href":"https:\/\/api.w.org\/{rel}","templated":true}]}}