{"id":169,"date":"2020-12-11T00:21:41","date_gmt":"2020-12-11T03:21:41","guid":{"rendered":"https:\/\/deltamed.cl\/tienda\/?post_type=product&#038;p=169"},"modified":"2026-02-27T13:52:20","modified_gmt":"2026-02-27T16:52:20","slug":"gasa-esteril-no-tejida-caja-x-50-sobres-cranberry","status":"publish","type":"product","link":"https:\/\/deltamed.cl\/tienda\/producto\/gasa-esteril-no-tejida-caja-x-50-sobres-cranberry\/","title":{"rendered":"Gasa est\u00e9ril no tejida caja x 50 sobres Cranberry &#8211; 5x5cm"},"content":{"rendered":"<h3><strong>Gasa Est\u00e9ril No Tejida \u2013 Caja de 50 Sobres | Cranberry<\/strong><\/h3>\n<p>Mant\u00e9n la higiene y el cuidado adecuado de heridas con la <strong>Gasa Est\u00e9ril No Tejida Cranberry<\/strong>, dise\u00f1ada para limpieza y desinfecci\u00f3n de heridas cr\u00f3nicas y quir\u00fargicas. Su material <strong>no tejido<\/strong> reduce la adherencia a los tejidos, minimizando molestias y facilitando el proceso de curaci\u00f3n.<\/p>\n<p>\ud83d\udce6 <strong>Presentaci\u00f3n:<\/strong> Caja con <strong>50 sobres<\/strong>, cada uno con <strong>2 gasas<\/strong>.<\/p>\n<h3><strong>Caracter\u00edsticas:<\/strong><\/h3>\n<p>\u2705 <strong>Suave y hipoalerg\u00e9nica<\/strong> \u2013 Ideal para pieles sensibles.<br \/>\n\u2705 <strong>Menor adherencia<\/strong> \u2013 Facilita su retiro sin causar molestias ni traumatismos en la piel.<br \/>\n\u2705 <strong>Compuesta por hilos de 40 g\/m\u00b2<\/strong> \u2013 Material resistente y seguro.<br \/>\n\u2705 <strong>4 pliegues para mayor cobertura y seguridad.<\/strong><br \/>\n\u2705 <strong>Absorci\u00f3n escasa a moderada<\/strong>, manteniendo la humedad cuando es necesario.<br \/>\n\u2705 <strong>No provoca desbridamiento mec\u00e1nico<\/strong> \u2013 No se adhiere a los tejidos, favoreciendo una curaci\u00f3n \u00f3ptima.<\/p>\n<p>\ud83d\udd39 <strong>Uso recomendado en:<\/strong> Hospitales, cl\u00ednicas, laboratorios, farmacias y en el hogar para primeros auxilios.<\/p>\n<p>\ud83d\udccc <strong>Recomendaci\u00f3n:<\/strong> Se sugiere utilizar un <strong>ap\u00f3sito secundario<\/strong> para mantener la gasa cubierta y h\u00fameda, optimizando la cicatrizaci\u00f3n.<\/p>\n<p>\ud83e\ude79 <strong>Adqui\u00e9rela ahora y garantiza un cuidado seguro y efectivo para tus heridas!<\/strong><\/p>\n<p>Gasa est\u00e9ril no tejida caja x 50 sobres Cranberry<\/p>\n","protected":false},"excerpt":{"rendered":"<p>Gasa est\u00e9ril no tejida caja x 50 sobres Cranberry<\/p>\n<p>Cada caja contiene 50 sobres con 2\u00a0 gasas cada uno<\/p>\n<p>La gasa no tejida es un insumo desechable compuesta por hilos con un gramaje de 40 gramos\/m 2.<br \/>\nSu naturaleza no tejida le otorga la ventaja de tener una menor adherencia.<br \/>\nEst\u00e1 indicada en la limpieza y desinfecci\u00f3n de heridas cr\u00f3nicas y quir\u00fargicas.<br \/>\nPara uso en \u00e1reas de salud, laboratorios, farmacias y el hogar.<\/p>\n","protected":false},"featured_media":170,"comment_status":"open","ping_status":"closed","template":"","meta":{"_acf_changed":false},"product_brand":[1087],"product_cat":[94,371,36],"product_tag":[83,119,81,80,82],"class_list":{"0":"post-169","1":"product","2":"type-product","3":"status-publish","4":"has-post-thumbnail","6":"product_brand-cranberry","7":"product_cat-insumos-desechables","8":"product_cat-apositos-gasas","9":"product_cat-tratamiento-de-herida","10":"product_tag-5x5","11":"product_tag-cranberry","12":"product_tag-esteril","13":"product_tag-gasa","14":"product_tag-no-tejida","15":"product_shipping_class-extra-pequeno","17":"first","18":"outofstock","19":"shipping-taxable","20":"purchasable","21":"product-type-variable"},"acf":[],"_links":{"self":[{"href":"https:\/\/deltamed.cl\/tienda\/wp-json\/wp\/v2\/product\/169","targetHints":{"allow":["GET"]}}],"collection":[{"href":"https:\/\/deltamed.cl\/tienda\/wp-json\/wp\/v2\/product"}],"about":[{"href":"https:\/\/deltamed.cl\/tienda\/wp-json\/wp\/v2\/types\/product"}],"replies":[{"embeddable":true,"href":"https:\/\/deltamed.cl\/tienda\/wp-json\/wp\/v2\/comments?post=169"}],"version-history":[{"count":12,"href":"https:\/\/deltamed.cl\/tienda\/wp-json\/wp\/v2\/product\/169\/revisions"}],"predecessor-version":[{"id":19960,"href":"https:\/\/deltamed.cl\/tienda\/wp-json\/wp\/v2\/product\/169\/revisions\/19960"}],"wp:featuredmedia":[{"embeddable":true,"href":"https:\/\/deltamed.cl\/tienda\/wp-json\/wp\/v2\/media\/170"}],"wp:attachment":[{"href":"https:\/\/deltamed.cl\/tienda\/wp-json\/wp\/v2\/media?parent=169"}],"wp:term":[{"taxonomy":"product_brand","embeddable":true,"href":"https:\/\/deltamed.cl\/tienda\/wp-json\/wp\/v2\/product_brand?post=169"},{"taxonomy":"product_cat","embeddable":true,"href":"https:\/\/deltamed.cl\/tienda\/wp-json\/wp\/v2\/product_cat?post=169"},{"taxonomy":"product_tag","embeddable":true,"href":"https:\/\/deltamed.cl\/tienda\/wp-json\/wp\/v2\/product_tag?post=169"}],"curies":[{"name":"wp","href":"https:\/\/api.w.org\/{rel}","templated":true}]}}