{"id":1673,"date":"2021-06-16T17:53:06","date_gmt":"2021-06-16T20:53:06","guid":{"rendered":"https:\/\/deltamed.cl\/tienda\/?post_type=product&#038;p=1673"},"modified":"2026-03-09T18:21:09","modified_gmt":"2026-03-09T21:21:09","slug":"pinza-nasal-para-espirometria","status":"publish","type":"product","link":"https:\/\/deltamed.cl\/tienda\/producto\/pinza-nasal-para-espirometria\/","title":{"rendered":"Pinza nasal para espirometr\u00eda"},"content":{"rendered":"<p>Pinza nasal para espirometr\u00eda<\/p>\n<p>La pinza nasal es un dispositivo que se utiliza para cerrar las fosas nasales temporalmente, evitando as\u00ed que el aire entre o salga por la nariz. Este tipo de pinzas suele ser peque\u00f1o y ligero, dise\u00f1ado para sujetarse c\u00f3modamente sobre la nariz. En algunos casos durante las pruebas de espirometr\u00eda, se puede pedir a la persona que realice la prueba con la nariz tapada para evaluar la funci\u00f3n pulmonar de manera m\u00e1s espec\u00edfica.<\/p>\n<p>Es importante tener en cuenta que el uso de pinzas nasales puede interferir con la respiraci\u00f3n normal y debe realizarse con precauci\u00f3n.<\/p>\n<p>PRECIO POR UNIDAD<\/p>\n<p>SKU: 2406<\/p>\n","protected":false},"excerpt":{"rendered":"<p>Pinza nasal para espirometr\u00eda.<\/p>\n<p>La pinza nasal es un dispositivo que se utiliza para cerrar las fosas nasales temporalmente, evitando as\u00ed que el aire entre o salga por la nariz. Este tipo de pinzas suele ser peque\u00f1o y ligero, dise\u00f1ado para sujetarse c\u00f3modamente sobre la nariz.<\/p>\n","protected":false},"featured_media":1674,"comment_status":"open","ping_status":"closed","template":"","meta":{"_acf_changed":false},"product_brand":[],"product_cat":[15],"product_tag":[],"class_list":{"0":"post-1673","1":"product","2":"type-product","3":"status-publish","4":"has-post-thumbnail","6":"product_cat-medicion-y-diagnostico","7":"product_shipping_class-pequeno","9":"first","10":"instock","11":"shipping-taxable","12":"purchasable","13":"product-type-simple"},"acf":[],"_links":{"self":[{"href":"https:\/\/deltamed.cl\/tienda\/wp-json\/wp\/v2\/product\/1673","targetHints":{"allow":["GET"]}}],"collection":[{"href":"https:\/\/deltamed.cl\/tienda\/wp-json\/wp\/v2\/product"}],"about":[{"href":"https:\/\/deltamed.cl\/tienda\/wp-json\/wp\/v2\/types\/product"}],"replies":[{"embeddable":true,"href":"https:\/\/deltamed.cl\/tienda\/wp-json\/wp\/v2\/comments?post=1673"}],"version-history":[{"count":2,"href":"https:\/\/deltamed.cl\/tienda\/wp-json\/wp\/v2\/product\/1673\/revisions"}],"predecessor-version":[{"id":13134,"href":"https:\/\/deltamed.cl\/tienda\/wp-json\/wp\/v2\/product\/1673\/revisions\/13134"}],"wp:featuredmedia":[{"embeddable":true,"href":"https:\/\/deltamed.cl\/tienda\/wp-json\/wp\/v2\/media\/1674"}],"wp:attachment":[{"href":"https:\/\/deltamed.cl\/tienda\/wp-json\/wp\/v2\/media?parent=1673"}],"wp:term":[{"taxonomy":"product_brand","embeddable":true,"href":"https:\/\/deltamed.cl\/tienda\/wp-json\/wp\/v2\/product_brand?post=1673"},{"taxonomy":"product_cat","embeddable":true,"href":"https:\/\/deltamed.cl\/tienda\/wp-json\/wp\/v2\/product_cat?post=1673"},{"taxonomy":"product_tag","embeddable":true,"href":"https:\/\/deltamed.cl\/tienda\/wp-json\/wp\/v2\/product_tag?post=1673"}],"curies":[{"name":"wp","href":"https:\/\/api.w.org\/{rel}","templated":true}]}}