{"id":1655,"date":"2021-06-14T17:45:11","date_gmt":"2021-06-14T20:45:11","guid":{"rendered":"https:\/\/deltamed.cl\/tienda\/?post_type=product&#038;p=1655"},"modified":"2026-02-27T07:16:05","modified_gmt":"2026-02-27T10:16:05","slug":"bomba-de-infusion-contec-sp750","status":"publish","type":"product","link":"https:\/\/deltamed.cl\/tienda\/producto\/bomba-de-infusion-contec-sp750\/","title":{"rendered":"Bomba de infusi\u00f3n Contec SP750"},"content":{"rendered":"<p>Bomba de infusi\u00f3n Contec SP750<\/p>\n<p>Bomba de infusi\u00f3n volum\u00e9trica con alta seguridad y larga vida \u00fatil.<br \/>\nEs f\u00e1cil de operar. Su control de flujo de alta precisi\u00f3n y medidas integrales de alarma garantizan la seguridad del paciente y un tratamiento satisfactorio. Est\u00e1 dise\u00f1ada para su uso en enfermer\u00eda cl\u00ednica donde se requiere una infusi\u00f3n precisa.<\/p>\n<p><strong>Medidas especiales de seguridad:<\/strong><br \/>\n&#8211; El sujetador del set IV evita el flujo libre de l\u00edquido si la puerta de la bomba se abre accidentalmente.<br \/>\n&#8211; El detector de burbujas de aire de alta precisi\u00f3n evita que las burbujas de aire pasen al cuerpo del paciente.<br \/>\n&#8211; El sensor de presi\u00f3n puede detectar bloqueos en la c\u00e1nula.<br \/>\n&#8211; Bloqueo de alta presi\u00f3n, el sistema A.B.S detiene la infusi\u00f3n de inmediato y elimina autom\u00e1ticamente la presi\u00f3n en el set IV, para evitar obstrucciones repentinas que podr\u00edan causar una alta dosis.<\/p>\n<p><b>Descripci\u00f3n<\/b><strong>:<\/strong><br \/>\n1. Entrega de fluido de alta precisi\u00f3n para lograr un efecto \u00f3ptimo de infusi\u00f3n.<br \/>\n2. Compatible con m\u00faltiples set IV est\u00e1ndar.<br \/>\n3. Pantalla LCD de 2.8 pulgadas.<br \/>\n4. El tiempo residual se puede mostrar durante la infusi\u00f3n.<br \/>\n5. Funci\u00f3n de recordatorios al iniciar la infusi\u00f3n.<br \/>\n6. Alarma para obstrucciones, burbujas de aire, puerta abierta y anomal\u00edas.<br \/>\n7. La alarma ajustable seg\u00fan el requerimiento del personal m\u00e9dico.<br \/>\n8. El sujetador del set IV evita que el l\u00edquido fluya libremente si la puerta de la bomba se abre accidentalmente.<br \/>\n9. El sistema A.B.S ANTI BOLUS evita obstrucciones repentinas que podr\u00edan causar infusi\u00f3n de alta dosis.<br \/>\n10. Se detiene autom\u00e1ticamente la infusi\u00f3n si se activan las alarmas<br \/>\n(omitiendo las alarmas de \u00ab\u00a1La infusi\u00f3n terminar\u00e1!\u00bb, \u00abKVO\u00bb y \u00abBater\u00eda baja\u00bb)<br \/>\n11. Se suministra energ\u00eda tanto mediante corriente alterna externa como mediante bater\u00eda de litio incorporada.<\/p>\n<div id=\"attachment_6979\" style=\"width: 310px\" class=\"wp-caption alignnone\"><img fetchpriority=\"high\" decoding=\"async\" aria-describedby=\"caption-attachment-6979\" class=\"size-medium wp-image-6979\" src=\"https:\/\/deltamed.cl\/tienda\/wp-content\/uploads\/2021\/06\/WhatsApp-Image-2023-12-13-at-11.13.36-300x300.jpeg\" alt=\"Bomba de infusi\u00f3n Contec SP750\" width=\"300\" height=\"300\" title=\"\" srcset=\"https:\/\/deltamed.cl\/tienda\/wp-content\/uploads\/2021\/06\/WhatsApp-Image-2023-12-13-at-11.13.36-300x300.jpeg 300w, https:\/\/deltamed.cl\/tienda\/wp-content\/uploads\/2021\/06\/WhatsApp-Image-2023-12-13-at-11.13.36-1024x1024.jpeg 1024w, https:\/\/deltamed.cl\/tienda\/wp-content\/uploads\/2021\/06\/WhatsApp-Image-2023-12-13-at-11.13.36-150x150.jpeg 150w, https:\/\/deltamed.cl\/tienda\/wp-content\/uploads\/2021\/06\/WhatsApp-Image-2023-12-13-at-11.13.36-768x768.jpeg 768w, https:\/\/deltamed.cl\/tienda\/wp-content\/uploads\/2021\/06\/WhatsApp-Image-2023-12-13-at-11.13.36-600x600.jpeg 600w, https:\/\/deltamed.cl\/tienda\/wp-content\/uploads\/2021\/06\/WhatsApp-Image-2023-12-13-at-11.13.36-100x100.jpeg 100w, https:\/\/deltamed.cl\/tienda\/wp-content\/uploads\/2021\/06\/WhatsApp-Image-2023-12-13-at-11.13.36.jpeg 1080w\" sizes=\"(max-width: 300px) 100vw, 300px\" \/><p id=\"caption-attachment-6979\" class=\"wp-caption-text\">Bomba de infusi\u00f3n Contec SP750<\/p><\/div>\n","protected":false},"excerpt":{"rendered":"<p>Bomba de infusi\u00f3n Contec SP750<\/p>\n<p>La Bomba de Infusi\u00f3n <strong>Contec SP750<\/strong> es un dispositivo volum\u00e9trico altamente seguro y duradero, f\u00e1cil de operar.<br \/>\nSu control de caudal preciso y alarma integrada garantizan la seguridad del paciente y la efectividad del tratamiento.<br \/>\nDise\u00f1ada para entornos cl\u00ednicos, esta bomba es ideal para infusiones precisas de fluidos, medicamentos o nutrientes en el sistema circulatorio del paciente, siendo vers\u00e1til para diferentes usos, como intravenosos, subcut\u00e1neos, arteriales y epidurales.<\/p>\n","protected":false},"featured_media":6979,"comment_status":"open","ping_status":"closed","template":"","meta":{"_acf_changed":false},"product_brand":[1100],"product_cat":[15,359],"product_tag":[599,463,601,460,459,600],"class_list":{"0":"post-1655","1":"product","2":"type-product","3":"status-publish","4":"has-post-thumbnail","6":"product_brand-contec","7":"product_cat-medicion-y-diagnostico","8":"product_cat-bomba-de-infusion","9":"product_tag-bajada","10":"product_tag-bomba-de-infusion-contec-sp750","11":"product_tag-bomba-de-infusion-parenteral","12":"product_tag-bomba-infusion","13":"product_tag-contec","14":"product_tag-iv","15":"product_shipping_class-pequeno","17":"first","18":"outofstock","19":"shipping-taxable","20":"purchasable","21":"product-type-simple"},"acf":[],"_links":{"self":[{"href":"https:\/\/deltamed.cl\/tienda\/wp-json\/wp\/v2\/product\/1655","targetHints":{"allow":["GET"]}}],"collection":[{"href":"https:\/\/deltamed.cl\/tienda\/wp-json\/wp\/v2\/product"}],"about":[{"href":"https:\/\/deltamed.cl\/tienda\/wp-json\/wp\/v2\/types\/product"}],"replies":[{"embeddable":true,"href":"https:\/\/deltamed.cl\/tienda\/wp-json\/wp\/v2\/comments?post=1655"}],"version-history":[{"count":4,"href":"https:\/\/deltamed.cl\/tienda\/wp-json\/wp\/v2\/product\/1655\/revisions"}],"predecessor-version":[{"id":13685,"href":"https:\/\/deltamed.cl\/tienda\/wp-json\/wp\/v2\/product\/1655\/revisions\/13685"}],"wp:featuredmedia":[{"embeddable":true,"href":"https:\/\/deltamed.cl\/tienda\/wp-json\/wp\/v2\/media\/6979"}],"wp:attachment":[{"href":"https:\/\/deltamed.cl\/tienda\/wp-json\/wp\/v2\/media?parent=1655"}],"wp:term":[{"taxonomy":"product_brand","embeddable":true,"href":"https:\/\/deltamed.cl\/tienda\/wp-json\/wp\/v2\/product_brand?post=1655"},{"taxonomy":"product_cat","embeddable":true,"href":"https:\/\/deltamed.cl\/tienda\/wp-json\/wp\/v2\/product_cat?post=1655"},{"taxonomy":"product_tag","embeddable":true,"href":"https:\/\/deltamed.cl\/tienda\/wp-json\/wp\/v2\/product_tag?post=1655"}],"curies":[{"name":"wp","href":"https:\/\/api.w.org\/{rel}","templated":true}]}}