{"id":164,"date":"2020-12-11T00:11:11","date_gmt":"2020-12-11T03:11:11","guid":{"rendered":"https:\/\/deltamed.cl\/tienda\/?post_type=product&#038;p=164"},"modified":"2026-02-27T13:52:28","modified_gmt":"2026-02-27T16:52:28","slug":"otoscopio-luz-xenon-directa-e-scope-riester","status":"publish","type":"product","link":"https:\/\/deltamed.cl\/tienda\/producto\/otoscopio-luz-xenon-directa-e-scope-riester\/","title":{"rendered":"Otoscopio luz xen\u00f3n directa E-scope Riester"},"content":{"rendered":"<p>Otoscopio luz xen\u00f3n directa E-scope Riester<\/p>\n<p>Este otoscopio es un instrumento dise\u00f1ado para la exploraci\u00f3n del conducto auditivo, proporcionando una iluminaci\u00f3n de xen\u00f3n 2,5 V que facilita una visualizaci\u00f3n clara y detallada.<\/p>\n<p><strong>Descripci\u00f3n:<\/strong><br \/>\n\u2022 Marca Riester.<br \/>\n\u2022 Modelo 2101<br \/>\n\u2022 Con iluminaci\u00f3n directa.<br \/>\n\u2022 Con l\u00e1mparas xen\u00f3n de 2.5V.<br \/>\n\u2022 Uso Cl\u00ednico \u2013 Hospitalario \u2013 Profesional y Estudiante de Salud.<br \/>\n\u2022 Disponible en blanco o negro<br \/>\n\u2022 Made in Germany.<br \/>\n\u25cf Incluye 10 esp\u00e9culos (5 de 2,5mm pedi\u00e1tricos y 5 de 4mm adultos)<\/p>\n<p><strong>Especificaciones t\u00e9cnicas:<\/strong><br \/>\n&#8211; Tipo de iluminaci\u00f3n: Directa con reflexi\u00f3n reducida.<br \/>\n&#8211; L\u00e1mpara: Xen\u00f3n 2,5 V \u2013 3.200 K.<br \/>\n&#8211; Lente con triple aumento, giratoria 360\u00b0.<br \/>\n&#8211; Di\u00e1metro del mango: 19 mil\u00edmetros.<\/p>\n<div id=\"attachment_809\" style=\"width: 310px\" class=\"wp-caption alignnone\"><img fetchpriority=\"high\" decoding=\"async\" aria-describedby=\"caption-attachment-809\" class=\"size-medium wp-image-809\" src=\"https:\/\/deltamed.cl\/tienda\/wp-content\/uploads\/2020\/12\/164-1-300x300.jpg\" alt=\"Otoscopio luz xen\u00f3n E scope riester\" width=\"300\" height=\"300\" title=\"\" srcset=\"https:\/\/deltamed.cl\/tienda\/wp-content\/uploads\/2020\/12\/164-1-300x300.jpg 300w, https:\/\/deltamed.cl\/tienda\/wp-content\/uploads\/2020\/12\/164-1-100x100.jpg 100w, https:\/\/deltamed.cl\/tienda\/wp-content\/uploads\/2020\/12\/164-1-150x150.jpg 150w, https:\/\/deltamed.cl\/tienda\/wp-content\/uploads\/2020\/12\/164-1.jpg 600w\" sizes=\"(max-width: 300px) 100vw, 300px\" \/><p id=\"caption-attachment-809\" class=\"wp-caption-text\">Otoscopio luz xen\u00f3n E scope riester<\/p><\/div>\n","protected":false},"excerpt":{"rendered":"<p>Otoscopio luz xen\u00f3n directa E-scope Riester<\/p>\n<p>Este otoscopio es un instrumento dise\u00f1ado para la exploraci\u00f3n del conducto auditivo, proporcionando una iluminaci\u00f3n de xen\u00f3n 2,5 V que facilita una visualizaci\u00f3n clara y detallada.<\/p>\n","protected":false},"featured_media":809,"comment_status":"open","ping_status":"closed","template":"","meta":{"_acf_changed":false},"product_brand":[1112],"product_cat":[15,355],"product_tag":[78,79],"class_list":{"0":"post-164","1":"product","2":"type-product","3":"status-publish","4":"has-post-thumbnail","6":"product_brand-riester","7":"product_cat-medicion-y-diagnostico","8":"product_cat-otoscopio-oftalmoscopio","9":"product_tag-otoscopio","10":"product_tag-riester","11":"product_shipping_class-pequeno","13":"first","14":"instock","15":"shipping-taxable","16":"purchasable","17":"product-type-variable"},"acf":[],"_links":{"self":[{"href":"https:\/\/deltamed.cl\/tienda\/wp-json\/wp\/v2\/product\/164","targetHints":{"allow":["GET"]}}],"collection":[{"href":"https:\/\/deltamed.cl\/tienda\/wp-json\/wp\/v2\/product"}],"about":[{"href":"https:\/\/deltamed.cl\/tienda\/wp-json\/wp\/v2\/types\/product"}],"replies":[{"embeddable":true,"href":"https:\/\/deltamed.cl\/tienda\/wp-json\/wp\/v2\/comments?post=164"}],"version-history":[{"count":5,"href":"https:\/\/deltamed.cl\/tienda\/wp-json\/wp\/v2\/product\/164\/revisions"}],"predecessor-version":[{"id":12452,"href":"https:\/\/deltamed.cl\/tienda\/wp-json\/wp\/v2\/product\/164\/revisions\/12452"}],"wp:featuredmedia":[{"embeddable":true,"href":"https:\/\/deltamed.cl\/tienda\/wp-json\/wp\/v2\/media\/809"}],"wp:attachment":[{"href":"https:\/\/deltamed.cl\/tienda\/wp-json\/wp\/v2\/media?parent=164"}],"wp:term":[{"taxonomy":"product_brand","embeddable":true,"href":"https:\/\/deltamed.cl\/tienda\/wp-json\/wp\/v2\/product_brand?post=164"},{"taxonomy":"product_cat","embeddable":true,"href":"https:\/\/deltamed.cl\/tienda\/wp-json\/wp\/v2\/product_cat?post=164"},{"taxonomy":"product_tag","embeddable":true,"href":"https:\/\/deltamed.cl\/tienda\/wp-json\/wp\/v2\/product_tag?post=164"}],"curies":[{"name":"wp","href":"https:\/\/api.w.org\/{rel}","templated":true}]}}