{"id":162,"date":"2020-12-11T00:08:34","date_gmt":"2020-12-11T03:08:34","guid":{"rendered":"https:\/\/deltamed.cl\/tienda\/?post_type=product&#038;p=162"},"modified":"2026-02-27T13:30:24","modified_gmt":"2026-02-27T16:30:24","slug":"tens-7000-2da-edicion","status":"publish","type":"product","link":"https:\/\/deltamed.cl\/tienda\/producto\/tens-7000-2da-edicion\/","title":{"rendered":"Tens 7000 2da edici\u00f3n"},"content":{"rendered":"<p>Tens 7000 2da edici\u00f3n<\/p>\n<p>Tens 7000, modelo AGF-3E.<\/p>\n<p>Aparato p\u00f3rtatil Digital que alivia el dolor, las ondas el\u00e9ctricas leves se entregan usando la tecnolog\u00eda anal\u00f3gica para proporcionar una se\u00f1al de alta calidad a trav\u00e9s de los eletr\u00f3dos.<\/p>\n<p>\u2022 Canales aislados permite el ajuste independiente de cada una de las se\u00f1ales anal\u00f3gicas.<br \/>\n\u2022 Permite regular las frecuencias de las se\u00f1ales en 7 diferentes niveles desde 30-80-120-150-180-220 y 260 us.<br \/>\n\u2022 Permite regular las frecuencias de las se\u00f1ales en 7 diferentes niveles desde 2-4-10-20-70-120 y 150 hz la intensidad de las se\u00f1ales se grad\u00faa en forma independiente por medio de las perillas de cada canal.<br \/>\n\u2022 Canales: dobles, aislado entre canales, tama\u00f1o:24 x 63 x 95 mm, amplitud del pulso: de 0 a 80 mA (carga de 500 ohm), frecuencia de pulso: de 2 a 150 hz, ancho del pulso: de 40 a 250, voltaje de: 0 a 34 V, bateria de 9 volts (vida \u00fatil 70 hrs, alcalina).<br \/>\n\u2022 Incluye, estuche de transporte, manual, electrodos y bater\u00eda.<br \/>\n\u2022 Producto Certificado, procedencia USA.<\/p>\n","protected":false},"excerpt":{"rendered":"<p>Tens 7000 2da edici\u00f3n<\/p>\n<p>Tens 7000, modelo AGF-3E.<\/p>\n<p>Aparato p\u00f3rtatil Digital que alivia el dolor, las ondas el\u00e9ctricas leves se entregan usando la tecnolog\u00eda anal\u00f3gica para proporcionar una se\u00f1al de alta calidad a trav\u00e9s de los eletr\u00f3dos.<\/p>\n","protected":false},"featured_media":163,"comment_status":"open","ping_status":"closed","template":"","meta":{"_acf_changed":false},"product_brand":[],"product_cat":[37,385],"product_tag":[76],"class_list":{"0":"post-162","1":"product","2":"type-product","3":"status-publish","4":"has-post-thumbnail","6":"product_cat-kinesiologia","7":"product_cat-tens","8":"product_tag-tens","9":"product_shipping_class-extra-pequeno","11":"first","12":"instock","13":"shipping-taxable","14":"purchasable","15":"product-type-simple"},"acf":[],"_links":{"self":[{"href":"https:\/\/deltamed.cl\/tienda\/wp-json\/wp\/v2\/product\/162","targetHints":{"allow":["GET"]}}],"collection":[{"href":"https:\/\/deltamed.cl\/tienda\/wp-json\/wp\/v2\/product"}],"about":[{"href":"https:\/\/deltamed.cl\/tienda\/wp-json\/wp\/v2\/types\/product"}],"replies":[{"embeddable":true,"href":"https:\/\/deltamed.cl\/tienda\/wp-json\/wp\/v2\/comments?post=162"}],"version-history":[{"count":2,"href":"https:\/\/deltamed.cl\/tienda\/wp-json\/wp\/v2\/product\/162\/revisions"}],"predecessor-version":[{"id":8887,"href":"https:\/\/deltamed.cl\/tienda\/wp-json\/wp\/v2\/product\/162\/revisions\/8887"}],"wp:featuredmedia":[{"embeddable":true,"href":"https:\/\/deltamed.cl\/tienda\/wp-json\/wp\/v2\/media\/163"}],"wp:attachment":[{"href":"https:\/\/deltamed.cl\/tienda\/wp-json\/wp\/v2\/media?parent=162"}],"wp:term":[{"taxonomy":"product_brand","embeddable":true,"href":"https:\/\/deltamed.cl\/tienda\/wp-json\/wp\/v2\/product_brand?post=162"},{"taxonomy":"product_cat","embeddable":true,"href":"https:\/\/deltamed.cl\/tienda\/wp-json\/wp\/v2\/product_cat?post=162"},{"taxonomy":"product_tag","embeddable":true,"href":"https:\/\/deltamed.cl\/tienda\/wp-json\/wp\/v2\/product_tag?post=162"}],"curies":[{"name":"wp","href":"https:\/\/api.w.org\/{rel}","templated":true}]}}