{"id":16100,"date":"2023-04-12T20:18:32","date_gmt":"2023-04-12T23:18:32","guid":{"rendered":"https:\/\/deltamed.cl\/tienda\/producto\/silla-de-ducha-berlin\/"},"modified":"2026-02-27T13:52:44","modified_gmt":"2026-02-27T16:52:44","slug":"silla-de-ducha-berlin","status":"publish","type":"product","link":"https:\/\/deltamed.cl\/tienda\/producto\/silla-de-ducha-berlin\/","title":{"rendered":"Silla de ducha berl\u00edn"},"content":{"rendered":"<p>Silla De Ducha Berl\u00edn<\/p>\n<p>La silla de ba\u00f1o con ruedas Berl\u00edn est\u00e1 dise\u00f1ada para ofrecer comodidad y seguridad tanto en el ba\u00f1o como en el WC. Su asiento ergon\u00f3mico con escotadura y acolchado proporciona un ajuste c\u00f3modo, mientras que las formas redondeadas ayudan a prevenir lesiones. El respaldo contorneado y los reposabrazos integrados, abatibles para facilitar las transferencias, ofrecen soporte adicional. El asiento de forma de herradura incluye un coj\u00edn blando y cuenta con una apertura inferior para facilitar la higiene \u00edntima. Los reposapi\u00e9s son ajustables en altura y f\u00e1cilmente desmontables. Fabricada con materiales de alta durabilidad, la silla es resistente a rayaduras, f\u00e1cil de limpiar y desinfectar.<\/p>\n<p>Caracter\u00edsticas:<\/p>\n<div class=\"woocommerce-tabs wc-tabs-wrapper\">\n<div id=\"tab-description\" class=\"woocommerce-Tabs-panel woocommerce-Tabs-panel--description panel entry-content wc-tab\" role=\"tabpanel\" aria-labelledby=\"tab-title-description\">\n<ul>\n<li>Respaldo ergon\u00f3mico con empu\u00f1adura integrada.<\/li>\n<li>Reposabrazos basculante, que permiten una f\u00e1cil transferencia lateral.<\/li>\n<li>Asiento de inodoro tapizado suave con apertura para el aseo personal (con escotadura)<\/li>\n<li>Dispositivo de cubo extra\u00edble<\/li>\n<li>Soporte de pie regulable en altura, basculante y desmontable.<\/li>\n<li>4 ruedas giratorias de 5 pulgadas, con freno de estacionamiento en ruedas traseras \/ direcci\u00f3n<\/li>\n<li>Soporta hasta 130 kg<\/li>\n<\/ul>\n<p>Ficha T\u00e9cnica:<\/p>\n<ul>\n<li>Profundidad: 87 cm<\/li>\n<li>Ancho: 56 cm<\/li>\n<li>Profundidad del asiento: 45 cm<\/li>\n<li>Altura del asiento: 55 cm<\/li>\n<li>Ancho del asiento: 46 cm<\/li>\n<li>Peso: 15,9 kg<\/li>\n<li>Altura del inodoro con dispositivo de cubo: 43 cm<\/li>\n<li>Altura del inodoro sin dispositivo de cubo: 47 cm<\/li>\n<li>Peso m\u00e1ximo: 130 kg<\/li>\n<\/ul>\n<p>*Imagen referencial<\/p>\n<\/div>\n<\/div>\n","protected":false},"excerpt":{"rendered":"<p>Silla De Ducha Berl\u00edn<\/p>\n<p>La silla de ba\u00f1o con ruedas Berl\u00edn est\u00e1 dise\u00f1ada para ofrecer comodidad y seguridad tanto en el ba\u00f1o como en el WC. Su asiento ergon\u00f3mico con escotadura y acolchado proporciona un ajuste c\u00f3modo, mientras que las formas redondeadas ayudan a prevenir lesiones. El respaldo contorneado y los reposabrazos integrados, abatibles para facilitar las transferencias, ofrecen soporte adicional. El asiento de forma de herradura incluye un coj\u00edn blando y cuenta con una apertura inferior para facilitar la higiene \u00edntima. Los reposapi\u00e9s son ajustables en altura y f\u00e1cilmente desmontables. Fabricada con materiales de alta durabilidad, la silla es resistente a rayaduras, f\u00e1cil de limpiar y desinfectar.<\/p>\n<p>*Imagen referencial<\/p>\n","protected":false},"featured_media":16101,"comment_status":"open","ping_status":"closed","template":"","meta":{"_acf_changed":false},"product_brand":[1086],"product_cat":[1030,1031,1032],"product_tag":[26,950],"class_list":{"0":"post-16100","1":"product","2":"type-product","3":"status-publish","4":"has-post-thumbnail","6":"product_brand-lifante","7":"product_cat-ayudas-diarias","8":"product_cat-bano","9":"product_cat-sillas-bano","10":"product_tag-bano","11":"product_tag-lifante","12":"pa_ayudas-diarias-bano","13":"pa_marca-ayudas-diarias-rebotec","15":"first","16":"outofstock","17":"shipping-taxable","18":"purchasable","19":"product-type-simple"},"acf":[],"_links":{"self":[{"href":"https:\/\/deltamed.cl\/tienda\/wp-json\/wp\/v2\/product\/16100","targetHints":{"allow":["GET"]}}],"collection":[{"href":"https:\/\/deltamed.cl\/tienda\/wp-json\/wp\/v2\/product"}],"about":[{"href":"https:\/\/deltamed.cl\/tienda\/wp-json\/wp\/v2\/types\/product"}],"replies":[{"embeddable":true,"href":"https:\/\/deltamed.cl\/tienda\/wp-json\/wp\/v2\/comments?post=16100"}],"version-history":[{"count":6,"href":"https:\/\/deltamed.cl\/tienda\/wp-json\/wp\/v2\/product\/16100\/revisions"}],"predecessor-version":[{"id":17398,"href":"https:\/\/deltamed.cl\/tienda\/wp-json\/wp\/v2\/product\/16100\/revisions\/17398"}],"wp:featuredmedia":[{"embeddable":true,"href":"https:\/\/deltamed.cl\/tienda\/wp-json\/wp\/v2\/media\/16101"}],"wp:attachment":[{"href":"https:\/\/deltamed.cl\/tienda\/wp-json\/wp\/v2\/media?parent=16100"}],"wp:term":[{"taxonomy":"product_brand","embeddable":true,"href":"https:\/\/deltamed.cl\/tienda\/wp-json\/wp\/v2\/product_brand?post=16100"},{"taxonomy":"product_cat","embeddable":true,"href":"https:\/\/deltamed.cl\/tienda\/wp-json\/wp\/v2\/product_cat?post=16100"},{"taxonomy":"product_tag","embeddable":true,"href":"https:\/\/deltamed.cl\/tienda\/wp-json\/wp\/v2\/product_tag?post=16100"}],"curies":[{"name":"wp","href":"https:\/\/api.w.org\/{rel}","templated":true}]}}