{"id":16062,"date":"2023-04-12T19:51:18","date_gmt":"2023-04-12T22:51:18","guid":{"rendered":"https:\/\/deltamed.cl\/tienda\/producto\/baston-codera-fija-dos-regulaciones\/"},"modified":"2026-02-27T13:52:44","modified_gmt":"2026-02-27T16:52:44","slug":"baston-codera-fija-dos-regulaciones","status":"publish","type":"product","link":"https:\/\/deltamed.cl\/tienda\/producto\/baston-codera-fija-dos-regulaciones\/","title":{"rendered":"Bast\u00f3n Codera Fija Dos Regulaciones cf6"},"content":{"rendered":"<p>Bast\u00f3n Codera Fija Dos Regulaciones cf6<\/p>\n<p><b>USO:\u00a0\u00a0<\/b><\/p>\n<p><span style=\"font-weight: 400\">El bast\u00f3n canadiense de codera fija es una opci\u00f3n para mejorar la locomoci\u00f3n y movilizaci\u00f3n de las personas. Este funciona brindando apoyo y soporte complementario al cuerpo mientras la persona camina. Suele utilizarse cuando el cuerpo no logra tener sost\u00e9n y necesita un suplemento terap\u00e9utico.<\/span><b>\u00a0<\/b><\/p>\n<p><b>CARACTERISTICAS:<\/b><\/p>\n<ul>\n<li style=\"font-weight: 400\"><span style=\"font-weight: 400\">Estructura tubular en aluminio anodizado de alta resistencia.<\/span><\/li>\n<li style=\"font-weight: 400\"><span style=\"font-weight: 400\">Regat\u00f3n fabricado en goma y caucho antideslizante de 4.5 cms en la base, contiene en el interior una placa que reduce el ruido.<\/span><\/li>\n<li style=\"font-weight: 400\"><span style=\"font-weight: 400\">Codera fija fabricada en Nylon, resina de alta resistencia. Aro de codera de 22 cms. \u00e1ngulo de inclinaci\u00f3n de 25\u00b0 a 30\u00b0.<\/span><\/li>\n<li style=\"font-weight: 400\"><span style=\"font-weight: 400\">Debido a su gran capacidad de regulaci\u00f3n puede ser usado por personas de estatura peque\u00f1a,\u00a0<\/span><\/li>\n<\/ul>\n<p><span style=\"font-weight: 400\">mediana y alta.\u00a0 Empu\u00f1adora a codo y empu\u00f1adora a suelo.<\/span><\/p>\n<ul>\n<li style=\"font-weight: 400\"><span style=\"font-weight: 400\">Empu\u00f1adura de goma anat\u00f3mica fija, con tope anterior de 3 cms. de di\u00e1metro.<\/span><\/li>\n<li style=\"font-weight: 400\"><span style=\"font-weight: 400\">Manipulable sin herramientas.<\/span><\/li>\n<li style=\"font-weight: 400\"><span style=\"font-weight: 400\">Seguros para cada una de los rangos de regulaci\u00f3n.<\/span><\/li>\n<\/ul>\n<p><b>ESPECIFICACIONES T\u00c9CNICAS:<\/b><\/p>\n<ul>\n<li style=\"font-weight: 400\"><span style=\"font-weight: 400\">Tubo principal de 2.5 cms. de ancho y espesor es de 1.5 mm.<\/span><\/li>\n<li style=\"font-weight: 400\"><span style=\"font-weight: 400\">Resiste como peso de usuario 100 kgs con posibilidad de refuerzo hasta 125 kgs.<\/span><\/li>\n<li style=\"font-weight: 400\"><span style=\"font-weight: 400\">Regulaci\u00f3n superior, con posibilidad de 5 niveles de 2,5cm c\/u, rango en cms de 18 a 28 cms.<\/span><\/li>\n<li style=\"font-weight: 400\"><span style=\"font-weight: 400\">Regulaci\u00f3n inferior, con posibilidad de 10 niveles de 2,5cm c\/u, rango entre 68 a 90 cms.<\/span><\/li>\n<\/ul>\n<p>&nbsp;<\/p>\n","protected":false},"excerpt":{"rendered":"<p>Bast\u00f3n Codera Fija Dos Regulaciones cf6<\/p>\n<p>El bast\u00f3n canadiense de codera fija es una opci\u00f3n para mejorar la locomoci\u00f3n y movilizaci\u00f3n de las personas. Este funciona brindando apoyo y soporte complementario al cuerpo mientras la persona camina.<\/p>\n","protected":false},"featured_media":17577,"comment_status":"open","ping_status":"closed","template":"","meta":{"_acf_changed":false},"product_brand":[1086],"product_cat":[23,368,34],"product_tag":[950],"class_list":{"0":"post-16062","1":"product","2":"type-product","3":"status-publish","4":"has-post-thumbnail","6":"product_brand-lifante","7":"product_cat-ayudas-tecnicas-de-bano","8":"product_cat-bastones","9":"product_cat-movilidad","10":"product_tag-lifante","11":"product_shipping_class-pequeno","12":"pa_marcas-mobilidad-orthos-xxi","13":"pa_movilidad-bastones","15":"first","16":"instock","17":"shipping-taxable","18":"purchasable","19":"product-type-simple"},"acf":[],"_links":{"self":[{"href":"https:\/\/deltamed.cl\/tienda\/wp-json\/wp\/v2\/product\/16062","targetHints":{"allow":["GET"]}}],"collection":[{"href":"https:\/\/deltamed.cl\/tienda\/wp-json\/wp\/v2\/product"}],"about":[{"href":"https:\/\/deltamed.cl\/tienda\/wp-json\/wp\/v2\/types\/product"}],"replies":[{"embeddable":true,"href":"https:\/\/deltamed.cl\/tienda\/wp-json\/wp\/v2\/comments?post=16062"}],"version-history":[{"count":4,"href":"https:\/\/deltamed.cl\/tienda\/wp-json\/wp\/v2\/product\/16062\/revisions"}],"predecessor-version":[{"id":17704,"href":"https:\/\/deltamed.cl\/tienda\/wp-json\/wp\/v2\/product\/16062\/revisions\/17704"}],"wp:featuredmedia":[{"embeddable":true,"href":"https:\/\/deltamed.cl\/tienda\/wp-json\/wp\/v2\/media\/17577"}],"wp:attachment":[{"href":"https:\/\/deltamed.cl\/tienda\/wp-json\/wp\/v2\/media?parent=16062"}],"wp:term":[{"taxonomy":"product_brand","embeddable":true,"href":"https:\/\/deltamed.cl\/tienda\/wp-json\/wp\/v2\/product_brand?post=16062"},{"taxonomy":"product_cat","embeddable":true,"href":"https:\/\/deltamed.cl\/tienda\/wp-json\/wp\/v2\/product_cat?post=16062"},{"taxonomy":"product_tag","embeddable":true,"href":"https:\/\/deltamed.cl\/tienda\/wp-json\/wp\/v2\/product_tag?post=16062"}],"curies":[{"name":"wp","href":"https:\/\/api.w.org\/{rel}","templated":true}]}}