{"id":16058,"date":"2023-04-12T19:50:38","date_gmt":"2023-04-12T22:50:38","guid":{"rendered":"https:\/\/deltamed.cl\/tienda\/producto\/baston-codera-fija-1-regulacion\/"},"modified":"2026-02-27T13:52:43","modified_gmt":"2026-02-27T16:52:43","slug":"baston-codera-fija-1-regulacion","status":"publish","type":"product","link":"https:\/\/deltamed.cl\/tienda\/producto\/baston-codera-fija-1-regulacion\/","title":{"rendered":"Bast\u00f3n Codera M\u00f3vil 1 regulaci\u00f3n cm8"},"content":{"rendered":"<p>Bast\u00f3n Codera M\u00f3vil 1 regulaci\u00f3n cm8<\/p>\n<p>USO:<br \/>\nEl bast\u00f3n canadiense de codera m\u00f3vil es una opci\u00f3n para mejorar la locomoci\u00f3n y movilizaci\u00f3n de las personas.<br \/>\nEste funciona brindando apoyo y soporte complementario al cuerpo mientras la persona camina. Suele utilizarse<br \/>\ncuando el cuerpo no logra tener sost\u00e9n y necesita un suplemento terap\u00e9utico.<\/p>\n<p>CARACTERISTICAS:<br \/>\n\u2022 Estructura tubular en aluminio anodizado de alta resistencia.<br \/>\n\u2022 Regat\u00f3n fabricado en goma y caucho antideslizante de 4.5 cms en la base, contiene en el interior una<br \/>\nplaca que reduce el ruido.<br \/>\n\u2022 Incluye regat\u00f3n de repuesto<br \/>\n\u2022 Codera m\u00f3vil fabricada en Nylon, resina de alta resistencia. Aro de codera de 22 cms. \u00e1ngulo de<br \/>\ninclinaci\u00f3n de 25\u00b0 a 30\u00b0.<br \/>\n\u2022 Debido a su gran capacidad de regulaci\u00f3n puede ser usado por personas de estatura peque\u00f1a,<br \/>\nmediana y alta. Empu\u00f1adora a codo y empu\u00f1adora a suelo.<br \/>\n\u2022 Empu\u00f1adura de goma anat\u00f3mica fija, con tope anterior de 3 cms. de di\u00e1metro.<br \/>\n\u2022 Manipulable sin herramientas.<br \/>\n\u2022 Seguros para cada una de los rangos de regulaci\u00f3n.<br \/>\nESPECIFICACIONES T\u00c9CNICAS:<br \/>\n\u2022 Tubo principal de 2.5 cms. de ancho y espesor es de 1.5 mm.<br \/>\n\u2022 Estructura superior fija, sin regulaciones.<\/p>\n<p>MEDIDAS DE BAST\u00d3N: MODELO CM8<br \/>\nAltura m\u00ednima del suelo a la empu\u00f1adura 69 cm<br \/>\nAltura m\u00e1xima del suelo a la empu\u00f1adura 94 cm<br \/>\nPosiciones de regulaci\u00f3n superior Sin regulaci\u00f3n superior<br \/>\nAltura m\u00e1xima del suelo al tope 116,5 cm<br \/>\nAltura m\u00ednima del suelo al tope? 90,5 cm<br \/>\nAltura m\u00e1xima de la empu\u00f1adura al tope 23,5 cm<br \/>\nAltura m\u00ednima de la empu\u00f1adura al tope 23,5 cm<br \/>\nPosiciones de regulaci\u00f3n inferior 11 posiciones<br \/>\nPeso m\u00e1ximo que resiste 100 kg<\/p>\n","protected":false},"excerpt":{"rendered":"<p>Bast\u00f3n Codera Fija 1 Regulaci\u00f3n<\/p>\n<p>El bast\u00f3n canadiense de codera fija es una opci\u00f3n para mejorar la locomoci\u00f3n y movilizaci\u00f3n de las personas. Este funciona brindando apoyo y soporte complementario al cuerpo mientras la persona camina.<\/p>\n","protected":false},"featured_media":17580,"comment_status":"open","ping_status":"closed","template":"","meta":{"_acf_changed":false},"product_brand":[1086],"product_cat":[23,368,34],"product_tag":[950],"class_list":{"0":"post-16058","1":"product","2":"type-product","3":"status-publish","4":"has-post-thumbnail","6":"product_brand-lifante","7":"product_cat-ayudas-tecnicas-de-bano","8":"product_cat-bastones","9":"product_cat-movilidad","10":"product_tag-lifante","11":"product_shipping_class-pequeno","12":"pa_marcas-mobilidad-orthos-xxi","13":"pa_movilidad-bastones","15":"first","16":"instock","17":"shipping-taxable","18":"purchasable","19":"product-type-simple"},"acf":[],"_links":{"self":[{"href":"https:\/\/deltamed.cl\/tienda\/wp-json\/wp\/v2\/product\/16058","targetHints":{"allow":["GET"]}}],"collection":[{"href":"https:\/\/deltamed.cl\/tienda\/wp-json\/wp\/v2\/product"}],"about":[{"href":"https:\/\/deltamed.cl\/tienda\/wp-json\/wp\/v2\/types\/product"}],"replies":[{"embeddable":true,"href":"https:\/\/deltamed.cl\/tienda\/wp-json\/wp\/v2\/comments?post=16058"}],"version-history":[{"count":6,"href":"https:\/\/deltamed.cl\/tienda\/wp-json\/wp\/v2\/product\/16058\/revisions"}],"predecessor-version":[{"id":17657,"href":"https:\/\/deltamed.cl\/tienda\/wp-json\/wp\/v2\/product\/16058\/revisions\/17657"}],"wp:featuredmedia":[{"embeddable":true,"href":"https:\/\/deltamed.cl\/tienda\/wp-json\/wp\/v2\/media\/17580"}],"wp:attachment":[{"href":"https:\/\/deltamed.cl\/tienda\/wp-json\/wp\/v2\/media?parent=16058"}],"wp:term":[{"taxonomy":"product_brand","embeddable":true,"href":"https:\/\/deltamed.cl\/tienda\/wp-json\/wp\/v2\/product_brand?post=16058"},{"taxonomy":"product_cat","embeddable":true,"href":"https:\/\/deltamed.cl\/tienda\/wp-json\/wp\/v2\/product_cat?post=16058"},{"taxonomy":"product_tag","embeddable":true,"href":"https:\/\/deltamed.cl\/tienda\/wp-json\/wp\/v2\/product_tag?post=16058"}],"curies":[{"name":"wp","href":"https:\/\/api.w.org\/{rel}","templated":true}]}}