{"id":16038,"date":"2023-03-29T21:35:24","date_gmt":"2023-03-30T00:35:24","guid":{"rendered":"https:\/\/deltamed.cl\/tienda\/producto\/andador-con-dos-ruedas-y-asiento\/"},"modified":"2026-02-27T13:52:42","modified_gmt":"2026-02-27T16:52:42","slug":"andador-con-dos-ruedas-y-asiento","status":"publish","type":"product","link":"https:\/\/deltamed.cl\/tienda\/producto\/andador-con-dos-ruedas-y-asiento\/","title":{"rendered":"Andador con dos ruedas y asiento"},"content":{"rendered":"<p>Andador con dos ruedas y asiento<\/p>\n<p>Andador plegable y articulado, ideal para usuarios con movilidad reducida que necesiten un soporte para desplazarse. Fabricado en aluminio y regulable de altura. Es una opci\u00f3n para mejorar la locomoci\u00f3n y movilizaci\u00f3n de las personas. Este funciona brindando apoyo y soporte complementario al cuerpo mientras la persona camina. Suele utilizarse cuando el cuerpo no logra tener sost\u00e9n y necesita un suplemento terap\u00e9utico.<\/p>\n<p><strong>Caracter\u00edsticas:<\/strong><br \/>\nEstructura tubular de 3 cms de di\u00e1metro en aluminio anodizado de alta resistencia.<br \/>\nBarra de frontal superior<br \/>\nArticulado y plegable.<br \/>\nAsiento acolchado y abatible.<br \/>\nRegulable en altura.<br \/>\nEmpu\u00f1aduras de goma, ergon\u00f3micas y antideslizantes para dar mayor seguridad en el agarre.<br \/>\nDos regatones (tacos) de goma dura antideslizantes con placa de metal en su interior en los puntos de apoyo.<br \/>\nIncluye 2 regatones de repuesto<br \/>\nManipulable sin herramientas para su correcto uso y funcionamiento.<br \/>\nsistema de plegado con bot\u00f3n de seguridad.<\/p>\n","protected":false},"excerpt":{"rendered":"<p class=\"\" data-start=\"0\" data-end=\"35\">Andador con dos ruedas y asiento<\/p>\n<p class=\"\" data-start=\"37\" data-end=\"454\">Ideal para usuarios con movilidad reducida, brinda soporte y estabilidad al caminar. Fabricado en aluminio anodizado de alta resistencia (3 cm de di\u00e1metro), cuenta con barra frontal, asiento abatible acolchado, altura regulable y empu\u00f1aduras ergon\u00f3micas antideslizantes. Incluye dos regatones de goma dura con placa met\u00e1lica y dos de repuesto. Su sistema de plegado con bot\u00f3n permite un uso pr\u00e1ctico sin herramientas.<\/p>\n","protected":false},"featured_media":16039,"comment_status":"open","ping_status":"closed","template":"","meta":{"_acf_changed":false},"product_brand":[1086],"product_cat":[23,1144,365],"product_tag":[950],"class_list":{"0":"post-16038","1":"product","2":"type-product","3":"status-publish","4":"has-post-thumbnail","6":"product_brand-lifante","7":"product_cat-ayudas-tecnicas-de-bano","8":"product_cat-lifante","9":"product_cat-andadores","10":"product_tag-lifante","11":"product_shipping_class-mediano","12":"pa_marcas-mobilidad-caremax","13":"pa_movilidad-andador","14":"fb_product_set-lifante","16":"first","17":"instock","18":"shipping-taxable","19":"purchasable","20":"product-type-simple"},"acf":[],"_links":{"self":[{"href":"https:\/\/deltamed.cl\/tienda\/wp-json\/wp\/v2\/product\/16038","targetHints":{"allow":["GET"]}}],"collection":[{"href":"https:\/\/deltamed.cl\/tienda\/wp-json\/wp\/v2\/product"}],"about":[{"href":"https:\/\/deltamed.cl\/tienda\/wp-json\/wp\/v2\/types\/product"}],"replies":[{"embeddable":true,"href":"https:\/\/deltamed.cl\/tienda\/wp-json\/wp\/v2\/comments?post=16038"}],"version-history":[{"count":12,"href":"https:\/\/deltamed.cl\/tienda\/wp-json\/wp\/v2\/product\/16038\/revisions"}],"predecessor-version":[{"id":17504,"href":"https:\/\/deltamed.cl\/tienda\/wp-json\/wp\/v2\/product\/16038\/revisions\/17504"}],"wp:featuredmedia":[{"embeddable":true,"href":"https:\/\/deltamed.cl\/tienda\/wp-json\/wp\/v2\/media\/16039"}],"wp:attachment":[{"href":"https:\/\/deltamed.cl\/tienda\/wp-json\/wp\/v2\/media?parent=16038"}],"wp:term":[{"taxonomy":"product_brand","embeddable":true,"href":"https:\/\/deltamed.cl\/tienda\/wp-json\/wp\/v2\/product_brand?post=16038"},{"taxonomy":"product_cat","embeddable":true,"href":"https:\/\/deltamed.cl\/tienda\/wp-json\/wp\/v2\/product_cat?post=16038"},{"taxonomy":"product_tag","embeddable":true,"href":"https:\/\/deltamed.cl\/tienda\/wp-json\/wp\/v2\/product_tag?post=16038"}],"curies":[{"name":"wp","href":"https:\/\/api.w.org\/{rel}","templated":true}]}}