{"id":16002,"date":"2023-01-31T22:18:39","date_gmt":"2023-02-01T01:18:39","guid":{"rendered":"https:\/\/deltamed.cl\/tienda\/producto\/cama-clinica-burmeier-westfalia-iv\/"},"modified":"2026-02-27T07:16:58","modified_gmt":"2026-02-27T10:16:58","slug":"cama-clinica-burmeier-westfalia-iv","status":"publish","type":"product","link":"https:\/\/deltamed.cl\/tienda\/producto\/cama-clinica-burmeier-westfalia-iv\/","title":{"rendered":"Cama cl\u00ednica burmeier westfalia"},"content":{"rendered":"<p>Cama Cl\u00ednica Burmeier Westfalia Iv<\/p>\n<p data-start=\"125\" data-end=\"385\">La cama de atenci\u00f3n domiciliaria m\u00e1s cl\u00e1sica y preferida por muchas instituciones debido a su durabilidad, robustez y altas prestaciones. Dise\u00f1ada para ofrecer m\u00e1ximo confort y seguridad, cuenta con una estructura resistente y totalmente electr\u00f3nica.<\/p>\n<p data-start=\"387\" data-end=\"422\">Dimensiones y Regulaci\u00f3n<\/p>\n<ul data-start=\"423\" data-end=\"579\">\n<li data-start=\"423\" data-end=\"455\">Medidas: 90 cm x 200 cm.<\/li>\n<li data-start=\"456\" data-end=\"503\">Regulaci\u00f3n de altura: de 40 cm a 80 cm.<\/li>\n<li data-start=\"504\" data-end=\"579\">Somier de 4 planos articulados electr\u00f3nicamente para mayor confort.<\/li>\n<li data-start=\"629\" data-end=\"702\">Fabricada con materiales de alta calidad sin comprometer la econom\u00eda.<\/li>\n<li data-start=\"703\" data-end=\"763\">Excepcional relaci\u00f3n calidad-precio en su categor\u00eda.<\/li>\n<\/ul>\n<p data-start=\"765\" data-end=\"795\">Confort y Ergonom\u00eda<\/p>\n<ul data-start=\"796\" data-end=\"1019\">\n<li data-start=\"796\" data-end=\"853\">Lamas de madera para mayor comodidad del usuario.<\/li>\n<li data-start=\"854\" data-end=\"1019\">Regulaci\u00f3n electr\u00f3nica de altura que permite al cuidador trabajar en las mejores condiciones, reduciendo riesgos de dolores de espalda y bajas laborales.<\/li>\n<\/ul>\n<p data-start=\"1021\" data-end=\"1053\">Calidad y Durabilidad<\/p>\n<ul data-start=\"1054\" data-end=\"1206\">\n<li data-start=\"1054\" data-end=\"1115\">Construcci\u00f3n robusta y s\u00f3lida, fabricada en Alemania.<\/li>\n<li data-start=\"1116\" data-end=\"1206\">Dise\u00f1ada para uso intensivo, asegurando larga vida \u00fatil y f\u00e1cil mantenimiento.<\/li>\n<\/ul>\n<p data-start=\"1208\" data-end=\"1239\">Prevenci\u00f3n de Ca\u00eddas<\/p>\n<ul data-start=\"1240\" data-end=\"1410\">\n<li data-start=\"1240\" data-end=\"1295\">Altura de barandillas de aproximadamente 38 cm.<\/li>\n<li data-start=\"1296\" data-end=\"1410\">Compatible con colchones y sistemas anti escaras de hasta 16 cm, sin necesidad de suplementos adicionales.<\/li>\n<\/ul>\n<p data-start=\"1412\" data-end=\"1442\">Control y Seguridad<\/p>\n<ul data-start=\"1443\" data-end=\"1562\">\n<li data-start=\"1443\" data-end=\"1562\">Mando electr\u00f3nico con todas sus funciones bloqueables de manera independiente para evitar un uso no autorizado.<\/li>\n<\/ul>\n<p>* SIN COLCH\u00d3N (SE COTIZA POR SEPARADO)<\/p>\n","protected":false},"excerpt":{"rendered":"<p>Cama Cl\u00ednica Burmeier Westfalia Iv<\/p>\n<p data-start=\"125\" data-end=\"385\">La cama de atenci\u00f3n domiciliaria m\u00e1s cl\u00e1sica y preferida por muchas instituciones debido a su durabilidad, robustez y altas prestaciones. Dise\u00f1ada para ofrecer m\u00e1ximo confort y seguridad, cuenta con una estructura resistente y totalmente electr\u00f3nica.<\/p>\n","protected":false},"featured_media":16003,"comment_status":"open","ping_status":"closed","template":"","meta":{"_acf_changed":false},"product_brand":[1086],"product_cat":[1054,101],"product_tag":[950],"class_list":{"0":"post-16002","1":"product","2":"type-product","3":"status-publish","4":"has-post-thumbnail","6":"product_brand-lifante","7":"product_cat-camas-clinicas","8":"product_cat-mobiliario","9":"product_tag-lifante","10":"pa_marcas-mobiliario-burmeier","11":"pa_mobiliario-camas-clinicas","13":"first","14":"instock","15":"shipping-taxable","16":"purchasable","17":"product-type-simple"},"acf":[],"_links":{"self":[{"href":"https:\/\/deltamed.cl\/tienda\/wp-json\/wp\/v2\/product\/16002","targetHints":{"allow":["GET"]}}],"collection":[{"href":"https:\/\/deltamed.cl\/tienda\/wp-json\/wp\/v2\/product"}],"about":[{"href":"https:\/\/deltamed.cl\/tienda\/wp-json\/wp\/v2\/types\/product"}],"replies":[{"embeddable":true,"href":"https:\/\/deltamed.cl\/tienda\/wp-json\/wp\/v2\/comments?post=16002"}],"version-history":[{"count":3,"href":"https:\/\/deltamed.cl\/tienda\/wp-json\/wp\/v2\/product\/16002\/revisions"}],"predecessor-version":[{"id":17242,"href":"https:\/\/deltamed.cl\/tienda\/wp-json\/wp\/v2\/product\/16002\/revisions\/17242"}],"wp:featuredmedia":[{"embeddable":true,"href":"https:\/\/deltamed.cl\/tienda\/wp-json\/wp\/v2\/media\/16003"}],"wp:attachment":[{"href":"https:\/\/deltamed.cl\/tienda\/wp-json\/wp\/v2\/media?parent=16002"}],"wp:term":[{"taxonomy":"product_brand","embeddable":true,"href":"https:\/\/deltamed.cl\/tienda\/wp-json\/wp\/v2\/product_brand?post=16002"},{"taxonomy":"product_cat","embeddable":true,"href":"https:\/\/deltamed.cl\/tienda\/wp-json\/wp\/v2\/product_cat?post=16002"},{"taxonomy":"product_tag","embeddable":true,"href":"https:\/\/deltamed.cl\/tienda\/wp-json\/wp\/v2\/product_tag?post=16002"}],"curies":[{"name":"wp","href":"https:\/\/api.w.org\/{rel}","templated":true}]}}