{"id":15981,"date":"2023-01-31T22:18:07","date_gmt":"2023-02-01T01:18:07","guid":{"rendered":"https:\/\/deltamed.cl\/tienda\/producto\/andador-infantil-fixi\/"},"modified":"2026-02-27T07:16:58","modified_gmt":"2026-02-27T10:16:58","slug":"andador-infantil-fixi","status":"publish","type":"product","link":"https:\/\/deltamed.cl\/tienda\/producto\/andador-infantil-fixi\/","title":{"rendered":"Andador Infantil Fixi"},"content":{"rendered":"<p>Andador Infantil Fixi<\/p>\n<p data-start=\"18\" data-end=\"413\">El andador infantil fixi de 4 ruedas es una herramienta de f\u00e1cil manejo, dise\u00f1ada para brindar estabilidad al caminar. Es ideal para ni\u00f1os de baja estatura que tienen cierto grado de estabilidad, pero que requieren asistencia m\u00ednima para poder caminar. Este andador colorido, dise\u00f1ado espec\u00edficamente para ni\u00f1os, promueve una postura erguida y proporciona un acceso completo al \u00e1rea para caminar.<\/p>\n<p data-start=\"415\" data-end=\"435\">Caracter\u00edsticas:<\/p>\n<ul>\n<li data-start=\"453\" data-end=\"511\">Andador 4 ruedas infantil con frenos en ruedas traseras.<\/li>\n<li data-start=\"512\" data-end=\"564\">F\u00e1cil manejo, que entregan estabilidad al caminar.<\/li>\n<li data-start=\"565\" data-end=\"648\">Ideal para personas de baja estatura o ni\u00f1as y ni\u00f1os con un grado de estabilidad.<\/li>\n<li data-start=\"649\" data-end=\"690\">Andador colorido con ruedas para ni\u00f1os.<\/li>\n<li data-start=\"691\" data-end=\"761\">Dise\u00f1ado como un andador anterior junior espec\u00edficamente para ni\u00f1os.<\/li>\n<li data-start=\"762\" data-end=\"822\">Ligero y se pliega f\u00e1cilmente para almacenamiento y viaje.<\/li>\n<li data-start=\"823\" data-end=\"927\">Dise\u00f1os que permiten un acceso completo y f\u00e1cil al \u00e1rea para caminar, promoviendo una postura erguida.<\/li>\n<li data-start=\"928\" data-end=\"1067\" data-is-last-node=\"\">Equipado con doble acci\u00f3n de freno, neum\u00e1ticos a prueba de pinchazos y grandes ruedas giratorias para m\u00e1xima seguridad y maniobrabilidad.<\/li>\n<\/ul>\n","protected":false},"excerpt":{"rendered":"<p>Andador Infantil Fixi<\/p>\n<p data-start=\"18\" data-end=\"413\">El andador infantil fixi de 4 ruedas es una herramienta de f\u00e1cil manejo, dise\u00f1ada para brindar estabilidad al caminar. Es ideal para ni\u00f1os de baja estatura que tienen cierto grado de estabilidad, pero que requieren asistencia m\u00ednima para poder caminar.<\/p>\n","protected":false},"featured_media":15982,"comment_status":"open","ping_status":"open","template":"","meta":{"_acf_changed":false},"product_brand":[1086],"product_cat":[1039,1033,1020],"product_tag":[950],"class_list":{"0":"post-15981","1":"product","2":"type-product","3":"status-publish","4":"has-post-thumbnail","6":"product_brand-lifante","7":"product_cat-andador","8":"product_cat-movilidad-ninos","9":"product_cat-ninos","10":"product_tag-lifante","12":"first","13":"outofstock","14":"shipping-taxable","15":"purchasable","16":"product-type-simple"},"acf":[],"_links":{"self":[{"href":"https:\/\/deltamed.cl\/tienda\/wp-json\/wp\/v2\/product\/15981","targetHints":{"allow":["GET"]}}],"collection":[{"href":"https:\/\/deltamed.cl\/tienda\/wp-json\/wp\/v2\/product"}],"about":[{"href":"https:\/\/deltamed.cl\/tienda\/wp-json\/wp\/v2\/types\/product"}],"replies":[{"embeddable":true,"href":"https:\/\/deltamed.cl\/tienda\/wp-json\/wp\/v2\/comments?post=15981"}],"version-history":[{"count":1,"href":"https:\/\/deltamed.cl\/tienda\/wp-json\/wp\/v2\/product\/15981\/revisions"}],"predecessor-version":[{"id":16260,"href":"https:\/\/deltamed.cl\/tienda\/wp-json\/wp\/v2\/product\/15981\/revisions\/16260"}],"wp:featuredmedia":[{"embeddable":true,"href":"https:\/\/deltamed.cl\/tienda\/wp-json\/wp\/v2\/media\/15982"}],"wp:attachment":[{"href":"https:\/\/deltamed.cl\/tienda\/wp-json\/wp\/v2\/media?parent=15981"}],"wp:term":[{"taxonomy":"product_brand","embeddable":true,"href":"https:\/\/deltamed.cl\/tienda\/wp-json\/wp\/v2\/product_brand?post=15981"},{"taxonomy":"product_cat","embeddable":true,"href":"https:\/\/deltamed.cl\/tienda\/wp-json\/wp\/v2\/product_cat?post=15981"},{"taxonomy":"product_tag","embeddable":true,"href":"https:\/\/deltamed.cl\/tienda\/wp-json\/wp\/v2\/product_tag?post=15981"}],"curies":[{"name":"wp","href":"https:\/\/api.w.org\/{rel}","templated":true}]}}