{"id":15971,"date":"2023-01-31T22:17:19","date_gmt":"2023-02-01T01:17:19","guid":{"rendered":"https:\/\/deltamed.cl\/tienda\/producto\/silla-de-ducha-splashy\/"},"modified":"2026-03-13T15:44:48","modified_gmt":"2026-03-13T18:44:48","slug":"silla-de-ducha-splashy","status":"publish","type":"product","link":"https:\/\/deltamed.cl\/tienda\/producto\/silla-de-ducha-splashy\/","title":{"rendered":"Silla de ducha splashy"},"content":{"rendered":"<p class=\"\" data-start=\"104\" data-end=\"408\"><strong data-start=\"125\" data-end=\"136\">Silla De Ducha Splashy<\/strong><\/p>\n<p>Splashy es un asiento de ducha port\u00e1til dise\u00f1ado para brindar seguridad y apoyo a ni\u00f1os con movilidad reducida. Su estructura ergon\u00f3mica proporciona estabilidad en la cabeza y el tronco, permitiendo que los peque\u00f1os disfruten de una experiencia segura y c\u00f3moda durante el ba\u00f1o.<\/p>\n<p class=\"\" data-start=\"410\" data-end=\"443\"><strong data-start=\"410\" data-end=\"441\">Caracter\u00edsticas principales<\/strong><\/p>\n<p class=\"\" data-start=\"446\" data-end=\"560\"><strong data-start=\"446\" data-end=\"465\">-Dise\u00f1o modular:<\/strong> Consta de tres partes principales: respaldo, base del asiento y unidad de base para el piso.<br \/>\n<strong data-start=\"563\" data-end=\"587\">-Sistema de sujeci\u00f3n:<\/strong> Incluye una correa para la ingle, cuatro correas tipo arn\u00e9s y cuatro apoyos de tope para mayor estabilidad.<br \/>\n<strong data-start=\"700\" data-end=\"723\">-Instalaci\u00f3n segura:<\/strong> Se coloca sobre la base de la ba\u00f1era, permitiendo que el ni\u00f1o se siente directamente en el agua.<br \/>\n<strong data-start=\"825\" data-end=\"845\">-Material c\u00f3modo:<\/strong> Espuma de tacto c\u00e1lido que brinda una sensaci\u00f3n agradable al contacto con la piel.<br \/>\n<strong data-start=\"933\" data-end=\"958\">-Ajuste personalizado:<\/strong> Ofrece <strong data-start=\"966\" data-end=\"998\">26 posiciones de reclinaci\u00f3n<\/strong>, facilitando la higiene y las transferencias.<br \/>\n<strong data-start=\"1049\" data-end=\"1071\">-Capacidad de peso:<\/strong> Soporta hasta <strong data-start=\"1086\" data-end=\"1104\">30 kg &#8211; 55 kg (seg\u00fan talla)<\/strong><br \/>\n<strong data-start=\"1110\" data-end=\"1131\">-Edad recomendada:<\/strong> Adecuado para ni\u00f1os de <strong data-start=\"1155\" data-end=\"1169\">1 a 14 a\u00f1os<\/strong>.<\/p>\n<p class=\"\" data-start=\"1174\" data-end=\"1375\"><strong data-start=\"1174\" data-end=\"1199\">\u00bfD\u00f3nde se puede usar?<br \/>\n<\/strong><br data-start=\"1199\" data-end=\"1202\" \/>La <strong data-start=\"1205\" data-end=\"1216\">Splashy<\/strong> ha sido probada y aprobada para su uso en diferentes entornos, incluyendo:<br data-start=\"1291\" data-end=\"1294\" \/><strong data-start=\"1296\" data-end=\"1312\">Ba\u00f1o o ducha<\/strong><br data-start=\"1312\" data-end=\"1315\" \/><strong data-start=\"1317\" data-end=\"1342\">Actividades acu\u00e1ticas<\/strong><br data-start=\"1342\" data-end=\"1345\" \/><strong data-start=\"1347\" data-end=\"1357\">Jard\u00edn<\/strong>*<br data-start=\"1358\" data-end=\"1361\" \/><strong data-start=\"1363\" data-end=\"1372\">Playa<\/strong>*<\/p>\n<p class=\"\" data-start=\"1377\" data-end=\"1519\">* Para su uso en exteriores, se recomienda seguir las instrucciones espec\u00edficas de limpieza y seguridad incluidas en el manual del usuario.<\/p>\n<p data-start=\"1377\" data-end=\"1519\">* Imagen referencial<\/p>\n<p data-start=\"1377\" data-end=\"1519\">Disponible en 2 tallas:<\/p>\n<ol>\n<li data-start=\"1377\" data-end=\"1519\">Est\u00e1ndar: Adecuado para ni\u00f1os de 1 a 8 a\u00f1os con un peso m\u00e1ximo de usuario de 30 kg<\/li>\n<li data-start=\"1377\" data-end=\"1519\">Big: Adecuado para ni\u00f1os y adolescentes de 7 a 14 a\u00f1os con un peso m\u00e1ximo de usuario de 55 kg<\/li>\n<\/ol>\n<p>&nbsp;<\/p>\n","protected":false},"excerpt":{"rendered":"<p class=\"\" data-start=\"104\" data-end=\"408\"><strong data-start=\"125\" data-end=\"136\">Silla De Ducha Splashy<\/strong><\/p>\n<p>Splashy es un asiento de ducha port\u00e1til dise\u00f1ado para brindar seguridad y apoyo a ni\u00f1os con movilidad reducida. Su estructura ergon\u00f3mica proporciona estabilidad en la cabeza y el tronco, permitiendo que los peque\u00f1os disfruten de una experiencia segura y c\u00f3moda durante el ba\u00f1o.<\/p>\n<p class=\"\" data-start=\"410\" data-end=\"443\"><strong data-start=\"410\" data-end=\"441\">Caracter\u00edsticas principales<\/strong><\/p>\n<p class=\"\" data-start=\"446\" data-end=\"560\"><strong data-start=\"446\" data-end=\"465\">-Dise\u00f1o modular:<\/strong> Consta de tres partes principales: respaldo, base del asiento y unidad de base para el piso.<br \/>\n<strong data-start=\"563\" data-end=\"587\">-Sistema de sujeci\u00f3n:<\/strong> Incluye una correa para la ingle, cuatro correas tipo arn\u00e9s y cuatro apoyos de tope para mayor estabilidad.<br \/>\n<strong data-start=\"700\" data-end=\"723\">-Instalaci\u00f3n segura:<\/strong> Se coloca sobre la base de la ba\u00f1era, permitiendo que el ni\u00f1o se siente directamente en el agua.<br \/>\n<strong data-start=\"825\" data-end=\"845\">-Material c\u00f3modo:<\/strong> Espuma de tacto c\u00e1lido que brinda una sensaci\u00f3n agradable al contacto con la piel.<br \/>\n<strong data-start=\"933\" data-end=\"958\">-Ajuste personalizado:<\/strong> Ofrece <strong data-start=\"966\" data-end=\"998\">26 posiciones de reclinaci\u00f3n<\/strong>, facilitando la higiene y las transferencias.<br \/>\n<strong data-start=\"1049\" data-end=\"1071\">-Capacidad de peso:<\/strong> Soporta hasta <strong data-start=\"1086\" data-end=\"1104\">30 kg &#8211; 55 kg (seg\u00fan talla)<\/strong><br \/>\n<strong data-start=\"1110\" data-end=\"1131\">-Edad recomendada:<\/strong> Adecuado para ni\u00f1os de <strong data-start=\"1155\" data-end=\"1169\">1 a 14 a\u00f1os<\/strong>.<\/p>\n<p class=\"\" data-start=\"1174\" data-end=\"1375\"><strong data-start=\"1174\" data-end=\"1199\">\u00bfD\u00f3nde se puede usar?<br \/>\n<\/strong><br data-start=\"1199\" data-end=\"1202\" \/>La <strong data-start=\"1205\" data-end=\"1216\">Splashy<\/strong> ha sido probada y aprobada para su uso en diferentes entornos, incluyendo:<br data-start=\"1291\" data-end=\"1294\" \/><strong data-start=\"1296\" data-end=\"1312\">Ba\u00f1o o ducha<\/strong><br data-start=\"1312\" data-end=\"1315\" \/><strong data-start=\"1317\" data-end=\"1342\">Actividades acu\u00e1ticas<\/strong><br data-start=\"1342\" data-end=\"1345\" \/><strong data-start=\"1347\" data-end=\"1357\">Jard\u00edn<\/strong>*<br data-start=\"1358\" data-end=\"1361\" \/><strong data-start=\"1363\" data-end=\"1372\">Playa<\/strong>*<\/p>\n<p class=\"\" data-start=\"1377\" data-end=\"1519\">* Para su uso en exteriores, se recomienda seguir las instrucciones espec\u00edficas de limpieza y seguridad incluidas en el manual del usuario.<\/p>\n<p data-start=\"1377\" data-end=\"1519\">* Imagen referencial<\/p>\n<p data-start=\"1377\" data-end=\"1519\">Disponible en 2 tallas:<\/p>\n<ol>\n<li data-start=\"1377\" data-end=\"1519\">Est\u00e1ndar: Adecuado para ni\u00f1os de 1 a 8 a\u00f1os con un peso m\u00e1ximo de usuario de 30 kg<\/li>\n<li data-start=\"1377\" data-end=\"1519\">Big: Adecuado para ni\u00f1os y adolescentes de 7 a 14 a\u00f1os con un peso m\u00e1ximo de usuario de 55 kg<\/li>\n<\/ol>\n<p>&nbsp;<\/p>\n","protected":false},"featured_media":15973,"comment_status":"closed","ping_status":"closed","template":"","meta":{"_acf_changed":false},"product_brand":[1086],"product_cat":[1144,1031,1020,1027],"product_tag":[950,1198],"class_list":{"0":"post-15971","1":"product","2":"type-product","3":"status-publish","4":"has-post-thumbnail","6":"product_brand-lifante","7":"product_cat-lifante","8":"product_cat-bano","9":"product_cat-ninos","10":"product_cat-sillas-de-bano","11":"product_tag-lifante","12":"product_tag-ninos","13":"product_shipping_class-mediano","14":"fb_product_set-lifante","16":"first","17":"instock","18":"shipping-taxable","19":"purchasable","20":"product-type-variable"},"acf":[],"_links":{"self":[{"href":"https:\/\/deltamed.cl\/tienda\/wp-json\/wp\/v2\/product\/15971","targetHints":{"allow":["GET"]}}],"collection":[{"href":"https:\/\/deltamed.cl\/tienda\/wp-json\/wp\/v2\/product"}],"about":[{"href":"https:\/\/deltamed.cl\/tienda\/wp-json\/wp\/v2\/types\/product"}],"replies":[{"embeddable":true,"href":"https:\/\/deltamed.cl\/tienda\/wp-json\/wp\/v2\/comments?post=15971"}],"version-history":[{"count":8,"href":"https:\/\/deltamed.cl\/tienda\/wp-json\/wp\/v2\/product\/15971\/revisions"}],"predecessor-version":[{"id":17278,"href":"https:\/\/deltamed.cl\/tienda\/wp-json\/wp\/v2\/product\/15971\/revisions\/17278"}],"wp:featuredmedia":[{"embeddable":true,"href":"https:\/\/deltamed.cl\/tienda\/wp-json\/wp\/v2\/media\/15973"}],"wp:attachment":[{"href":"https:\/\/deltamed.cl\/tienda\/wp-json\/wp\/v2\/media?parent=15971"}],"wp:term":[{"taxonomy":"product_brand","embeddable":true,"href":"https:\/\/deltamed.cl\/tienda\/wp-json\/wp\/v2\/product_brand?post=15971"},{"taxonomy":"product_cat","embeddable":true,"href":"https:\/\/deltamed.cl\/tienda\/wp-json\/wp\/v2\/product_cat?post=15971"},{"taxonomy":"product_tag","embeddable":true,"href":"https:\/\/deltamed.cl\/tienda\/wp-json\/wp\/v2\/product_tag?post=15971"}],"curies":[{"name":"wp","href":"https:\/\/api.w.org\/{rel}","templated":true}]}}