{"id":15937,"date":"2023-01-31T22:17:17","date_gmt":"2023-02-01T01:17:17","guid":{"rendered":"https:\/\/deltamed.cl\/tienda\/producto\/silla-de-ruedas-activa-diva\/"},"modified":"2026-02-27T14:06:22","modified_gmt":"2026-02-27T17:06:22","slug":"silla-de-ruedas-activa-diva","status":"publish","type":"product","link":"https:\/\/deltamed.cl\/tienda\/producto\/silla-de-ruedas-activa-diva\/","title":{"rendered":"Silla de ruedas activa Diva"},"content":{"rendered":"<p>Silla De Ruedas Activa Diva<\/p>\n<p>Modelo de silla de ruedas vers\u00e1til y activa, favorece un m\u00ednimo esfuerzo para la maniobrabilidad, con freno a presi\u00f3n que permite mayor independencia para las actividades cotidianas.<\/p>\n<p>Silla plegable<\/p>\n<p>Peso m\u00e1ximo usuario: 12o kg<\/p>\n<p>Caracter\u00edsticas<\/p>\n<p>\u2022 Alta resistencia<br \/>\n\u2022 Elaborada en Aluminio<br \/>\n\u2022 Modelo marco plegable, con ejes desmontables<br \/>\n\u2022 Apoya brazos y pies abatibles y reclinables o posibilidad de guardafangos<br \/>\n\u2022 Apoya pies de 1 hoja<br \/>\n\u2022 Ruedas delanteras de 6 \u0301 \u0301 y traseras de 24&#215;1<br \/>\n\u2022 Silla totalmente configurable a los requisitos de cada usuario<\/p>\n<p>Ventajas terap\u00e9uticas<\/p>\n<ul>\n<li>Facilita la movilidad independiente del usuario, gracias al material de confecci\u00f3n y a los ajustes de precisi\u00f3n en el asiento, respaldo y chasis.<\/li>\n<li>La suavidad \u00f3ptima y el bajo peso apoyan la independencia del usuario.<\/li>\n<li>Adaptable a los cambios funcionales y las necesidades individuales del usuario mediante el ajuste fino de la parte posterior, el asiento y el chasis<\/li>\n<li>Amplia gama de equipos para usuarios a largo plazo.<\/li>\n<li>F\u00e1cil manejo y peso reducido, facilita el uso cotidiano.<\/li>\n<\/ul>\n","protected":false},"excerpt":{"rendered":"<p>Silla De Ruedas Activa Diva<\/p>\n<p>Modelo de silla de ruedas vers\u00e1til y activa, favorece un m\u00ednimo esfuerzo para la maniobrabilidad, con freno a presi\u00f3n que permite mayor independencia para las actividades cotidianas.<\/p>\n<p>Silla plegable<\/p>\n<p>Peso m\u00e1ximo usuario: 12o kg<\/p>\n<p>*Imagen referencial: Estas son de configuracion personalizada.<\/p>\n<p>Talla 40cm de ancho del asiento,\u00a038 cm de profundidad del asiento,\u00a0 38cm altura de respaldo,\u00a0 guarda fango y apoya pies de una hoja.<\/p>\n<p>Talla 44cm de ancho del asiento, 40 cm de profundidad del asiento,\u00a0 37 cm altura de respaldo,\u00a0 guarda fango y apoya pies de una hoja.<\/p>\n<p>Si necesita otra talla la podemos importar tras previa configuraci\u00f3n.<\/p>\n<p>&nbsp;<\/p>\n<p>&nbsp;<\/p>\n<p>&nbsp;<\/p>\n","protected":false},"featured_media":15939,"comment_status":"closed","ping_status":"closed","template":"","meta":{"_acf_changed":false},"product_brand":[1086],"product_cat":[947,930],"product_tag":[950,1193],"class_list":{"0":"post-15937","1":"product","2":"type-product","3":"status-publish","4":"has-post-thumbnail","6":"product_brand-lifante","7":"product_cat-activas","8":"product_cat-sillas-de-ruedas-2","9":"product_tag-lifante","10":"product_tag-silla-de-rueda-manual","11":"product_shipping_class-grande","12":"pa_ancho-de-asiento-40-cm","13":"pa_ancho-de-asiento-44-cm","15":"first","16":"instock","17":"shipping-taxable","18":"purchasable","19":"product-type-variable"},"acf":[],"_links":{"self":[{"href":"https:\/\/deltamed.cl\/tienda\/wp-json\/wp\/v2\/product\/15937","targetHints":{"allow":["GET"]}}],"collection":[{"href":"https:\/\/deltamed.cl\/tienda\/wp-json\/wp\/v2\/product"}],"about":[{"href":"https:\/\/deltamed.cl\/tienda\/wp-json\/wp\/v2\/types\/product"}],"replies":[{"embeddable":true,"href":"https:\/\/deltamed.cl\/tienda\/wp-json\/wp\/v2\/comments?post=15937"}],"version-history":[{"count":7,"href":"https:\/\/deltamed.cl\/tienda\/wp-json\/wp\/v2\/product\/15937\/revisions"}],"predecessor-version":[{"id":17045,"href":"https:\/\/deltamed.cl\/tienda\/wp-json\/wp\/v2\/product\/15937\/revisions\/17045"}],"wp:featuredmedia":[{"embeddable":true,"href":"https:\/\/deltamed.cl\/tienda\/wp-json\/wp\/v2\/media\/15939"}],"wp:attachment":[{"href":"https:\/\/deltamed.cl\/tienda\/wp-json\/wp\/v2\/media?parent=15937"}],"wp:term":[{"taxonomy":"product_brand","embeddable":true,"href":"https:\/\/deltamed.cl\/tienda\/wp-json\/wp\/v2\/product_brand?post=15937"},{"taxonomy":"product_cat","embeddable":true,"href":"https:\/\/deltamed.cl\/tienda\/wp-json\/wp\/v2\/product_cat?post=15937"},{"taxonomy":"product_tag","embeddable":true,"href":"https:\/\/deltamed.cl\/tienda\/wp-json\/wp\/v2\/product_tag?post=15937"}],"curies":[{"name":"wp","href":"https:\/\/api.w.org\/{rel}","templated":true}]}}