{"id":15904,"date":"2023-01-31T22:15:52","date_gmt":"2023-02-01T01:15:52","guid":{"rendered":"https:\/\/deltamed.cl\/tienda\/producto\/silla-de-ruedas-optimus-meyra\/"},"modified":"2026-02-27T07:16:58","modified_gmt":"2026-02-27T10:16:58","slug":"silla-de-ruedas-optimus-meyra","status":"publish","type":"product","link":"https:\/\/deltamed.cl\/tienda\/producto\/silla-de-ruedas-optimus-meyra\/","title":{"rendered":"Silla de ruedas optimus meyra"},"content":{"rendered":"<div class=\"fusion-text fusion-text-1\">\n<div class=\"et_pb_slide_content\">\n<p>Silla De Ruedas Optimus Meyra<\/p>\n<p>Silla de ruedas el\u00e9ctrica, que viene con el concepto moderno de silla \u201ctodo terreno\u201d. Su alta tecnolog\u00eda, combinado con el dise\u00f1o robusto y potencia, facilitan el acceso a todos los usuarios en diferentes contextos, enfatizando su uso en terrenos irregulares y de dif\u00edcil acceso.<\/p>\n<p>Caracter\u00edsticas Principales:<\/p>\n<\/div>\n<\/div>\n<div class=\"fusion-text fusion-text-2\">\n<ul>\n<li>Alta resistencia<\/li>\n<li>Silla modelo el\u00e9ctrica<\/li>\n<li>Elaborada en Aluminio<\/li>\n<li>Modelo r\u00edgido<\/li>\n<li>Marco respaldo tipo butaca ergon\u00f3mico<\/li>\n<li>Apoya brazos y apoya pies extra\u00edbles<\/li>\n<li>Ruedas delanteras de 360\u00d7120 y traseras de 320\u00d7100<\/li>\n<li>Velocidad de 10 y 15 km\/h<\/li>\n<li>Peso usuario de hasta 150 kg<\/li>\n<li>Silla totalmente configurable al usuario.<\/li>\n<li>Ancho de asiento: 48 cm<\/li>\n<li>Profundidad del asiento: 42-48 cm<\/li>\n<li>Altura del respaldo 550 mm<\/li>\n<li>Altura m\u00e1xima del obst\u00e1culo en mm: 110<\/li>\n<li>Radio de giro en mm: 1200<\/li>\n<li>Autonom\u00eda: 45 &#8211; 111 km 8)<\/li>\n<li>Peso en vac\u00edo de transporte (configuraci\u00f3n b\u00e1sica): m\u00edn. 150 kg 3) 7)<\/li>\n<li>Peso del usuario: ERGOSTAR 150 kg \/ ErgoSeat 150 kg \/ RECARO 120 kg 5)<\/li>\n<li>M\u00e1x. Carga adicional: 10 kg<\/li>\n<li>Velocidad de conducci\u00f3n: 6 km\/h \/ 10 km\/h \/ 15 km\/h<\/li>\n<li>Potencia del motor: 950 W 5)<\/li>\n<li>Inclinaci\u00f3n\/pendientes permitidas: 18 %<\/li>\n<li>Tipo de direcci\u00f3n: directa<\/li>\n<li>Inclinaci\u00f3n del asiento: el\u00e9ctrica ERGOSTAR 7-22\u00b0 \/ ErgoSeat 5-20\u00b0 \/ RECARO 20-35\u00b0 1)<\/li>\n<li>Inclinaci\u00f3n del asiento: mec\u00e1nica ERGOSTAR 7-15\u00b0 \/ ErgoSeat 5-13\u00b0 \/ RECARO 20-28\u00b0 1)<\/li>\n<li>\u00c1ngulo del respaldo: el\u00e9ctrico: -10\u00b0 &#8211; 50\u00b0<\/li>\n<li>\u00c1ngulo del respaldo: mec\u00e1nico: 0\u00b0 &#8211; 30\u00b0<\/li>\n<li>Tracci\u00f3n delantera<\/li>\n<\/ul>\n<\/div>\n<p>Cualquier otra configuraci\u00f3n est\u00e1 sujeta a importaci\u00f3n al igual que los valores.<\/p>\n<div class=\"fusion-text fusion-text-2\">\n<p class=\"fusion-responsive-typography-calculated\" data-fontsize=\"16\" data-lineheight=\"24px\">Ventajas terap\u00e9uticas:<\/p>\n<p>Facilita la movilidad independiente del usuario, gracias al material de confecci\u00f3n y a los ajustes de precisi\u00f3n en el asiento, respaldo y chasis.<\/p>\n<p>Adaptable a los cambios funcionales y las necesidades individuales del usuario mediante el ajuste fino de la parte posterior, el asiento y el chasis<\/p>\n<p>Amplia gama de equipos para usuarios a largo plazo.<\/p>\n<p>Uso en muchas patol\u00f3gicas, desde enfermedades neurol\u00f3gicas, reum\u00e1ticas, geri\u00e1tricas o pedi\u00e1tricas.<\/p>\n<p>&nbsp;<\/p>\n<\/div>\n","protected":false},"excerpt":{"rendered":"<p>Silla De Ruedas Optimus Meyra<\/p>\n<p>Silla de ruedas el\u00e9ctrica, que viene con el concepto moderno de silla \u201ctodo terreno\u201d. Su alta tecnolog\u00eda, combinado con el dise\u00f1o robusto y potencia, facilitan el acceso a todos los usuarios en diferentes contextos, enfatizando su uso en terrenos irregulares y de dif\u00edcil acceso.<\/p>\n<p>Facilita la movilidad independiente del usuario, gracias al material de confecci\u00f3n y a los ajustes de precisi\u00f3n en el asiento, respaldo y chasis.<\/p>\n<p>Adaptable a los cambios funcionales y las necesidades individuales del usuario mediante el ajuste fino de la parte posterior, el asiento y el chasis<\/p>\n<p>Amplia gama de equipos para usuarios a largo plazo.<\/p>\n<p>Uso en muchas patol\u00f3gicas, desde enfermedades neurol\u00f3gicas, reum\u00e1ticas, geri\u00e1tricas o pedi\u00e1tricas.<\/p>\n","protected":false},"featured_media":15905,"comment_status":"open","ping_status":"closed","template":"","meta":{"_acf_changed":false},"product_brand":[1086],"product_cat":[970,930,971],"product_tag":[950],"class_list":{"0":"post-15904","1":"product","2":"type-product","3":"status-publish","4":"has-post-thumbnail","6":"product_brand-lifante","7":"product_cat-electricas","8":"product_cat-sillas-de-ruedas-2","9":"product_cat-sillas-electricas","10":"product_tag-lifante","12":"first","13":"outofstock","14":"shipping-taxable","15":"purchasable","16":"product-type-simple"},"acf":[],"_links":{"self":[{"href":"https:\/\/deltamed.cl\/tienda\/wp-json\/wp\/v2\/product\/15904","targetHints":{"allow":["GET"]}}],"collection":[{"href":"https:\/\/deltamed.cl\/tienda\/wp-json\/wp\/v2\/product"}],"about":[{"href":"https:\/\/deltamed.cl\/tienda\/wp-json\/wp\/v2\/types\/product"}],"replies":[{"embeddable":true,"href":"https:\/\/deltamed.cl\/tienda\/wp-json\/wp\/v2\/comments?post=15904"}],"version-history":[{"count":5,"href":"https:\/\/deltamed.cl\/tienda\/wp-json\/wp\/v2\/product\/15904\/revisions"}],"predecessor-version":[{"id":17111,"href":"https:\/\/deltamed.cl\/tienda\/wp-json\/wp\/v2\/product\/15904\/revisions\/17111"}],"wp:featuredmedia":[{"embeddable":true,"href":"https:\/\/deltamed.cl\/tienda\/wp-json\/wp\/v2\/media\/15905"}],"wp:attachment":[{"href":"https:\/\/deltamed.cl\/tienda\/wp-json\/wp\/v2\/media?parent=15904"}],"wp:term":[{"taxonomy":"product_brand","embeddable":true,"href":"https:\/\/deltamed.cl\/tienda\/wp-json\/wp\/v2\/product_brand?post=15904"},{"taxonomy":"product_cat","embeddable":true,"href":"https:\/\/deltamed.cl\/tienda\/wp-json\/wp\/v2\/product_cat?post=15904"},{"taxonomy":"product_tag","embeddable":true,"href":"https:\/\/deltamed.cl\/tienda\/wp-json\/wp\/v2\/product_tag?post=15904"}],"curies":[{"name":"wp","href":"https:\/\/api.w.org\/{rel}","templated":true}]}}