{"id":15895,"date":"2023-01-31T22:15:30","date_gmt":"2023-02-01T01:15:30","guid":{"rendered":"https:\/\/deltamed.cl\/tienda\/producto\/silla-de-ruedas-hippocampe\/"},"modified":"2026-02-27T13:28:52","modified_gmt":"2026-02-27T16:28:52","slug":"silla-de-ruedas-hippocampe","status":"publish","type":"product","link":"https:\/\/deltamed.cl\/tienda\/producto\/silla-de-ruedas-hippocampe\/","title":{"rendered":"Silla de ruedas Hippocampe"},"content":{"rendered":"<p>Silla De Ruedas Hippocampe<\/p>\n<p>Silla de ruedas para el uso en playa y todo terreno. Modelo fabricado en Francia. Presenta tecnolog\u00eda en su estructura, que favorece que el material no sufra da\u00f1os en calor o frio, cubierto de material de secado r\u00e1pido. Con posibilidades de posicionamiento de diferentes tipos de ruedas.<\/p>\n<p>Principales caracter\u00edsticas:<\/p>\n<ul>\n<li>Alta resistencia.<\/li>\n<li>Apoya brazos extra\u00edbles.<\/li>\n<li>Apoya pies fijos.<\/li>\n<li>Funda de coj\u00edn y respaldo de secado r\u00e1pido.<\/li>\n<li>Rueda delantera flotable y traseras tipo globo (formato playa).<\/li>\n<li>Rueda delantera de 320\u00d7100 y trasera de 24\u00b4\u00b4 (formato marat\u00f3n).<\/li>\n<li>Cintur\u00f3n abdominal<\/li>\n<li>Frenos de estacionamiento<\/li>\n<li>Funda de transporte<\/li>\n<\/ul>\n","protected":false},"excerpt":{"rendered":"<p>Silla De Ruedas Hippocampe<\/p>\n<p>Silla de ruedas para el uso en playa y todo terreno. Modelo fabricado en Francia. Presenta tecnolog\u00eda en su estructura, que favorece que el material no sufra da\u00f1os en calor o frio, cubierto de material de secado r\u00e1pido. Con posibilidades de posicionamiento de diferentes tipos de ruedas.<\/p>\n<p>&nbsp;<\/p>\n","protected":false},"featured_media":15896,"comment_status":"open","ping_status":"closed","template":"","meta":{"_acf_changed":false},"product_brand":[1086],"product_cat":[930,931],"product_tag":[950],"class_list":{"0":"post-15895","1":"product","2":"type-product","3":"status-publish","4":"has-post-thumbnail","6":"product_brand-lifante","7":"product_cat-sillas-de-ruedas-2","8":"product_cat-todo-terreno","9":"product_tag-lifante","10":"pa_marca-sillas-de-rueda-vipamat","11":"pa_silla-de-ruedas-todo-terreno","13":"first","14":"outofstock","15":"shipping-taxable","16":"purchasable","17":"product-type-simple"},"acf":[],"_links":{"self":[{"href":"https:\/\/deltamed.cl\/tienda\/wp-json\/wp\/v2\/product\/15895","targetHints":{"allow":["GET"]}}],"collection":[{"href":"https:\/\/deltamed.cl\/tienda\/wp-json\/wp\/v2\/product"}],"about":[{"href":"https:\/\/deltamed.cl\/tienda\/wp-json\/wp\/v2\/types\/product"}],"replies":[{"embeddable":true,"href":"https:\/\/deltamed.cl\/tienda\/wp-json\/wp\/v2\/comments?post=15895"}],"version-history":[{"count":3,"href":"https:\/\/deltamed.cl\/tienda\/wp-json\/wp\/v2\/product\/15895\/revisions"}],"predecessor-version":[{"id":17161,"href":"https:\/\/deltamed.cl\/tienda\/wp-json\/wp\/v2\/product\/15895\/revisions\/17161"}],"wp:featuredmedia":[{"embeddable":true,"href":"https:\/\/deltamed.cl\/tienda\/wp-json\/wp\/v2\/media\/15896"}],"wp:attachment":[{"href":"https:\/\/deltamed.cl\/tienda\/wp-json\/wp\/v2\/media?parent=15895"}],"wp:term":[{"taxonomy":"product_brand","embeddable":true,"href":"https:\/\/deltamed.cl\/tienda\/wp-json\/wp\/v2\/product_brand?post=15895"},{"taxonomy":"product_cat","embeddable":true,"href":"https:\/\/deltamed.cl\/tienda\/wp-json\/wp\/v2\/product_cat?post=15895"},{"taxonomy":"product_tag","embeddable":true,"href":"https:\/\/deltamed.cl\/tienda\/wp-json\/wp\/v2\/product_tag?post=15895"}],"curies":[{"name":"wp","href":"https:\/\/api.w.org\/{rel}","templated":true}]}}