{"id":15868,"date":"2023-11-05T16:26:45","date_gmt":"2023-11-05T19:26:45","guid":{"rendered":"https:\/\/deltamed.cl\/tienda\/producto\/silla-de-ruedas-modelo-growin\/"},"modified":"2026-03-17T15:45:16","modified_gmt":"2026-03-17T18:45:16","slug":"silla-de-ruedas-pediatrica-growin","status":"publish","type":"product","link":"https:\/\/deltamed.cl\/tienda\/producto\/silla-de-ruedas-pediatrica-growin\/","title":{"rendered":"Silla de ruedas pedi\u00e1trica growin"},"content":{"rendered":"<p>Silla de ruedas pedi\u00e1trica Growin<\/p>\n<p>Silla de ruedas de uso pedi\u00e1trico (infantil) de aluminio y plegable, lo que facilita el transporte del producto y brinda mayor independencia para los desplazamientos. Regulable y ajustable sin herramientas, con sistemas de seguridad incorporados para mejor fijaci\u00f3n. Facilita la movilidad independiente del usuario, gracias al material de confecci\u00f3n y a los ajustes de precisi\u00f3n en el asiento, respaldo y chasis. La suavidad \u00f3ptima y el bajo peso apoyan la independencia del usuario.<\/p>\n<p>Caracter\u00edsticas:<\/p>\n<ul>\n<li>Estructura de duro aluminio con chasis plegable.<\/li>\n<li>Respaldo regulable en altura en base a manillares de empuje. Es decir, respaldo cuenta con opci\u00f3n de ajuste de tensi\u00f3n internos.<\/li>\n<li>\u00a0Apoyabrazos de PU corto, y desmontable y panel lateral de ABS<\/li>\n<li>Apoyabrazos regulable en altura.<\/li>\n<li>Protectores a ambos costados<\/li>\n<li>Piernera abatible y desmontable<\/li>\n<li>Pletina en eje trasero con opci\u00f3n de regulaci\u00f3n en la horizontal y la vertical.<\/li>\n<li>Reposapi\u00e9s de dos hojas regulable en altura, abatibles y desmontables. Reposapi\u00e9s incluyen correa de sujeci\u00f3n para tal\u00f3n, para evitar el deslizamiento.<\/li>\n<li>Frenos de palanca bilateral ajustables en la horizontal con empu\u00f1adura de gomasegur.<\/li>\n<li>Rueda delantera maciza de 5\u201d.<\/li>\n<li>Reflectante en la ruedas traseras<\/li>\n<li>Horquilla de rueda delantera con opci\u00f3n de regular la altura.<\/li>\n<li>Ruedas traseras macizas de 22\u201d ancho 1 3\/8, con sistema quick rel\u00e9ase (Extracci\u00f3n r\u00e1pida y simple sin herramientas).<\/li>\n<li>Centro de gravedad ajustable.<\/li>\n<li>Antivuelco regulable en altura y desmontable.<\/li>\n<li>Aros de propulsi\u00f3n.<\/li>\n<li>Su tapiz es sint\u00e9tico desmontable y lavable.<\/li>\n<li>Peso de la silla 12 kg seg\u00fan talla.<\/li>\n<li>Bast\u00f3n de empuje con empu\u00f1adura ergon\u00f3mica y antideslizante, regulables en altura.<\/li>\n<li>Incluye cintur\u00f3n y coj\u00edn b\u00e1sico de respaldo y asiento.<\/li>\n<li>Peso m\u00e1ximo 75 Y 100 kg.<\/li>\n<li>Ajustes de altura cada 2 cm.<\/li>\n<li>Presentaci\u00f3n: Caja por 1 unidad, es decir, envase individual con sello de seguridad que impide la inviolabilidad del producto.<\/li>\n<\/ul>\n","protected":false},"excerpt":{"rendered":"<p>La <strong data-start=\"75\" data-end=\"112\">Silla de Ruedas Pedi\u00e1trica Growin<\/strong> est\u00e1 dise\u00f1ada para brindar <strong data-start=\"140\" data-end=\"197\">movilidad, confort y seguridad a ni\u00f1os y adolescentes<\/strong>. Fabricada en <strong data-start=\"212\" data-end=\"243\">aluminio liviano y plegable<\/strong>, facilita el transporte y almacenamiento, mientras que su dise\u00f1o ajustable permite una adaptaci\u00f3n precisa sin necesidad de herramientas.<\/p>\n","protected":false},"featured_media":15869,"comment_status":"open","ping_status":"closed","template":"","meta":{"_acf_changed":false},"product_brand":[1086],"product_cat":[1026,1020,1021],"product_tag":[950,1198,1193],"class_list":{"0":"post-15868","1":"product","2":"type-product","3":"status-publish","4":"has-post-thumbnail","6":"product_brand-lifante","7":"product_cat-estandar-sillas-de-ruedas-ninos","8":"product_cat-ninos","9":"product_cat-sillas-de-ruedas-ninos","10":"product_tag-lifante","11":"product_tag-ninos","12":"product_tag-silla-de-rueda-manual","13":"product_shipping_class-grande","14":"pa_ancho-de-asiento-22-cm","15":"pa_ancho-de-asiento-25-cm","16":"pa_ancho-de-asiento-26-cm","17":"pa_ancho-de-asiento-28-cm","18":"pa_ancho-de-asiento-30-cm","19":"pa_ancho-de-asiento-32-cm","20":"pa_ancho-de-asiento-33-cm","21":"pa_ancho-de-asiento-35-cm","22":"pa_ancho-de-asiento-36-cm","23":"pa_ancho-de-asiento-38-cm","24":"pa_ancho-de-asiento-40-cm","25":"pa_ancho-de-asiento-41-cm","26":"pa_ancho-de-asiento-42-cm","27":"pa_ancho-de-asiento-43-cm","28":"pa_ancho-de-asiento-44-cm","29":"pa_ancho-de-asiento-960","30":"pa_ancho-de-asiento-45-cm","31":"pa_ancho-de-asiento-46-cm","32":"pa_ancho-de-asiento-48-cm","33":"pa_ancho-de-asiento-50-cm","34":"pa_ancho-de-asiento-20-cm","35":"pa_ancho-de-asiento-51-cm","36":"pa_ancho-de-asiento-53-cm","37":"pa_ancho-de-asiento-55-cm","38":"pa_ancho-de-asiento-58-cm","39":"pa_ancho-de-asiento-60-cm","41":"first","42":"instock","43":"shipping-taxable","44":"purchasable","45":"product-type-variable"},"acf":[],"_links":{"self":[{"href":"https:\/\/deltamed.cl\/tienda\/wp-json\/wp\/v2\/product\/15868","targetHints":{"allow":["GET"]}}],"collection":[{"href":"https:\/\/deltamed.cl\/tienda\/wp-json\/wp\/v2\/product"}],"about":[{"href":"https:\/\/deltamed.cl\/tienda\/wp-json\/wp\/v2\/types\/product"}],"replies":[{"embeddable":true,"href":"https:\/\/deltamed.cl\/tienda\/wp-json\/wp\/v2\/comments?post=15868"}],"version-history":[{"count":5,"href":"https:\/\/deltamed.cl\/tienda\/wp-json\/wp\/v2\/product\/15868\/revisions"}],"predecessor-version":[{"id":16448,"href":"https:\/\/deltamed.cl\/tienda\/wp-json\/wp\/v2\/product\/15868\/revisions\/16448"}],"wp:featuredmedia":[{"embeddable":true,"href":"https:\/\/deltamed.cl\/tienda\/wp-json\/wp\/v2\/media\/15869"}],"wp:attachment":[{"href":"https:\/\/deltamed.cl\/tienda\/wp-json\/wp\/v2\/media?parent=15868"}],"wp:term":[{"taxonomy":"product_brand","embeddable":true,"href":"https:\/\/deltamed.cl\/tienda\/wp-json\/wp\/v2\/product_brand?post=15868"},{"taxonomy":"product_cat","embeddable":true,"href":"https:\/\/deltamed.cl\/tienda\/wp-json\/wp\/v2\/product_cat?post=15868"},{"taxonomy":"product_tag","embeddable":true,"href":"https:\/\/deltamed.cl\/tienda\/wp-json\/wp\/v2\/product_tag?post=15868"}],"curies":[{"name":"wp","href":"https:\/\/api.w.org\/{rel}","templated":true}]}}