{"id":15698,"date":"2023-10-24T23:04:58","date_gmt":"2023-10-25T02:04:58","guid":{"rendered":"https:\/\/deltamed.cl\/tienda\/?post_type=product&#038;p=15698"},"modified":"2026-02-27T13:28:55","modified_gmt":"2026-02-27T16:28:55","slug":"arnes-alto","status":"publish","type":"product","link":"https:\/\/deltamed.cl\/tienda\/producto\/arnes-alto\/","title":{"rendered":"Arn\u00e9s Alto"},"content":{"rendered":"<p>Arn\u00e9s Alto<\/p>\n<p class=\"\" data-start=\"86\" data-end=\"432\">El <strong data-start=\"89\" data-end=\"106\">HighBackSling<\/strong> es un arn\u00e9s dise\u00f1ado para facilitar la elevaci\u00f3n y el traslado de usuarios en actividades diarias, como la transferencia entre la cama y la silla de ruedas, especialmente cuando se requiere soporte adicional para la cabeza. Adem\u00e1s, permite levantar al usuario en posici\u00f3n supina desde el suelo de manera segura y eficiente.<br \/>\nSu dise\u00f1o ergon\u00f3mico garantiza una sujeci\u00f3n adecuada, adapt\u00e1ndose a las necesidades espec\u00edficas de cada paciente.<br \/>\nEste arn\u00e9s combina seguridad, comodidad y funcionalidad para optimizar la movilidad del usuario en diferentes entornos.<\/p>\n<p data-start=\"551\" data-end=\"577\"><strong data-start=\"555\" data-end=\"575\">Caracter\u00edsticas:<br \/>\n<\/strong><strong data-start=\"581\" data-end=\"615\">Soportes de piernas divididos:<\/strong> Facilitan la colocaci\u00f3n y retirada del arn\u00e9s sin que el usuario permanezca sentado sobre \u00e9l.<br \/>\n<strong data-start=\"713\" data-end=\"731\">Respaldo alto:<\/strong> Brinda soporte desde el coxis hasta por encima de la cabeza y debajo de las piernas.<br \/>\n<strong data-start=\"821\" data-end=\"844\">Posici\u00f3n reclinada:<\/strong> Permite una postura ligeramente inclinada para mayor comodidad.<br \/>\n<strong data-start=\"913\" data-end=\"951\">Listones de pl\u00e1stico desmontables:<\/strong> Mejoran la estabilidad del soporte principal.<br \/>\n<strong data-start=\"1002\" data-end=\"1032\">Bolsillo trasero inferior:<\/strong> Facilita la colocaci\u00f3n del arn\u00e9s.<br \/>\n<strong data-start=\"1071\" data-end=\"1099\">Alta capacidad de carga:<\/strong> Soporta hasta <strong data-start=\"1114\" data-end=\"1124\">300 kg<\/strong><br \/>\n<strong data-start=\"1163\" data-end=\"1200\">Material transpirable y el\u00e1stico:<\/strong> Ideal para uso prolongado, proporcionando confort y ventilaci\u00f3n adecuada.<\/p>\n","protected":false},"excerpt":{"rendered":"<p>Arn\u00e9s Alto<\/p>\n<p class=\"\" data-start=\"86\" data-end=\"432\">El <strong data-start=\"89\" data-end=\"106\">HighBackSling<\/strong> es un arn\u00e9s dise\u00f1ado para facilitar la elevaci\u00f3n y el traslado de usuarios en actividades diarias, como la transferencia entre la cama y la silla de ruedas, especialmente cuando se requiere soporte adicional para la cabeza. Adem\u00e1s, permite levantar al usuario en posici\u00f3n supina desde el suelo de manera segura y eficiente.<br \/>\nSu dise\u00f1o ergon\u00f3mico garantiza una sujeci\u00f3n adecuada, adapt\u00e1ndose a las necesidades espec\u00edficas de cada paciente.<br \/>\nEste arn\u00e9s combina seguridad, comodidad y funcionalidad para optimizar la movilidad del usuario en diferentes entornos.<\/p>\n<p data-start=\"86\" data-end=\"432\"><strong>MARCA:\u00a0 HANDICARE<\/strong><\/p>\n<p data-start=\"86\" data-end=\"432\"><strong>PROCEDENCIA: HOLANDA<\/strong><\/p>\n","protected":false},"featured_media":16489,"comment_status":"open","ping_status":"closed","template":"","meta":{"_acf_changed":false},"product_brand":[1086],"product_cat":[1030,1144,1077,364],"product_tag":[1139,205,950],"class_list":{"0":"post-15698","1":"product","2":"type-product","3":"status-publish","4":"has-post-thumbnail","6":"product_brand-lifante","7":"product_cat-ayudas-diarias","8":"product_cat-lifante","9":"product_cat-transferencia-banos","10":"product_cat-gruas","11":"product_tag-arnes","12":"product_tag-grua","13":"product_tag-lifante","14":"product_shipping_class-mediano","15":"fb_product_set-lifante","17":"first","18":"instock","19":"shipping-taxable","20":"purchasable","21":"product-type-variable"},"acf":[],"_links":{"self":[{"href":"https:\/\/deltamed.cl\/tienda\/wp-json\/wp\/v2\/product\/15698","targetHints":{"allow":["GET"]}}],"collection":[{"href":"https:\/\/deltamed.cl\/tienda\/wp-json\/wp\/v2\/product"}],"about":[{"href":"https:\/\/deltamed.cl\/tienda\/wp-json\/wp\/v2\/types\/product"}],"replies":[{"embeddable":true,"href":"https:\/\/deltamed.cl\/tienda\/wp-json\/wp\/v2\/comments?post=15698"}],"version-history":[{"count":6,"href":"https:\/\/deltamed.cl\/tienda\/wp-json\/wp\/v2\/product\/15698\/revisions"}],"predecessor-version":[{"id":16798,"href":"https:\/\/deltamed.cl\/tienda\/wp-json\/wp\/v2\/product\/15698\/revisions\/16798"}],"wp:featuredmedia":[{"embeddable":true,"href":"https:\/\/deltamed.cl\/tienda\/wp-json\/wp\/v2\/media\/16489"}],"wp:attachment":[{"href":"https:\/\/deltamed.cl\/tienda\/wp-json\/wp\/v2\/media?parent=15698"}],"wp:term":[{"taxonomy":"product_brand","embeddable":true,"href":"https:\/\/deltamed.cl\/tienda\/wp-json\/wp\/v2\/product_brand?post=15698"},{"taxonomy":"product_cat","embeddable":true,"href":"https:\/\/deltamed.cl\/tienda\/wp-json\/wp\/v2\/product_cat?post=15698"},{"taxonomy":"product_tag","embeddable":true,"href":"https:\/\/deltamed.cl\/tienda\/wp-json\/wp\/v2\/product_tag?post=15698"}],"curies":[{"name":"wp","href":"https:\/\/api.w.org\/{rel}","templated":true}]}}