{"id":15690,"date":"2023-04-12T20:24:16","date_gmt":"2023-04-12T23:24:16","guid":{"rendered":"https:\/\/deltamed.cl\/tienda\/producto\/modelo-disco-giratorio\/"},"modified":"2026-02-27T07:16:54","modified_gmt":"2026-02-27T10:16:54","slug":"modelo-disco-giratorio","status":"publish","type":"product","link":"https:\/\/deltamed.cl\/tienda\/producto\/modelo-disco-giratorio\/","title":{"rendered":"Disco Giratorio"},"content":{"rendered":"<p>Disco Giratorio<\/p>\n<p>El Disco Giratorio &#8211; TurnTable, elimina casi por completo el esfuerzo necesario para girar a un paciente desde una posici\u00f3n a otra. El sistema, compuestos de dos discos integrados, permite rotar al paciente sin que este\u00a0 deba mover los pies.<br \/>\nTurnTable se utiliza para el traslado sentado entre la silla de ruedas y la cama, el inodoro o la silla\/sill\u00f3n.<\/p>\n<p>CARACTERISTICAS:<br \/>\n&#8211; Fabricado Policarbonato de alta resistencia<br \/>\n&#8211; Superficie de contacto fabricada en poliuretano<br \/>\n&#8211; Sistema de doble disco integrado<br \/>\n&#8211; Superficie anti-deslizante<br \/>\n&#8211; Muy liviano<br \/>\n&#8211; Alta resistencia<br \/>\n&#8211; Aza de transporte<br \/>\n&#8211; Disponible tambi\u00e9n en versi\u00f3n econ\u00f3mica<\/p>\n","protected":false},"excerpt":{"rendered":"<p>Disco giratorio<\/p>\n<p>El TurnTableSoft est\u00e1 fabricado para facilitar el giro cuando una persona est\u00e1 sentada. Consta de dos discos giratorios fabricados de material especial que reduce la fricci\u00f3n. Estos discos giren suavemente sobre s\u00ed mismos. El material es resistente a la suciedad. Ha sido fabricado para ser usado sobre las sillas de ruedas y las camas facilitando el giro cuando el usuario se sienta.<\/p>\n","protected":false},"featured_media":15691,"comment_status":"open","ping_status":"open","template":"","meta":{"_acf_changed":false},"product_brand":[1086],"product_cat":[1030,1077],"product_tag":[950],"class_list":{"0":"post-15690","1":"product","2":"type-product","3":"status-publish","4":"has-post-thumbnail","6":"product_brand-lifante","7":"product_cat-ayudas-diarias","8":"product_cat-transferencia-banos","9":"product_tag-lifante","10":"pa_ayudas-diarias-transferencia","11":"pa_marca-ayudas-diarias-sunshine","13":"first","14":"outofstock","15":"shipping-taxable","16":"purchasable","17":"product-type-simple"},"acf":[],"_links":{"self":[{"href":"https:\/\/deltamed.cl\/tienda\/wp-json\/wp\/v2\/product\/15690","targetHints":{"allow":["GET"]}}],"collection":[{"href":"https:\/\/deltamed.cl\/tienda\/wp-json\/wp\/v2\/product"}],"about":[{"href":"https:\/\/deltamed.cl\/tienda\/wp-json\/wp\/v2\/types\/product"}],"replies":[{"embeddable":true,"href":"https:\/\/deltamed.cl\/tienda\/wp-json\/wp\/v2\/comments?post=15690"}],"version-history":[{"count":1,"href":"https:\/\/deltamed.cl\/tienda\/wp-json\/wp\/v2\/product\/15690\/revisions"}],"predecessor-version":[{"id":16177,"href":"https:\/\/deltamed.cl\/tienda\/wp-json\/wp\/v2\/product\/15690\/revisions\/16177"}],"wp:featuredmedia":[{"embeddable":true,"href":"https:\/\/deltamed.cl\/tienda\/wp-json\/wp\/v2\/media\/15691"}],"wp:attachment":[{"href":"https:\/\/deltamed.cl\/tienda\/wp-json\/wp\/v2\/media?parent=15690"}],"wp:term":[{"taxonomy":"product_brand","embeddable":true,"href":"https:\/\/deltamed.cl\/tienda\/wp-json\/wp\/v2\/product_brand?post=15690"},{"taxonomy":"product_cat","embeddable":true,"href":"https:\/\/deltamed.cl\/tienda\/wp-json\/wp\/v2\/product_cat?post=15690"},{"taxonomy":"product_tag","embeddable":true,"href":"https:\/\/deltamed.cl\/tienda\/wp-json\/wp\/v2\/product_tag?post=15690"}],"curies":[{"name":"wp","href":"https:\/\/api.w.org\/{rel}","templated":true}]}}