{"id":15614,"date":"2023-04-12T20:08:06","date_gmt":"2023-04-12T23:08:06","guid":{"rendered":"https:\/\/deltamed.cl\/tienda\/producto\/alza-wc-con-apoya-brazos\/"},"modified":"2026-02-27T13:52:40","modified_gmt":"2026-02-27T16:52:40","slug":"alza-wc-con-apoya-brazos","status":"publish","type":"product","link":"https:\/\/deltamed.cl\/tienda\/producto\/alza-wc-con-apoya-brazos\/","title":{"rendered":"Alza wc con apoya brazos"},"content":{"rendered":"<p>Este producto est\u00e1 equipado con reposabrazos abatibles para permitir al paciente levantarse m\u00e1s f\u00e1cilmente y<br \/>\nla realizaci\u00f3n de transferencias.<\/p>\n<p>Materiales: Acero recubierto con pintura epoxi, polipropileno<\/p>\n<p>CARACTERISTICAS:<br \/>\n\u2022 4 clips para una fijaci\u00f3n segura<br \/>\n\u2022 Fuerte estructura inoxidable de polipropileno<br \/>\n\u2022 Apoyabrazos de ayuda, con goma antideslizante.<br \/>\n\u2022 Mecanismo de f\u00e1cil ensamblaje.<br \/>\n\u2022 Instalaci\u00f3n sin herramientas<br \/>\n\u2022 F\u00e1cil de remover para limpiar<br \/>\n\u2022 F\u00e1cilmente se ajusta a todo tipo de taza de ba\u00f1o<br \/>\n\u2022 Eleva hasta 11 cm (4.5 pulgadas)<\/p>\n<p>CARACTERISTICAS TECNICAS:<\/p>\n<p>Elevaci\u00f3n (altura ) 11 cm<\/p>\n<p>Ancho total 66 cm<\/p>\n<p>Profundidad total 42 cm<\/p>\n<p>Dimensi\u00f3n interior 25&#215;21 cm<\/p>\n<p>Peso del producto 2,7 kg<\/p>\n<p>Max peso usuario 100 KG<\/p>\n","protected":false},"excerpt":{"rendered":"<p>Este producto est\u00e1 equipado con reposabrazos abatibles para permitir al paciente levantarse m\u00e1s f\u00e1cilmente y<br \/>\nla realizaci\u00f3n de transferencias.<\/p>\n<p>Materiales: Acero recubierto con pintura epoxi, polipropileno<\/p>\n<p>CARACTERISTICAS:<br \/>\n\u2022 4 clips para una fijaci\u00f3n segura<br \/>\n\u2022 Fuerte estructura inoxidable de polipropileno<br \/>\n\u2022 Apoyabrazos de ayuda, con goma antideslizante.<br \/>\n\u2022 Mecanismo de f\u00e1cil ensamblaje.<br \/>\n\u2022 Instalaci\u00f3n sin herramientas<br \/>\n\u2022 F\u00e1cil de remover para limpiar<br \/>\n\u2022 F\u00e1cilmente se ajusta a todo tipo de taza de ba\u00f1o<br \/>\n\u2022 Eleva hasta 11 cm (4.5 pulgadas)<\/p>\n<p>CARACTERISTICAS TECNICAS:<\/p>\n<p>Elevaci\u00f3n (altura ) 11 cm<\/p>\n<p>Ancho total 66 cm<\/p>\n<p>Profundidad total 42 cm<\/p>\n<p>Dimensi\u00f3n interior 25&#215;21 cm<\/p>\n<p>Peso del producto 2,7 kg<\/p>\n<p>Max peso usuario 100 KG<\/p>\n","protected":false},"featured_media":17485,"comment_status":"open","ping_status":"closed","template":"","meta":{"_acf_changed":false},"product_brand":[1086],"product_cat":[1062,1030,1031,1144],"product_tag":[26,950],"class_list":{"0":"post-15614","1":"product","2":"type-product","3":"status-publish","4":"has-post-thumbnail","6":"product_brand-lifante","7":"product_cat-accesorios","8":"product_cat-ayudas-diarias","9":"product_cat-bano","10":"product_cat-lifante","11":"product_tag-bano","12":"product_tag-lifante","13":"product_shipping_class-mediano","14":"pa_ayudas-diarias-bano","15":"pa_marca-ayudas-diarias-herdegen","16":"fb_product_set-lifante","18":"first","19":"instock","20":"shipping-taxable","21":"purchasable","22":"product-type-simple"},"acf":[],"_links":{"self":[{"href":"https:\/\/deltamed.cl\/tienda\/wp-json\/wp\/v2\/product\/15614","targetHints":{"allow":["GET"]}}],"collection":[{"href":"https:\/\/deltamed.cl\/tienda\/wp-json\/wp\/v2\/product"}],"about":[{"href":"https:\/\/deltamed.cl\/tienda\/wp-json\/wp\/v2\/types\/product"}],"replies":[{"embeddable":true,"href":"https:\/\/deltamed.cl\/tienda\/wp-json\/wp\/v2\/comments?post=15614"}],"version-history":[{"count":7,"href":"https:\/\/deltamed.cl\/tienda\/wp-json\/wp\/v2\/product\/15614\/revisions"}],"predecessor-version":[{"id":17487,"href":"https:\/\/deltamed.cl\/tienda\/wp-json\/wp\/v2\/product\/15614\/revisions\/17487"}],"wp:featuredmedia":[{"embeddable":true,"href":"https:\/\/deltamed.cl\/tienda\/wp-json\/wp\/v2\/media\/17485"}],"wp:attachment":[{"href":"https:\/\/deltamed.cl\/tienda\/wp-json\/wp\/v2\/media?parent=15614"}],"wp:term":[{"taxonomy":"product_brand","embeddable":true,"href":"https:\/\/deltamed.cl\/tienda\/wp-json\/wp\/v2\/product_brand?post=15614"},{"taxonomy":"product_cat","embeddable":true,"href":"https:\/\/deltamed.cl\/tienda\/wp-json\/wp\/v2\/product_cat?post=15614"},{"taxonomy":"product_tag","embeddable":true,"href":"https:\/\/deltamed.cl\/tienda\/wp-json\/wp\/v2\/product_tag?post=15614"}],"curies":[{"name":"wp","href":"https:\/\/api.w.org\/{rel}","templated":true}]}}