{"id":15611,"date":"2023-04-12T20:07:38","date_gmt":"2023-04-12T23:07:38","guid":{"rendered":"https:\/\/deltamed.cl\/tienda\/producto\/silla-de-transferencia\/"},"modified":"2026-02-27T13:30:53","modified_gmt":"2026-02-27T16:30:53","slug":"silla-de-transferencia","status":"publish","type":"product","link":"https:\/\/deltamed.cl\/tienda\/producto\/silla-de-transferencia\/","title":{"rendered":"Silla de transferencia"},"content":{"rendered":"<p>Silla De Transferencia<\/p>\n<p>Esta silla es ideal para el aseo del paciente, ya que les permite mover al paciente hacia la ducha y viceversa en los espacios ya existentes sin necesidad de realizar obras adicionales para su instalaci\u00f3n.<\/p>\n<p>Especificaciones:<\/p>\n<p>Asiento y respaldo fabricados en material pl\u00e1stico ergon\u00f3mico, impermeable, hipoalerg\u00e9nico y lavable.<\/p>\n<p>Marco de aluminio anodizado con baranda de seguridad en el costado derecho.<\/p>\n<p>Las patas tienen topes de caucho antideslizantes, lo que provee una mayor estabilidad al producto.<\/p>\n<p>Peso del producto 5 kilos<\/p>\n<p>Peso usuario 140 kilos<\/p>\n<p>Altura regulable:\u00a045,5 a 55,5 Cent\u00edmetros<\/p>\n<p>&nbsp;<\/p>\n","protected":false},"excerpt":{"rendered":"<p>Silla De Transferencia<\/p>\n<p>Esta silla es ideal para el aseo del paciente, ya que les permite mover al paciente hacia la ducha y viceversa en los espacios ya existentes sin necesidad de realizar obras adicionales para su instalaci\u00f3n.<\/p>\n","protected":false},"featured_media":15612,"comment_status":"open","ping_status":"closed","template":"","meta":{"_acf_changed":false},"product_brand":[1086],"product_cat":[1030,1031,1032],"product_tag":[950],"class_list":{"0":"post-15611","1":"product","2":"type-product","3":"status-publish","4":"has-post-thumbnail","6":"product_brand-lifante","7":"product_cat-ayudas-diarias","8":"product_cat-bano","9":"product_cat-sillas-bano","10":"product_tag-lifante","11":"pa_ayudas-diarias-bano","12":"pa_marca-ayudas-diarias-caremax","14":"first","15":"instock","16":"shipping-taxable","17":"purchasable","18":"product-type-simple"},"acf":[],"_links":{"self":[{"href":"https:\/\/deltamed.cl\/tienda\/wp-json\/wp\/v2\/product\/15611","targetHints":{"allow":["GET"]}}],"collection":[{"href":"https:\/\/deltamed.cl\/tienda\/wp-json\/wp\/v2\/product"}],"about":[{"href":"https:\/\/deltamed.cl\/tienda\/wp-json\/wp\/v2\/types\/product"}],"replies":[{"embeddable":true,"href":"https:\/\/deltamed.cl\/tienda\/wp-json\/wp\/v2\/comments?post=15611"}],"version-history":[{"count":3,"href":"https:\/\/deltamed.cl\/tienda\/wp-json\/wp\/v2\/product\/15611\/revisions"}],"predecessor-version":[{"id":17155,"href":"https:\/\/deltamed.cl\/tienda\/wp-json\/wp\/v2\/product\/15611\/revisions\/17155"}],"wp:featuredmedia":[{"embeddable":true,"href":"https:\/\/deltamed.cl\/tienda\/wp-json\/wp\/v2\/media\/15612"}],"wp:attachment":[{"href":"https:\/\/deltamed.cl\/tienda\/wp-json\/wp\/v2\/media?parent=15611"}],"wp:term":[{"taxonomy":"product_brand","embeddable":true,"href":"https:\/\/deltamed.cl\/tienda\/wp-json\/wp\/v2\/product_brand?post=15611"},{"taxonomy":"product_cat","embeddable":true,"href":"https:\/\/deltamed.cl\/tienda\/wp-json\/wp\/v2\/product_cat?post=15611"},{"taxonomy":"product_tag","embeddable":true,"href":"https:\/\/deltamed.cl\/tienda\/wp-json\/wp\/v2\/product_tag?post=15611"}],"curies":[{"name":"wp","href":"https:\/\/api.w.org\/{rel}","templated":true}]}}