{"id":15607,"date":"2023-04-12T16:03:53","date_gmt":"2023-04-12T19:03:53","guid":{"rendered":"https:\/\/deltamed.cl\/tienda\/producto\/modelo-grillo-anterior-pt-adultos\/"},"modified":"2026-04-28T14:13:18","modified_gmt":"2026-04-28T17:13:18","slug":"entrenador-de-marcha-grillo-modelo-pt","status":"publish","type":"product","link":"https:\/\/deltamed.cl\/tienda\/producto\/entrenador-de-marcha-grillo-modelo-pt\/","title":{"rendered":"Entrenador de marcha grillo modelo pt"},"content":{"rendered":"<p>Entrenador de marcha grillo modelo pt<\/p>\n<p>Ormesa.<br \/>\nFabricaci\u00f3n Italiana.<\/p>\n<p>El andador Grillo es un andador dise\u00f1ado para personas con necesidades especiales, facilitando su desplazamiento con seguridad y estabilidad.<br \/>\nGracias a su estructura ajustable, se adapta a diferentes tallas, posturas y niveles de capacidad motriz. Su bastidor ligero cuenta con un sistema de plegado de un solo paso, lo que permite transportarlo y almacenarlo con facilidad. Las ruedas delanteras giratorias mejoran la maniobrabilidad, permitiendo movimientos m\u00e1s fluidos en distintos espacios.<br \/>\nIncluye apoyos regulables de tronco y pelvis, dise\u00f1ados para brindar estabilidad y favorecer una postura correcta. Adem\u00e1s, su arn\u00e9s ergon\u00f3mico, lavable a m\u00e1quina, proporciona un soporte seguro sin generar presi\u00f3n en la zona interna de los muslos ni en la ingle.<\/p>\n<p class=\"\" data-start=\"778\" data-end=\"931\">La barra de la manija es ajustable en altura, ofreciendo un agarre firme para un mejor control del andador y mayor autonom\u00eda en la movilidad del usuario.<\/p>\n<p class=\"\" data-start=\"0\" data-end=\"51\"><strong data-start=\"0\" data-end=\"49\">Caracter\u00edsticas :<br \/>\n<\/strong>-Dise\u00f1o especializado: Entrenador de marcha para usuarios con necesidades especiales.<br \/>\n-Estructura ajustable: Permite adaptarse a distintas capacidades y requerimientos posturales.<br \/>\n-Bastidor plegable: Sistema de plegado de un solo paso para facilitar almacenamiento y transporte.<br \/>\n-Ruedas delanteras giratorias: Mejora la maniobrabilidad en diferentes superficies.<br \/>\n-Apoyos regulables: Soportes de tronco y pelvis que brindan estabilidad y seguridad.<br \/>\n-Arn\u00e9s ergon\u00f3mico lavable: Proporciona soporte sin presi\u00f3n en la ingle ni el muslo interno.<\/p>\n<p class=\"\" data-start=\"0\" data-end=\"51\">-Apoyo Tor\u00e1cico: Proporcionando sujeci\u00f3n y posicionamiento a nivel de tronco, favoreciendo una marcha segura<\/p>\n<p data-start=\"0\" data-end=\"51\">Caracter\u00edsticas claves de este modelo: tiene apoyo a nivel de caderas (sujeci\u00f3n tipo calz\u00f3n), y apoyo a nivel de torax, adem\u00e1s de apoyo de extremidad superior mediante una media luna posicionada enfrente del usuario . Mismo andador puede transformarse en anterior o posterior.<\/p>\n<p data-start=\"0\" data-end=\"51\">Tallas:<\/p>\n<p data-start=\"0\" data-end=\"51\">Talla Mini: para personas entre 75 cm y 95 cm, con un soporte m\u00e1ximo de peso de 35 KG<\/p>\n<p data-start=\"0\" data-end=\"51\">Talla S (1-2): para personas entre 90 cm y 135 cm, con un soporte m\u00e1ximo de peso de 45 KG<\/p>\n<p data-start=\"0\" data-end=\"51\">Talla M(3-4): para personas entre 110 cm y 165 cm, con un soporte m\u00e1ximo de peso de 90 KG<\/p>\n<p data-start=\"0\" data-end=\"51\">Talla L (5): para personas entre 150 cm y 190 cm, con un soporte m\u00e1ximo de peso de 110 KG<\/p>\n<p data-start=\"0\" data-end=\"51\">*SOLO DISPONIBLE TALLA 1-2 FORMATO ANTERIOR Y POSTERIOR<\/p>\n<p data-start=\"0\" data-end=\"51\">* SOLO DISPONIBLE TALLA 5 FORMATO ANTERIOR Y POSTERIOR<\/p>\n<p data-start=\"0\" data-end=\"51\">*Cualquier otra configuraci\u00f3n queda sujeta a importaci\u00f3n, al igual que los valores.<\/p>\n","protected":false},"excerpt":{"rendered":"<p>Entrenador de marcha grillo modelo pt<\/p>\n<p>Ormesa.<br \/>\nFabricaci\u00f3n Italiana.<\/p>\n<p>El andador Grillo es un andador dise\u00f1ado para personas con necesidades especiales, facilitando su desplazamiento con seguridad y estabilidad.<br \/>\nGracias a su estructura ajustable, se adapta a diferentes tallas, posturas y niveles de capacidad motriz. Su bastidor ligero cuenta con un sistema de plegado de un solo paso, lo que permite transportarlo y almacenarlo con facilidad. Las ruedas delanteras giratorias mejoran la maniobrabilidad, permitiendo movimientos m\u00e1s fluidos en distintos espacios.<br \/>\nIncluye apoyos regulables de tronco y pelvis, dise\u00f1ados para brindar estabilidad y favorecer una postura correcta. Adem\u00e1s, su arn\u00e9s ergon\u00f3mico, lavable a m\u00e1quina, proporciona un soporte seguro sin generar presi\u00f3n en la zona interna de los muslos ni en la ingle.<\/p>\n<p data-start=\"0\" data-end=\"51\">Tallas:<\/p>\n<p data-start=\"0\" data-end=\"51\">Talla Mini: para personas entre 75 cm y 95 cm, con un soporte m\u00e1ximo de peso de 35 KG<\/p>\n<p data-start=\"0\" data-end=\"51\">Talla S (1-2): para personas entre 90 cm y 135 cm, con un soporte m\u00e1ximo de peso de 45 KG<\/p>\n<p data-start=\"0\" data-end=\"51\">Talla M(3-4): para personas entre 110 cm y 165 cm, con un soporte m\u00e1ximo de peso de 90 KG<\/p>\n<p data-start=\"0\" data-end=\"51\">Talla L (5): para personas entre 150 cm y 190 cm, con un soporte m\u00e1ximo de peso de 110 KG<\/p>\n<p data-start=\"0\" data-end=\"51\">*SOLO DISPONIBLE TALLA 1-2 FORMATO ANTERIOR Y POSTERIOR<\/p>\n<p data-start=\"0\" data-end=\"51\">* SOLO DISPONIBLE TALLA 5 FORMATO ANTERIOR Y POSTERIOR<\/p>\n<p data-start=\"0\" data-end=\"51\">*Cualquier otra configuraci\u00f3n queda sujeta a importaci\u00f3n, al igual que los valores.<\/p>\n","protected":false},"featured_media":17366,"comment_status":"open","ping_status":"closed","template":"","meta":{"_acf_changed":false},"product_brand":[1086],"product_cat":[1039,1068,1033,1200,365],"product_tag":[58,1131,1130],"class_list":{"0":"post-15607","1":"product","2":"type-product","3":"status-publish","4":"has-post-thumbnail","6":"product_brand-lifante","7":"product_cat-andador","8":"product_cat-entrenadores-de-marcha-movilidad","9":"product_cat-movilidad-ninos","10":"product_cat-ofertas-2026","11":"product_cat-andadores","12":"product_tag-andador","13":"product_tag-andador-anterior","14":"product_tag-entrenador-de-marcha","15":"product_shipping_class-grande","16":"pa_marcas-mobilidad-ormesa","17":"pa_movilidad-entrenadores-de-marcha","18":"fb_product_set-lifante","20":"first","21":"instock","22":"featured","23":"shipping-taxable","24":"purchasable","25":"product-type-variable"},"acf":[],"_links":{"self":[{"href":"https:\/\/deltamed.cl\/tienda\/wp-json\/wp\/v2\/product\/15607","targetHints":{"allow":["GET"]}}],"collection":[{"href":"https:\/\/deltamed.cl\/tienda\/wp-json\/wp\/v2\/product"}],"about":[{"href":"https:\/\/deltamed.cl\/tienda\/wp-json\/wp\/v2\/types\/product"}],"replies":[{"embeddable":true,"href":"https:\/\/deltamed.cl\/tienda\/wp-json\/wp\/v2\/comments?post=15607"}],"version-history":[{"count":7,"href":"https:\/\/deltamed.cl\/tienda\/wp-json\/wp\/v2\/product\/15607\/revisions"}],"predecessor-version":[{"id":16754,"href":"https:\/\/deltamed.cl\/tienda\/wp-json\/wp\/v2\/product\/15607\/revisions\/16754"}],"wp:featuredmedia":[{"embeddable":true,"href":"https:\/\/deltamed.cl\/tienda\/wp-json\/wp\/v2\/media\/17366"}],"wp:attachment":[{"href":"https:\/\/deltamed.cl\/tienda\/wp-json\/wp\/v2\/media?parent=15607"}],"wp:term":[{"taxonomy":"product_brand","embeddable":true,"href":"https:\/\/deltamed.cl\/tienda\/wp-json\/wp\/v2\/product_brand?post=15607"},{"taxonomy":"product_cat","embeddable":true,"href":"https:\/\/deltamed.cl\/tienda\/wp-json\/wp\/v2\/product_cat?post=15607"},{"taxonomy":"product_tag","embeddable":true,"href":"https:\/\/deltamed.cl\/tienda\/wp-json\/wp\/v2\/product_tag?post=15607"}],"curies":[{"name":"wp","href":"https:\/\/api.w.org\/{rel}","templated":true}]}}