{"id":15578,"date":"2023-04-12T19:53:24","date_gmt":"2023-04-12T22:53:24","guid":{"rendered":"https:\/\/deltamed.cl\/tienda\/producto\/baston-combi-soft\/"},"modified":"2026-02-27T13:52:40","modified_gmt":"2026-02-27T16:52:40","slug":"baston-combi-soft","status":"publish","type":"product","link":"https:\/\/deltamed.cl\/tienda\/producto\/baston-combi-soft\/","title":{"rendered":"Bast\u00f3n combi Soft"},"content":{"rendered":"<p>Bast\u00f3n Combi Soft<\/p>\n<p>Este bast\u00f3n es una opci\u00f3n para mejorar la locomoci\u00f3n y movilizaci\u00f3n de las personas. Funciona brindando apoyo y soporte complementario al cuerpo mientras la persona camina. Suele utilizarse cuando el cuerpo no logra tener sost\u00e9n y necesita un suplemento terap\u00e9utico.<\/p>\n<p>Caracter\u00edsticas:<br \/>\n\u2022 Estructura tubular en aluminio anodizado de alta resistencia.<br \/>\n\u2022 Regat\u00f3n fabricado en goma y caucho antideslizante en la base, contiene en el interior una placa que reduce el ruido.<br \/>\n\u2022 Empu\u00f1adura de goma ergon\u00f3mica, anat\u00f3mica, fija y antideslizante.<br \/>\n\u2022 Codera fija fabricada en Nylon, resina de alta resistencia<br \/>\n\u2022 Debido a su gran capacidad de regulaci\u00f3n puede ser usado por personas de estatura peque\u00f1a, mediana y alta.<br \/>\n\u2022 Ajustable en altura con 3 regulaciones desde el mango hasta el pu\u00f1o.<br \/>\n\u2022 Regulaci\u00f3n inferior, con posibilidad de 10 niveles de 2,5cm c\/u.<br \/>\n\u2022 Manipulable sin herramientas.<br \/>\n\u2022 Sistema de seguros (anillo \/ bot\u00f3n) para cada uno de los rangos de regulaci\u00f3n.<br \/>\n\u2022 Cuenta con reflector.<br \/>\n\u2022 Soporte peso usuario hasta 130 kg<\/p>\n","protected":false},"excerpt":{"rendered":"<p>Bast\u00f3n Combi Soft<\/p>\n<p>Este bast\u00f3n mejora la movilidad al brindar apoyo y soporte complementario al caminar. Su estructura de aluminio anodizado es resistente y regulable en altura, permitiendo su uso por personas de distintas estaturas. Cuenta con empu\u00f1adura ergon\u00f3mica fija, codera de nylon de alta resistencia y regat\u00f3n antideslizante con placa reductora de ruido. Su sistema de seguros (anillo\/bot\u00f3n) permite ajustes con tres regulaciones superiores y diez inferiores de 2.5 cm cada una. Incluye reflector, soporta hasta 130 kg y puede manipularse sin herramientas.<\/p>\n","protected":false},"featured_media":15579,"comment_status":"open","ping_status":"closed","template":"","meta":{"_acf_changed":false},"product_brand":[1086],"product_cat":[23,1067,1144,368,34],"product_tag":[950],"class_list":{"0":"post-15578","1":"product","2":"type-product","3":"status-publish","4":"has-post-thumbnail","6":"product_brand-lifante","7":"product_cat-ayudas-tecnicas-de-bano","8":"product_cat-baston","9":"product_cat-lifante","10":"product_cat-bastones","11":"product_cat-movilidad","12":"product_tag-lifante","13":"product_shipping_class-pequeno","14":"pa_marcas-mobilidad-rebotec","15":"pa_movilidad-bastones","16":"fb_product_set-lifante","18":"first","19":"instock","20":"shipping-taxable","21":"purchasable","22":"product-type-simple"},"acf":[],"_links":{"self":[{"href":"https:\/\/deltamed.cl\/tienda\/wp-json\/wp\/v2\/product\/15578","targetHints":{"allow":["GET"]}}],"collection":[{"href":"https:\/\/deltamed.cl\/tienda\/wp-json\/wp\/v2\/product"}],"about":[{"href":"https:\/\/deltamed.cl\/tienda\/wp-json\/wp\/v2\/types\/product"}],"replies":[{"embeddable":true,"href":"https:\/\/deltamed.cl\/tienda\/wp-json\/wp\/v2\/comments?post=15578"}],"version-history":[{"count":4,"href":"https:\/\/deltamed.cl\/tienda\/wp-json\/wp\/v2\/product\/15578\/revisions"}],"predecessor-version":[{"id":16886,"href":"https:\/\/deltamed.cl\/tienda\/wp-json\/wp\/v2\/product\/15578\/revisions\/16886"}],"wp:featuredmedia":[{"embeddable":true,"href":"https:\/\/deltamed.cl\/tienda\/wp-json\/wp\/v2\/media\/15579"}],"wp:attachment":[{"href":"https:\/\/deltamed.cl\/tienda\/wp-json\/wp\/v2\/media?parent=15578"}],"wp:term":[{"taxonomy":"product_brand","embeddable":true,"href":"https:\/\/deltamed.cl\/tienda\/wp-json\/wp\/v2\/product_brand?post=15578"},{"taxonomy":"product_cat","embeddable":true,"href":"https:\/\/deltamed.cl\/tienda\/wp-json\/wp\/v2\/product_cat?post=15578"},{"taxonomy":"product_tag","embeddable":true,"href":"https:\/\/deltamed.cl\/tienda\/wp-json\/wp\/v2\/product_tag?post=15578"}],"curies":[{"name":"wp","href":"https:\/\/api.w.org\/{rel}","templated":true}]}}