{"id":15572,"date":"2023-04-12T15:52:27","date_gmt":"2023-04-12T18:52:27","guid":{"rendered":"https:\/\/deltamed.cl\/tienda\/producto\/codera-movil-dos-regulaciones\/"},"modified":"2026-02-27T13:52:40","modified_gmt":"2026-02-27T16:52:40","slug":"codera-movil-dos-regulaciones","status":"publish","type":"product","link":"https:\/\/deltamed.cl\/tienda\/producto\/codera-movil-dos-regulaciones\/","title":{"rendered":"Bast\u00f3n Codera M\u00f3vil 2 regulaciones cm9"},"content":{"rendered":"<p>Bast\u00f3n Codera M\u00f3vil 2 regulaciones cm9<\/p>\n<p><b>USO:\u00a0\u00a0<\/b><\/p>\n<p><span style=\"font-weight: 400\">El bast\u00f3n canadiense de codera m\u00f3vil es una opci\u00f3n para mejorar la locomoci\u00f3n y movilizaci\u00f3n de las personas. Este funciona brindando apoyo y soporte complementario al cuerpo mientras la persona camina. Suele utilizarse cuando el cuerpo no logra tener sost\u00e9n y necesita un suplemento terap\u00e9utico.<\/span><b>\u00a0<\/b><\/p>\n<p><b>CARACTERISTICAS:<\/b><\/p>\n<ul>\n<li style=\"font-weight: 400\"><span style=\"font-weight: 400\">Estructura tubular en aluminio anodizado de alta resistencia.<\/span><\/li>\n<li style=\"font-weight: 400\"><span style=\"font-weight: 400\">Regat\u00f3n fabricado en goma y caucho antideslizante de 4.5 cms en la base, contiene en el interior una placa que reduce el ruido.<\/span><\/li>\n<li style=\"font-weight: 400\"><span style=\"font-weight: 400\">Tubo principal de 2.5 cms. de ancho y espesor es de 1.5 mm<\/span><\/li>\n<li style=\"font-weight: 400\"><span style=\"font-weight: 400\">Codera m\u00f3vil fabricada en Nylon, resina de alta resistencia. Aro de codera de 22 cms. \u00e1ngulo de inclinaci\u00f3n de 25\u00b0 a 30\u00b0.<\/span><\/li>\n<li style=\"font-weight: 400\"><span style=\"font-weight: 400\">Debido a su gran capacidad de regulaci\u00f3n puede ser usado por personas de estatura peque\u00f1a,\u00a0<\/span><\/li>\n<li style=\"font-weight: 400\"><span style=\"font-weight: 400\">mediana y alta<\/span><\/li>\n<li style=\"font-weight: 400\"><span style=\"font-weight: 400\">Empu\u00f1adura fija, con tope anterior de 3 cms. de di\u00e1metro.<\/span><\/li>\n<li style=\"font-weight: 400\"><span style=\"font-weight: 400\">Manipulable sin herramientas.<\/span><\/li>\n<li style=\"font-weight: 400\"><span style=\"font-weight: 400\">Seguros para cada una de los rangos de regulaci\u00f3n.<\/span><\/li>\n<li style=\"font-weight: 400\"><span style=\"font-weight: 400\">Incluye un regat\u00f3n de repuesto.\u00a0<\/span><\/li>\n<\/ul>\n<p><b>ESPECIFICACIONES T\u00c9CNICAS:<\/b><\/p>\n<table>\n<tbody>\n<tr>\n<td><b>Descripci\u00f3n<\/b><\/td>\n<td><b>CM<\/b><\/td>\n<\/tr>\n<tr>\n<td><span style=\"font-weight: 400\">Altura m\u00ednima del suelo a la empu\u00f1adura<\/span><\/td>\n<td><span style=\"font-weight: 400\">69 cm<\/span><\/td>\n<\/tr>\n<tr>\n<td><span style=\"font-weight: 400\">Altura m\u00e1xima del suelo a la empu\u00f1adura<\/span><\/td>\n<td><span style=\"font-weight: 400\">94 cm<\/span><\/td>\n<\/tr>\n<tr>\n<td><span style=\"font-weight: 400\">Altura m\u00e1xima del suelo al tope<\/span><\/td>\n<td><span style=\"font-weight: 400\">122,5 cm<\/span><\/td>\n<\/tr>\n<tr>\n<td><span style=\"font-weight: 400\">Altura m\u00ednima del suelo al tope<\/span><\/td>\n<td><span style=\"font-weight: 400\">90,5 cm<\/span><\/td>\n<\/tr>\n<tr>\n<td><span style=\"font-weight: 400\">Altura m\u00e1xima de la empu\u00f1adura al tope<\/span><\/td>\n<td><span style=\"font-weight: 400\">32 cm<\/span><\/td>\n<\/tr>\n<tr>\n<td><span style=\"font-weight: 400\">Altura m\u00ednima de la empu\u00f1adura al tope<\/span><\/td>\n<td><span style=\"font-weight: 400\">24 cm<\/span><\/td>\n<\/tr>\n<tr>\n<td><span style=\"font-weight: 400\">Posiciones de regulaci\u00f3n superior<\/span><\/td>\n<td><span style=\"font-weight: 400\">4 posiciones<\/span><\/td>\n<\/tr>\n<tr>\n<td><span style=\"font-weight: 400\">Posiciones de regulaci\u00f3n inferior<\/span><\/td>\n<td><span style=\"font-weight: 400\">11 posiciones<\/span><\/td>\n<\/tr>\n<tr>\n<td><span style=\"font-weight: 400\">Peso m\u00e1ximo que resiste<\/span><\/td>\n<td><span style=\"font-weight: 400\">100 kg<\/span><\/td>\n<\/tr>\n<\/tbody>\n<\/table>\n<p>&nbsp;<\/p>\n<p><span style=\"font-weight: 400\">\u00a0<\/span><\/p>\n","protected":false},"excerpt":{"rendered":"<p>Bast\u00f3n Codera M\u00f3vil 2 regulaciones cm9<\/p>\n<p><span style=\"font-weight: 400\">El bast\u00f3n canadiense de codera m\u00f3vil es una opci\u00f3n para mejorar la locomoci\u00f3n y movilizaci\u00f3n de las personas. Este funciona brindando apoyo y soporte complementario al cuerpo mientras la persona camina. Suele utilizarse cuando el cuerpo no logra tener sost\u00e9n y necesita un suplemento terap\u00e9utico.<\/span><b>\u00a0<\/b><\/p>\n","protected":false},"featured_media":17582,"comment_status":"open","ping_status":"closed","template":"","meta":{"_acf_changed":false},"product_brand":[1086],"product_cat":[23,368,34],"product_tag":[],"class_list":{"0":"post-15572","1":"product","2":"type-product","3":"status-publish","4":"has-post-thumbnail","6":"product_brand-lifante","7":"product_cat-ayudas-tecnicas-de-bano","8":"product_cat-bastones","9":"product_cat-movilidad","10":"product_shipping_class-pequeno","11":"pa_marcas-mobilidad-orthos-xxi","12":"pa_movilidad-bastones","14":"first","15":"instock","16":"shipping-taxable","17":"purchasable","18":"product-type-simple"},"acf":[],"_links":{"self":[{"href":"https:\/\/deltamed.cl\/tienda\/wp-json\/wp\/v2\/product\/15572","targetHints":{"allow":["GET"]}}],"collection":[{"href":"https:\/\/deltamed.cl\/tienda\/wp-json\/wp\/v2\/product"}],"about":[{"href":"https:\/\/deltamed.cl\/tienda\/wp-json\/wp\/v2\/types\/product"}],"replies":[{"embeddable":true,"href":"https:\/\/deltamed.cl\/tienda\/wp-json\/wp\/v2\/comments?post=15572"}],"version-history":[{"count":5,"href":"https:\/\/deltamed.cl\/tienda\/wp-json\/wp\/v2\/product\/15572\/revisions"}],"predecessor-version":[{"id":17705,"href":"https:\/\/deltamed.cl\/tienda\/wp-json\/wp\/v2\/product\/15572\/revisions\/17705"}],"wp:featuredmedia":[{"embeddable":true,"href":"https:\/\/deltamed.cl\/tienda\/wp-json\/wp\/v2\/media\/17582"}],"wp:attachment":[{"href":"https:\/\/deltamed.cl\/tienda\/wp-json\/wp\/v2\/media?parent=15572"}],"wp:term":[{"taxonomy":"product_brand","embeddable":true,"href":"https:\/\/deltamed.cl\/tienda\/wp-json\/wp\/v2\/product_brand?post=15572"},{"taxonomy":"product_cat","embeddable":true,"href":"https:\/\/deltamed.cl\/tienda\/wp-json\/wp\/v2\/product_cat?post=15572"},{"taxonomy":"product_tag","embeddable":true,"href":"https:\/\/deltamed.cl\/tienda\/wp-json\/wp\/v2\/product_tag?post=15572"}],"curies":[{"name":"wp","href":"https:\/\/api.w.org\/{rel}","templated":true}]}}