{"id":15550,"date":"2023-04-12T14:54:08","date_gmt":"2023-04-12T17:54:08","guid":{"rendered":"https:\/\/deltamed.cl\/tienda\/producto\/andador-walk-on-sin-ruedas-adulto-infantil\/"},"modified":"2026-03-17T15:53:50","modified_gmt":"2026-03-17T18:53:50","slug":"andador-walk-on-sin-ruedas-adulto-pediatrico","status":"publish","type":"product","link":"https:\/\/deltamed.cl\/tienda\/producto\/andador-walk-on-sin-ruedas-adulto-pediatrico\/","title":{"rendered":"Andador walk on sin ruedas adulto pedi\u00e1trico"},"content":{"rendered":"<p>Andador walk on sin ruedas adulto pedi\u00e1trico<\/p>\n<p>USO:<br \/>\n\u2022 Tradicional andador plegable y articulado, ideal para usuarios con movilidad reducida que necesiten un soporte para desplazarse. Fabricado en aluminio y regulable en altura, este producto es una opci\u00f3n para mejorar la locomoci\u00f3n y movilizaci\u00f3n de las personas. Este funciona brindando apoyo y soporte complementario al cuerpo mientras la persona camina. Suele utilizarse cuando el cuerpo no logra tener sost\u00e9n y necesita un suplemento terap\u00e9utico.<\/p>\n<p>CARACTERISTICAS:<br \/>\n\u2022 Estructura tubular en aluminio anodizado de alta resistencia. Articulado y plegable.<br \/>\n\u2022 Empu\u00f1aduras de goma, ergon\u00f3micas y antideslizantes para dar mayor seguridad en el agarre.<br \/>\n\u2022 Con 2 regatones (tacos) de goma antideslizantes en los puntos de apoyo traseros.<br \/>\n\u2022 Sistema de plegado con bot\u00f3n de seguridad.<br \/>\n\u2022 Regulable en altura de 5 a 10 posiciones seg\u00fan talla.<br \/>\n\u2022 Cuenta con manual de uso.<br \/>\n\u2022 Incluye 2 regatones de repuesto<br \/>\n\u2022 Manipulable sin herramientas para su correcto uso y funcionamiento<\/p>\n<p>ESPECIFICACIONES T\u00c9CNICAS:<br \/>\nTama\u00f1o XS S M L<br \/>\nTama\u00f1o &#8211; Modelo 174.10 174.20 174.30 174.40<br \/>\nFondo (cm) 45 45 52 52<br \/>\nAncho (cm) 57 57 63 63<br \/>\nAltura de la manilla (cm) 62-70 70-78 68-87 78-97<br \/>\nPeso aprox. del producto (kg) 3.0 3.1 3.6 3.7<br \/>\nColor multi-color multi-color antracita antracita<br \/>\nPeso m\u00e1ximo del usuario (kg) 150 150 150 150<br \/>\nAjuste de la altura 5-posiciones 5- posiciones 10- posiciones 10- posiciones<br \/>\nEstatura de Usuario Recomendada 1.30 \u2013 1.50 Mts 1.30 \u2013 1.50 Mts 1.45 \u2013 1.85 Mts 1.45 \u2013 1.85 Mts<\/p>\n","protected":false},"excerpt":{"rendered":"<p>Andador walk on sin ruedas adulto pedi\u00e1trico<\/p>\n<p>USO:<br \/>\n\u2022 Tradicional andador plegable y articulado, ideal para usuarios con movilidad reducida que necesiten un soporte para desplazarse. Fabricado en aluminio y regulable en altura, este producto es una opci\u00f3n para mejorar la locomoci\u00f3n y movilizaci\u00f3n de las personas. Este funciona brindando apoyo y soporte complementario al cuerpo mientras la persona camina. Suele utilizarse cuando el cuerpo no logra tener sost\u00e9n y necesita un suplemento terap\u00e9utico.<\/p>\n","protected":false},"featured_media":16566,"comment_status":"open","ping_status":"closed","template":"","meta":{"_acf_changed":false},"product_brand":[1086],"product_cat":[23,1039,1033,1020,365],"product_tag":[],"class_list":{"0":"post-15550","1":"product","2":"type-product","3":"status-publish","4":"has-post-thumbnail","6":"product_brand-lifante","7":"product_cat-ayudas-tecnicas-de-bano","8":"product_cat-andador","9":"product_cat-movilidad-ninos","10":"product_cat-ninos","11":"product_cat-andadores","12":"product_shipping_class-mediano","14":"first","15":"instock","16":"shipping-taxable","17":"purchasable","18":"product-type-variable"},"acf":[],"_links":{"self":[{"href":"https:\/\/deltamed.cl\/tienda\/wp-json\/wp\/v2\/product\/15550","targetHints":{"allow":["GET"]}}],"collection":[{"href":"https:\/\/deltamed.cl\/tienda\/wp-json\/wp\/v2\/product"}],"about":[{"href":"https:\/\/deltamed.cl\/tienda\/wp-json\/wp\/v2\/types\/product"}],"replies":[{"embeddable":true,"href":"https:\/\/deltamed.cl\/tienda\/wp-json\/wp\/v2\/comments?post=15550"}],"version-history":[{"count":4,"href":"https:\/\/deltamed.cl\/tienda\/wp-json\/wp\/v2\/product\/15550\/revisions"}],"predecessor-version":[{"id":17642,"href":"https:\/\/deltamed.cl\/tienda\/wp-json\/wp\/v2\/product\/15550\/revisions\/17642"}],"wp:featuredmedia":[{"embeddable":true,"href":"https:\/\/deltamed.cl\/tienda\/wp-json\/wp\/v2\/media\/16566"}],"wp:attachment":[{"href":"https:\/\/deltamed.cl\/tienda\/wp-json\/wp\/v2\/media?parent=15550"}],"wp:term":[{"taxonomy":"product_brand","embeddable":true,"href":"https:\/\/deltamed.cl\/tienda\/wp-json\/wp\/v2\/product_brand?post=15550"},{"taxonomy":"product_cat","embeddable":true,"href":"https:\/\/deltamed.cl\/tienda\/wp-json\/wp\/v2\/product_cat?post=15550"},{"taxonomy":"product_tag","embeddable":true,"href":"https:\/\/deltamed.cl\/tienda\/wp-json\/wp\/v2\/product_tag?post=15550"}],"curies":[{"name":"wp","href":"https:\/\/api.w.org\/{rel}","templated":true}]}}