{"id":15489,"date":"2023-03-29T19:50:36","date_gmt":"2023-03-29T22:50:36","guid":{"rendered":"https:\/\/deltamed.cl\/tienda\/?post_type=product&#038;p=15489"},"modified":"2026-04-11T18:43:03","modified_gmt":"2026-04-11T21:43:03","slug":"silla-de-ruedas-caremaster-premium","status":"publish","type":"product","link":"https:\/\/deltamed.cl\/tienda\/producto\/silla-de-ruedas-caremaster-premium\/","title":{"rendered":"Silla de ruedas caremaster premium"},"content":{"rendered":"<p>Silla De Ruedas Caremaster Premium<\/p>\n<p>Esta silla es la ayuda que requieren las personas con movilidad reducida para desplazarse, su condici\u00f3n es apta para superficies estables, rugosas y que no presenten impedimentos para el libre desplazamiento. Su original estructura permite un higi\u00e9nico y c\u00f3modo asiento y respaldo.<\/p>\n<p>Facilita la movilidad independiente del usuario, gracias a la confecci\u00f3n y a los ajustes que este modelo permite. Su alta capacidad de ajuste de posiciones de sus ruedas le permite un mayor confort a cada uno de sus usuarios, permitiendo m\u00e1s de 15 posiciones distintas.<\/p>\n<p>Caracter\u00edsticas:<\/p>\n<ul>\n<li>La silla cuenta con un CHASIS fabricado en duraluminio esmaltado y reforzado de 2mm de espesor, ancho de tubo de 1 pulgada.<\/li>\n<li>Pintura del marco electroest\u00e1tica al polvo color negro.<\/li>\n<li>Estructura plegable con doble cruceta<\/li>\n<li>Empu\u00f1aduras de empuje (bastones) con manilla, ergon\u00f3micas y antideslizantes, de goma suave de alta densidad para mayor seguridad.<\/li>\n<li>Cruceta tubular con pieza entre ambos tubulares que asegure un calce perfecto entre ellos sistema de plegado.<\/li>\n<li>Asiento y respaldo fabricado en tela acolchada, sint\u00e9tica, antideslizante, antitranspirante, lavable, impermeable y desmontable.<\/li>\n<li>Reposapi\u00e9s de dos hojas pl\u00e1sticos de material duro y resistente.<\/li>\n<li>Reposapi\u00e9s abatibles, desmontables y regulables en altura (6 posiciones).<\/li>\n<li>Reposabrazos abatibles (batientes), con seguro y anclaje reforzado.<\/li>\n<li>Reposabrazos largo de 33cm.<\/li>\n<li>Reposabrazos regulable en m\u00faltiples alturas.<\/li>\n<li>Reposabrazos extra\u00edble (desmontable).<\/li>\n<li>Posee protectores laterales en apoyabrazos para mayor cuidado.<\/li>\n<li>Reposabrazos acolchados, de goma suave con sistema de seguridad.<\/li>\n<li>Reposabrazos, pierneras y reposapi\u00e9s con bloqueo de seguridad de posicionamiento.<\/li>\n<li>Pierneras batientes y desmontables.<\/li>\n<li>Todo ajuste manual, con sistema de seguridad.<\/li>\n<li>Ruedas traseras de 24\u201d x 1 3\/8\u201d, solidas de policarbonato de alto impacto, impinchables.<\/li>\n<li>Ruedas traseras con sistema de desmonte r\u00e1pido sin herramientas. (eje de liberaci\u00f3n r\u00e1pida)<\/li>\n<li>Ruedas traseras con huella para una <span style=\"font-size: 16px\">mejor adherencia al terreno y mejor <\/span><span style=\"font-size: 16px\">tracci\u00f3n.<\/span><\/li>\n<li>Eje trasero con pletina horizontal que <span style=\"font-size: 16px\">permite trasladar el centro de gravedad (<\/span><span style=\"font-size: 16px\">4 posiciones.)<\/span><\/li>\n<li>Eje trasero con pletina en la vertical que <span style=\"font-size: 16px\">permite trasladar el centro de gravedad (5 <\/span><span style=\"font-size: 16px\">posiciones)<\/span><\/li>\n<li>Correa de seguridad que impide el <span style=\"font-size: 16px\">deslizamiento de los pies hacia atr\u00e1s.<\/span><\/li>\n<li>Frenos de palanca bilaterales ajustables <span style=\"font-size: 16px\">horizontalmente, recubiertos en goma <\/span><span style=\"font-size: 16px\">dura resistentes para mayor fricci\u00f3n con <\/span><span style=\"font-size: 16px\">la rueda para lograr un frenado optimo..<\/span><\/li>\n<li>Ruedas delanteras macizas de 7\u201d <span style=\"font-size: 16px\">multidireccionales, con horquilla de <\/span><span style=\"font-size: 16px\">acero y caracol fijo. Regulable en 3 <\/span><span style=\"font-size: 16px\">posiciones. Buje roscado.<\/span><\/li>\n<li>Cada sistema de ajuste de 2,5 cm entre <span style=\"font-size: 16px\">cada variaci\u00f3n.<\/span><\/li>\n<li>Toda modificaci\u00f3n de personalizaci\u00f3n <span style=\"font-size: 16px\">del usuario sin uso de herramientas.<\/span><\/li>\n<li>Embalaje \u00fanico y sellado.<\/li>\n<li>Incluye set de herramientas.<\/li>\n<li>Aro de propulsi\u00f3n de aluminio de 24\u201d, <span style=\"font-size: 16px\">separado por 2 cm de la llanta.<\/span><\/li>\n<li>Peso m\u00e1ximo de soporte de 140KG.<\/li>\n<li>Pieza en H pl\u00e1stica con abrazadera de <span style=\"font-size: 16px\">aluminio<\/span><\/li>\n<li>Posee reflectantes en sus ruedas traseras <span style=\"font-size: 16px\">y cinta reflectante en la parte trasera del <\/span><span style=\"font-size: 16px\">respaldo.<\/span><\/li>\n<li>Sistema de antivuelcos incorporado, <span style=\"font-size: 16px\">desmontable sin herramientas.<\/span><\/li>\n<li>Cintur\u00f3n p\u00e9lvico de seguridad.<\/li>\n<li>Servicio t\u00e9cnico autorizado a nivel <span style=\"font-size: 16px\">nacional.<\/span><\/li>\n<\/ul>\n","protected":false},"excerpt":{"rendered":"<p>Silla De Ruedas Caremaster Premium<\/p>\n<p>Esta silla es la ayuda que requieren las personas con movilidad reducida para desplazarse, su condici\u00f3n es apta para superficies estables, rugosas y que no presenten impedimentos para el libre desplazamiento. Su original estructura permite un higi\u00e9nico y c\u00f3modo asiento y respaldo.<\/p>\n<p>Facilita la movilidad independiente del usuario, gracias a la confecci\u00f3n y a los ajustes que este modelo permite. Su alta capacidad de ajuste de posiciones de sus ruedas le permite un mayor confort a cada uno de sus usuarios, permitiendo m\u00e1s de 15 posiciones distintas.<\/p>\n","protected":false},"featured_media":17529,"comment_status":"open","ping_status":"closed","template":"","meta":{"_acf_changed":false},"product_brand":[1086],"product_cat":[968,930],"product_tag":[950,1201],"class_list":{"0":"post-15489","1":"product","2":"type-product","3":"status-publish","4":"has-post-thumbnail","6":"product_brand-lifante","7":"product_cat-estandar","8":"product_cat-sillas-de-ruedas-2","9":"product_tag-lifante","10":"product_tag-oferta-invierno","11":"product_shipping_class-grande","13":"first","14":"instock","15":"shipping-taxable","16":"purchasable","17":"product-type-variable"},"acf":[],"_links":{"self":[{"href":"https:\/\/deltamed.cl\/tienda\/wp-json\/wp\/v2\/product\/15489","targetHints":{"allow":["GET"]}}],"collection":[{"href":"https:\/\/deltamed.cl\/tienda\/wp-json\/wp\/v2\/product"}],"about":[{"href":"https:\/\/deltamed.cl\/tienda\/wp-json\/wp\/v2\/types\/product"}],"replies":[{"embeddable":true,"href":"https:\/\/deltamed.cl\/tienda\/wp-json\/wp\/v2\/comments?post=15489"}],"version-history":[{"count":9,"href":"https:\/\/deltamed.cl\/tienda\/wp-json\/wp\/v2\/product\/15489\/revisions"}],"predecessor-version":[{"id":16364,"href":"https:\/\/deltamed.cl\/tienda\/wp-json\/wp\/v2\/product\/15489\/revisions\/16364"}],"wp:featuredmedia":[{"embeddable":true,"href":"https:\/\/deltamed.cl\/tienda\/wp-json\/wp\/v2\/media\/17529"}],"wp:attachment":[{"href":"https:\/\/deltamed.cl\/tienda\/wp-json\/wp\/v2\/media?parent=15489"}],"wp:term":[{"taxonomy":"product_brand","embeddable":true,"href":"https:\/\/deltamed.cl\/tienda\/wp-json\/wp\/v2\/product_brand?post=15489"},{"taxonomy":"product_cat","embeddable":true,"href":"https:\/\/deltamed.cl\/tienda\/wp-json\/wp\/v2\/product_cat?post=15489"},{"taxonomy":"product_tag","embeddable":true,"href":"https:\/\/deltamed.cl\/tienda\/wp-json\/wp\/v2\/product_tag?post=15489"}],"curies":[{"name":"wp","href":"https:\/\/api.w.org\/{rel}","templated":true}]}}