{"id":15471,"date":"2023-03-29T17:27:24","date_gmt":"2023-03-29T20:27:24","guid":{"rendered":"https:\/\/deltamed.cl\/tienda\/producto\/silla-de-ruedas-eurochair-2850-xxl\/"},"modified":"2026-02-27T13:52:44","modified_gmt":"2026-02-27T16:52:44","slug":"silla-de-ruedas-eurochair-2850-xxl","status":"publish","type":"product","link":"https:\/\/deltamed.cl\/tienda\/producto\/silla-de-ruedas-eurochair-2850-xxl\/","title":{"rendered":"Silla de ruedas eurochair 2850 xxl"},"content":{"rendered":"<p>Silla De Ruedas Eurochair 2850 XXL<\/p>\n<p>Esta silla es la ayuda que requieren para poder desplazar o desplazarse, es recomendada para personas son sobrepeso u obesidad. Su original estructura alemana permite un higi\u00e9nico y c\u00f3modo asiento y respaldo.<\/p>\n<p>Facilita la movilidad independiente del usuario, gracias a la confecci\u00f3n y a los ajustes de precisi\u00f3n en el asiento, respaldo y chasis. Su uso es exclusivamente para el transporte de una persona sobre el asiento y no como medio de tracci\u00f3n, transportador o similar.<\/p>\n<p>Carcater\u00edsticas:<\/p>\n<ul>\n<li>Estructura de duraluminio y plegable con doble cruceta y empu\u00f1aduras ergon\u00f3micas y antideslizantes. Espesor de estructura de 1,5mm.<\/li>\n<li>Terminaci\u00f3n de la estructura base met\u00e1lica en pintura electrost\u00e1tica.<\/li>\n<li>Cruceta tubular con pieza entre ambos tubulares que asegure un calce perfecto entre ellos sistema de plegado.<\/li>\n<li>Sistema de ajuste de respaldo tensionable.<\/li>\n<li>Luces reflectantes en ruedas traseras.<\/li>\n<li>Reposapi\u00e9s desmontables, abatibles y regulables en altura.<\/li>\n<li>Reposabrazos regulables en altura, abatibles y desmontables.<\/li>\n<li>Reposabrazos y pierneras con bloqueo de seguridad de posicionamiento.<\/li>\n<li>Reposapi\u00e9s con bloqueo mediante tornillos de seguridad.<\/li>\n<li>Piernera abatible y desmontable<\/li>\n<li>Todo ajuste manual, con sistema de seguridad.<\/li>\n<li>Ruedas traseras extra\u00edbles con sistema r\u00e1pido \u201cQuick Release\u201d (desmontaje r\u00e1pido) 24&#215;1 3\/8<\/li>\n<li>Rueda trasera maciza<\/li>\n<li>Bast\u00f3n de empuje con empu\u00f1adura ergon\u00f3mica y antideslizante.<\/li>\n<li>Pletinas para ajustes en la horizontal y vertical<\/li>\n<li>Apoya pies de dos hojas.<\/li>\n<li>Frenos de palanca bilaterales ajustables horizontalmente.<\/li>\n<li>Ruedas delanteras macizas de 7\u201d con opci\u00f3n se regulaci\u00f3n de la horquilla en altura, 3 ajustes.<\/li>\n<li>Cintur\u00f3n de seguridad.<\/li>\n<li>Aro de propulsi\u00f3n de 24\u201d<\/li>\n<li>Posee ruedas antivuelcos para mayor seguridad en el aprendizaje de su uso. F\u00e1cil de desmontar.<\/li>\n<li>Tapiz de la silla desmontable y lavable.<\/li>\n<li>Correa de seguridad que impide el deslizamiento de los pies hacia atr\u00e1s.<\/li>\n<li>Cada sistema de ajuste de 2,5 cm entre cada variaci\u00f3n. &#8211;<\/li>\n<li>Pendiente m\u00e1xima recomendada para el uso de frenos. 12\u00b0<\/li>\n<li>Toda modificaci\u00f3n de personalizaci\u00f3n del usuario sin uso de herramientas.<\/li>\n<li>Embalaje \u00fanico y sellado.<\/li>\n<li>Coj\u00edn de asiento b\u00e1sico<\/li>\n<\/ul>\n","protected":false},"excerpt":{"rendered":"<p>Silla De Ruedas Eurochair 2850 XXL<\/p>\n<p>Esta silla es la ayuda que requieren para poder desplazar o desplazarse, es recomendada para personas son sobrepeso u obesidad. Su original estructura alemana permite un higi\u00e9nico y c\u00f3modo asiento y respaldo.<\/p>\n","protected":false},"featured_media":15472,"comment_status":"open","ping_status":"closed","template":"","meta":{"_acf_changed":false},"product_brand":[1086],"product_cat":[1055,968,930],"product_tag":[950],"class_list":{"0":"post-15471","1":"product","2":"type-product","3":"status-publish","4":"has-post-thumbnail","6":"product_brand-lifante","7":"product_cat-bariatrica","8":"product_cat-estandar","9":"product_cat-sillas-de-ruedas-2","10":"product_tag-lifante","11":"pa_marca-sillas-de-rueda-meyra","12":"pa_silla-de-ruedas-estandar","14":"first","15":"instock","16":"shipping-taxable","17":"purchasable","18":"product-type-variable"},"acf":[],"_links":{"self":[{"href":"https:\/\/deltamed.cl\/tienda\/wp-json\/wp\/v2\/product\/15471","targetHints":{"allow":["GET"]}}],"collection":[{"href":"https:\/\/deltamed.cl\/tienda\/wp-json\/wp\/v2\/product"}],"about":[{"href":"https:\/\/deltamed.cl\/tienda\/wp-json\/wp\/v2\/types\/product"}],"replies":[{"embeddable":true,"href":"https:\/\/deltamed.cl\/tienda\/wp-json\/wp\/v2\/comments?post=15471"}],"version-history":[{"count":2,"href":"https:\/\/deltamed.cl\/tienda\/wp-json\/wp\/v2\/product\/15471\/revisions"}],"predecessor-version":[{"id":17132,"href":"https:\/\/deltamed.cl\/tienda\/wp-json\/wp\/v2\/product\/15471\/revisions\/17132"}],"wp:featuredmedia":[{"embeddable":true,"href":"https:\/\/deltamed.cl\/tienda\/wp-json\/wp\/v2\/media\/15472"}],"wp:attachment":[{"href":"https:\/\/deltamed.cl\/tienda\/wp-json\/wp\/v2\/media?parent=15471"}],"wp:term":[{"taxonomy":"product_brand","embeddable":true,"href":"https:\/\/deltamed.cl\/tienda\/wp-json\/wp\/v2\/product_brand?post=15471"},{"taxonomy":"product_cat","embeddable":true,"href":"https:\/\/deltamed.cl\/tienda\/wp-json\/wp\/v2\/product_cat?post=15471"},{"taxonomy":"product_tag","embeddable":true,"href":"https:\/\/deltamed.cl\/tienda\/wp-json\/wp\/v2\/product_tag?post=15471"}],"curies":[{"name":"wp","href":"https:\/\/api.w.org\/{rel}","templated":true}]}}