{"id":154,"date":"2020-12-10T23:37:15","date_gmt":"2020-12-11T02:37:15","guid":{"rendered":"https:\/\/deltamed.cl\/tienda\/?post_type=product&#038;p=154"},"modified":"2026-03-20T10:20:30","modified_gmt":"2026-03-20T13:20:30","slug":"kit-medidor-glucosa-colesterol-acido-urico-easy-life-gcu-plus","status":"publish","type":"product","link":"https:\/\/deltamed.cl\/tienda\/producto\/kit-medidor-glucosa-colesterol-acido-urico-easy-life-gcu-plus\/","title":{"rendered":"Kit medidor glucosa colesterol \u00e1cido \u00farico Easy Life GCU Plus"},"content":{"rendered":"<p>Kit medidor glucosa colesterol \u00e1cido \u00farico Easy Life GCU Plus<\/p>\n<p>El EasyLife GCU Plus est\u00e1 dise\u00f1ado<br \/>\n\u00fanicamente para uso de diagn\u00f3stico in vitro<br \/>\n(solo uso externo) y es adecuado para<br \/>\nautodiagn\u00f3stico. El sistema est\u00e1 destinado<br \/>\na profesionales sanitarios y personas con<br \/>\ndiabetes, colesterolemia, uricemia o gota<br \/>\npara medir la glucosa, el colesterol o el<br \/>\n\u00e1cido \u00farico en sangre. Aplique una gota de<br \/>\nsangre de la yema del dedo a la tira<br \/>\nreactiva y el resultado se mostrar\u00e1 en la<br \/>\npantalla en 6 segundos para la glucosa y el<br \/>\n\u00e1cido \u00farico, y 50 segundos para el<br \/>\ncolesterol.<\/p>\n<p>PRINCIPIO DE PRUEBA:<br \/>\nLas mediciones de glucosa, colesterol y \u00e1cido \u00farico en sangre se basan en los cambios de corriente<br \/>\nel\u00e9ctrica provocados por la reacci\u00f3n de la glucosa, el colesterol o el \u00e1cido \u00farico con el reactivo del<br \/>\nelectrodo de la tira correspondiente. Una vez que la muestra toca el \u00e1rea objetivo de la tira, ser\u00e1<br \/>\narrastrada autom\u00e1ticamente a la zona de reacci\u00f3n de la tira, iniciando la reacci\u00f3n. El resultado de<br \/>\nla prueba se mostrar\u00e1 en la pantalla.<br \/>\nLimitaciones:<br \/>\nAlgunos compuestos en la sangre en las concentraciones indicadas pueden provocar resultados<br \/>\ninexactos.<br \/>\nLas muestras de pacientes con lipemia manifiesta no se han analizado y no se recomienda<br \/>\nanalizarlas con este dispositivo.<br \/>\nCompuesto de interferencia para modelo: ET-3431<br \/>\nRango de concentraci\u00f3n baja de glucosa: 50 mg\/dL &#8211; 100 mg\/dL<br \/>\nRango de concentraci\u00f3n alta de glucosa: 250 mg\/dL &#8211; 350 mg\/dL<br \/>\nRango de concentraci\u00f3n baja de colesterol: 136 mg\/dL &#8211; 204 mg\/dL<br \/>\nRango de concentraci\u00f3n de colesterol alto: 220 mg\/dL &#8211; 280 mg\/dL<br \/>\nRango de concentraci\u00f3n baja de \u00e1cido \u00farico: 3,5 mg\/dL &#8211; 6,5 mg\/dL<br \/>\nRango de concentraci\u00f3n alta de \u00e1cido \u00farico: 8 mg\/dL &#8211; 12 mg\/dL<\/p>\n<p>INCLUYE:<br \/>\nMonitor EasyLife GCU Plus<br \/>\nTiras reactivas colesterol x 2 (modelo: SC126)<br \/>\nTiras reactivas glucosa x 10 (modelo: SG152)<br \/>\nTiras reactivas \u00e1cido \u00farico x 10 (modelo: SU125)<br \/>\nLanceta 30 G x 10 unidades.<br \/>\nDispositivo de punci\u00f3n (lancetero).<br \/>\nManual de usuario.<br \/>\nEstuche con cremallera.<br \/>\nBater\u00eda (CR2032)<br \/>\nProducto certificado CE<br \/>\nHecho en Taiwan<br \/>\nProducto importado por Deltamed Limitada.<\/p>\n<p>Medici\u00f3n de Tiempo<br \/>\n\u2022 Glucosa: 6 segundo<br \/>\n\u2022 Colesterol: 50 segundos<br \/>\n\u2022 \u00c1cido \u00farico: 6 segundo<\/p>\n<p>Muestra de Sangre<br \/>\n\u2022 Glucosa: 0,8<br \/>\n\u2022 Colesterol: 10<br \/>\n\u2022 \u00c1cido \u00farico: 0,8<\/p>\n<p>Capacidad de Memoria<br \/>\n\u2022 Test Glucosa \u2013 450 Test<br \/>\n\u2022 Test Colesterol \u2013 50 Test<br \/>\n\u2022 Test \u00c1cido \u00farico \u2013 50 Test<\/p>\n","protected":false},"excerpt":{"rendered":"<p>Kit medidor glucosa colesterol \u00e1cido \u00farico Easy Life GCU Plus<\/p>\n<p>EASYLIFE GCU PLUS es un dispositivo multifuncional dise\u00f1ado para estudiar los niveles de glucosa en sangre, \u00e1cido \u00farico y colesterol.<\/p>\n<p>Puede ser utilizado en el hogar por pacientes con diabetes, profesionales de la salud y m\u00e9dicos generales.<\/p>\n<p>La medici\u00f3n de los valores de glucosa, \u00e1cido \u00farico y colesterol se basa en los cambios en el voltaje el\u00e9ctrico causados por su reacci\u00f3n con el reactivo de electrodo de la tira de prueba respectiva.<\/p>\n<p>EASY LIFE GCU PLUS es confiable, r\u00e1pido y preciso.<\/p>\n<p>Hay memoria para 450 mediciones de glucosa en sangre y 50 mediciones de colesterol y \u00e1cido \u00farico por hora y fecha, respectivamente.<\/p>\n","protected":false},"featured_media":155,"comment_status":"open","ping_status":"closed","template":"","meta":{"_acf_changed":false},"product_brand":[1088],"product_cat":[15,356],"product_tag":[62,585,168,167,63],"class_list":{"0":"post-154","1":"product","2":"type-product","3":"status-publish","4":"has-post-thumbnail","6":"product_brand-easy-life","7":"product_cat-medicion-y-diagnostico","8":"product_cat-glucometro","9":"product_tag-colesterol","10":"product_tag-deltamed","11":"product_tag-easylife","12":"product_tag-equipo","13":"product_tag-glucosa","14":"product_shipping_class-extra-pequeno","16":"first","17":"instock","18":"shipping-taxable","19":"purchasable","20":"product-type-simple"},"acf":[],"_links":{"self":[{"href":"https:\/\/deltamed.cl\/tienda\/wp-json\/wp\/v2\/product\/154","targetHints":{"allow":["GET"]}}],"collection":[{"href":"https:\/\/deltamed.cl\/tienda\/wp-json\/wp\/v2\/product"}],"about":[{"href":"https:\/\/deltamed.cl\/tienda\/wp-json\/wp\/v2\/types\/product"}],"replies":[{"embeddable":true,"href":"https:\/\/deltamed.cl\/tienda\/wp-json\/wp\/v2\/comments?post=154"}],"version-history":[{"count":4,"href":"https:\/\/deltamed.cl\/tienda\/wp-json\/wp\/v2\/product\/154\/revisions"}],"predecessor-version":[{"id":10959,"href":"https:\/\/deltamed.cl\/tienda\/wp-json\/wp\/v2\/product\/154\/revisions\/10959"}],"wp:featuredmedia":[{"embeddable":true,"href":"https:\/\/deltamed.cl\/tienda\/wp-json\/wp\/v2\/media\/155"}],"wp:attachment":[{"href":"https:\/\/deltamed.cl\/tienda\/wp-json\/wp\/v2\/media?parent=154"}],"wp:term":[{"taxonomy":"product_brand","embeddable":true,"href":"https:\/\/deltamed.cl\/tienda\/wp-json\/wp\/v2\/product_brand?post=154"},{"taxonomy":"product_cat","embeddable":true,"href":"https:\/\/deltamed.cl\/tienda\/wp-json\/wp\/v2\/product_cat?post=154"},{"taxonomy":"product_tag","embeddable":true,"href":"https:\/\/deltamed.cl\/tienda\/wp-json\/wp\/v2\/product_tag?post=154"}],"curies":[{"name":"wp","href":"https:\/\/api.w.org\/{rel}","templated":true}]}}