{"id":15393,"date":"2023-03-27T23:31:49","date_gmt":"2023-03-28T02:31:49","guid":{"rendered":"https:\/\/deltamed.cl\/tienda\/producto\/silla-de-ruedas-electrica-hs-7200-azul\/"},"modified":"2026-02-27T13:28:53","modified_gmt":"2026-02-27T16:28:53","slug":"silla-de-ruedas-electrica-hs-7200-azul","status":"publish","type":"product","link":"https:\/\/deltamed.cl\/tienda\/producto\/silla-de-ruedas-electrica-hs-7200-azul\/","title":{"rendered":"Silla de ruedas el\u00e9ctrica hs 7200"},"content":{"rendered":"<p>Silla De Ruedas El\u00e9ctrica HS 7200 Azul<\/p>\n<p>El modelo HS-7.200 &#8211; B es una excelente silla que incluye caracter\u00edsticas ergon\u00f3micas, combina seguridad y confort y ofrece a los usuarios una experiencia extraordinaria junto con comodidad sin igual en la operaci\u00f3n. Con su sistema de control intuitivo el usuario puede obtener f\u00e1cilmente giros de 360 grados con la punta de los dedos. Este producto posee un sellado contra el agua, destaca su alto rendimiento gracias a una bater\u00eda de plomo y \u00e1cido sin conectores lo que garantiza adem\u00e1s la seguridad ambiental.<\/p>\n<p>Silla de ruedas el\u00e9ctrica respaldo butaca (c) adulto marco elevable y reclinable 180 grados electr\u00f3nicamente desde joystick, cabezal anat\u00f3mico desmontable, asiento basculante, comando derecho o izquierdo con joystick escamotable (puede girar para no interrumpir el posicionamiento frente a una mesa), apoya brazos abatibles o desmontables regulables en altura, piernera fija o desmontable, apoya pies dos hojas, ruedas delanteras macizas y traseras inflables, sujeci\u00f3n cintur\u00f3n p\u00e9lvico, con antivuelco, estructura de acero, bater\u00eda autonom\u00eda 48 km.<\/p>\n<p>Color: Azul<\/p>\n<p>Caracter\u00edsticas t\u00e9cnicas:<\/p>\n<ul>\n<li>Reposacabezas ajustable<\/li>\n<li>Marco de soporte<\/li>\n<li>Reposabrazos de altura regulable<\/li>\n<li>Palanca de reposacabezas<\/li>\n<li>Motores de precisi\u00f3n sellados<\/li>\n<li>Dispositivo de sujeci\u00f3n de bater\u00eda<\/li>\n<li>Palanca de control digital<\/li>\n<li>Enchufe de carga<\/li>\n<li>Ajustador de \u00e1ngulo del reposapi\u00e9s<\/li>\n<li>Reposapiernas ajustable<\/li>\n<li>Reposapi\u00e9s de nylon reforzado y fibra de vidrio<\/li>\n<\/ul>\n<p>ESPECIFICACIONES T\u00c9CNICAS:<\/p>\n<ul>\n<li>Longitud total: 1190 mm<\/li>\n<li>Anchura del asiento: 46 CM<\/li>\n<li>Amplitud total: 670 mm<\/li>\n<li>Angulo de elevaci\u00f3n del asiento: 0 ~ 190mm<\/li>\n<li>Altura total: 1.265 mm<\/li>\n<li>\u00c1ngulo de inclinaci\u00f3n asiento: 0 ~ 17 grados.<\/li>\n<li>Ruedas: Delante: 230 mm \/ 9&#8243;<\/li>\n<li>\u00c1ngulo de inclinaci\u00f3n respaldo: 100 ~ 170 grados<\/li>\n<li>Ruedas: Traseras: 360 mm \/ 14&#8243;<\/li>\n<li>Altura del respaldo: 710 mm<\/li>\n<li>Peso con las bater\u00edas: 140 kg<\/li>\n<li>Tren de transmisi\u00f3n: Tren de dos motores y ruedas traseras<\/li>\n<li>M\u00e1xima velocidad: 8 km\/h \/ 5 mph<\/li>\n<li>Peso de la bater\u00eda: 55 kg<\/li>\n<li>Capacidad de carga: 136 kg<\/li>\n<li>Tama\u00f1o del motor: 420W 4600 r.p.m<\/li>\n<li>Distancia del suelo: 45 mm<\/li>\n<li>Distancia recorrible: 48 km \/ 29.8 Millas<\/li>\n<li>Grados escalables: 8 grados<\/li>\n<li>Bater\u00eda: (2) 12V.. 75 Ah<\/li>\n<li>Altura escalable de escalones: 20 mm<\/li>\n<li>Cargador: 8A Off Board<\/li>\n<li>Radio de giro: 1.070 mm<\/li>\n<li>Componente el\u00e9ctrico: Silla reclinable con cintur\u00f3n de seguridad.<\/li>\n<li>Freno: Electromec\u00e1nico<\/li>\n<li>Tipo de asiento: Acolchada, con respaldo de nylon.<\/li>\n<\/ul>\n","protected":false},"excerpt":{"rendered":"<p>Silla De Ruedas El\u00e9ctrica HS 7200 Azul<\/p>\n<p>Facilita la movilidad independiente del usuario, gracias al material de confecci\u00f3n y a los ajustes de precisi\u00f3n en el asiento, respaldo y chasis. La suavidad \u00f3ptima y el bajo peso apoyan la independencia del usuario. Adaptable a los cambios funcionales y las necesidades individuales del usuario mediante el ajuste fino de la parte posterior, el asiento y el chasis. Uso en muchas patol\u00f3gicas, desde enfermedades neurol\u00f3gicas, reum\u00e1ticas, geri\u00e1tricas o pedi\u00e1tricas.<\/p>\n<p>Color: Azul<\/p>\n<p>Disponible ancho asiento 46 cm<\/p>\n<p>&nbsp;<\/p>\n","protected":false},"featured_media":15394,"comment_status":"open","ping_status":"closed","template":"","meta":{"_acf_changed":false},"product_brand":[1086],"product_cat":[949,930],"product_tag":[950],"class_list":{"0":"post-15393","1":"product","2":"type-product","3":"status-publish","4":"has-post-thumbnail","6":"product_brand-lifante","7":"product_cat-neurologica","8":"product_cat-sillas-de-ruedas-2","9":"product_tag-lifante","10":"pa_ancho-de-asiento-36-cm","11":"pa_ancho-de-asiento-38-cm","12":"pa_ancho-de-asiento-40-cm","13":"pa_ancho-de-asiento-42-cm","14":"pa_ancho-de-asiento-43-cm","15":"pa_ancho-de-asiento-44-cm","16":"pa_ancho-de-asiento-45-cm","17":"pa_ancho-de-asiento-46-cm","18":"pa_ancho-de-asiento-48-cm","19":"pa_marca-sillas-de-rueda-chien-ti","20":"pa_silla-de-ruedas-neurologica","22":"first","23":"instock","24":"shipping-taxable","25":"purchasable","26":"product-type-simple"},"acf":[],"_links":{"self":[{"href":"https:\/\/deltamed.cl\/tienda\/wp-json\/wp\/v2\/product\/15393","targetHints":{"allow":["GET"]}}],"collection":[{"href":"https:\/\/deltamed.cl\/tienda\/wp-json\/wp\/v2\/product"}],"about":[{"href":"https:\/\/deltamed.cl\/tienda\/wp-json\/wp\/v2\/types\/product"}],"replies":[{"embeddable":true,"href":"https:\/\/deltamed.cl\/tienda\/wp-json\/wp\/v2\/comments?post=15393"}],"version-history":[{"count":3,"href":"https:\/\/deltamed.cl\/tienda\/wp-json\/wp\/v2\/product\/15393\/revisions"}],"predecessor-version":[{"id":17113,"href":"https:\/\/deltamed.cl\/tienda\/wp-json\/wp\/v2\/product\/15393\/revisions\/17113"}],"wp:featuredmedia":[{"embeddable":true,"href":"https:\/\/deltamed.cl\/tienda\/wp-json\/wp\/v2\/media\/15394"}],"wp:attachment":[{"href":"https:\/\/deltamed.cl\/tienda\/wp-json\/wp\/v2\/media?parent=15393"}],"wp:term":[{"taxonomy":"product_brand","embeddable":true,"href":"https:\/\/deltamed.cl\/tienda\/wp-json\/wp\/v2\/product_brand?post=15393"},{"taxonomy":"product_cat","embeddable":true,"href":"https:\/\/deltamed.cl\/tienda\/wp-json\/wp\/v2\/product_cat?post=15393"},{"taxonomy":"product_tag","embeddable":true,"href":"https:\/\/deltamed.cl\/tienda\/wp-json\/wp\/v2\/product_tag?post=15393"}],"curies":[{"name":"wp","href":"https:\/\/api.w.org\/{rel}","templated":true}]}}