{"id":15356,"date":"2023-01-31T22:18:39","date_gmt":"2023-02-01T01:18:39","guid":{"rendered":"https:\/\/deltamed.cl\/tienda\/producto\/baston-tripode\/"},"modified":"2026-02-27T13:52:37","modified_gmt":"2026-02-27T16:52:37","slug":"baston-tripode","status":"publish","type":"product","link":"https:\/\/deltamed.cl\/tienda\/producto\/baston-tripode\/","title":{"rendered":"Bast\u00f3n tr\u00edpode"},"content":{"rendered":"<p>Bast\u00f3n Tr\u00edpode<\/p>\n<p>El bast\u00f3n tr\u00edpode de tres puntas es una opci\u00f3n para mejorar la locomoci\u00f3n y movilizaci\u00f3n de las personas. Este funciona brindando apoyo y soporte complementario al cuerpo mientras la persona camina. Suele utilizarse cuando el cuerpo no logra tener sost\u00e9n y necesita un suplemento terap\u00e9utico.<\/p>\n<p>Principales caracter\u00edsticas:<\/p>\n<ul>\n<li>Estructura tubular en aluminio anodizado.<\/li>\n<li>Base piramidal de acero con 3 regatones de goma antideslizante en la base.<\/li>\n<li>Incluye regat\u00f3n de repuesto en cada punto de apoyo.<\/li>\n<li>El mango puede rotar y puede ser usado a izquierda o derecha indistintamente.<\/li>\n<li>Ambidiestro.<\/li>\n<li>Con empu\u00f1adura anat\u00f3mica y balanceada, de goma suave para un mejor agarre de 12 cm.<\/li>\n<li>Manipulable sin herramientas.<\/li>\n<li>Seguro de fijaci\u00f3n para cada una de las regulaciones.<\/li>\n<li>Regulable en altura.<\/li>\n<\/ul>\n<p>Especificaciones t\u00e9cnicas:<\/p>\n<ul>\n<li><span style=\"font-size: 16px;\">Altura regulable: Altura m\u00ednima 68 cm, altura m\u00e1xima 95cm, cada regulaci\u00f3n de 2,5 cm. Permitiendo una f\u00e1cil personalizaci\u00f3n y correcta manipulaci\u00f3n.<\/span><\/li>\n<li>Peso aproximado 0,9 KG.<\/li>\n<li>Soporta hasta 100 kg.<\/li>\n<\/ul>\n<p>&nbsp;<\/p>\n","protected":false},"excerpt":{"rendered":"<p>El bast\u00f3n tr\u00edpode de aluminio anodizado brinda estabilidad y soporte para mejorar la movilidad. Cuenta con una base piramidal de acero con tres regatones de goma antideslizante, incluyendo repuestos en cada punto de apoyo. Su mango anat\u00f3mico de goma suave (12 cm) es ambidiestro y giratorio. La altura es regulable de 68 cm a 95 cm en incrementos de 2,5 cm, con seguro de fijaci\u00f3n y ajuste sin herramientas. Su peso es de 0,9 kg y soporta hasta 100 kg.<\/p>\n","protected":false},"featured_media":15357,"comment_status":"open","ping_status":"closed","template":"","meta":{"_acf_changed":false},"product_brand":[1086],"product_cat":[23,1067,1144,368,34],"product_tag":[950],"class_list":{"0":"post-15356","1":"product","2":"type-product","3":"status-publish","4":"has-post-thumbnail","6":"product_brand-lifante","7":"product_cat-ayudas-tecnicas-de-bano","8":"product_cat-baston","9":"product_cat-lifante","10":"product_cat-bastones","11":"product_cat-movilidad","12":"product_tag-lifante","13":"product_shipping_class-pequeno","14":"pa_marcas-mobilidad-caremax","15":"pa_movilidad-bastones","16":"fb_product_set-lifante","18":"first","19":"instock","20":"shipping-taxable","21":"purchasable","22":"product-type-simple"},"acf":[],"_links":{"self":[{"href":"https:\/\/deltamed.cl\/tienda\/wp-json\/wp\/v2\/product\/15356","targetHints":{"allow":["GET"]}}],"collection":[{"href":"https:\/\/deltamed.cl\/tienda\/wp-json\/wp\/v2\/product"}],"about":[{"href":"https:\/\/deltamed.cl\/tienda\/wp-json\/wp\/v2\/types\/product"}],"replies":[{"embeddable":true,"href":"https:\/\/deltamed.cl\/tienda\/wp-json\/wp\/v2\/comments?post=15356"}],"version-history":[{"count":8,"href":"https:\/\/deltamed.cl\/tienda\/wp-json\/wp\/v2\/product\/15356\/revisions"}],"predecessor-version":[{"id":18498,"href":"https:\/\/deltamed.cl\/tienda\/wp-json\/wp\/v2\/product\/15356\/revisions\/18498"}],"wp:featuredmedia":[{"embeddable":true,"href":"https:\/\/deltamed.cl\/tienda\/wp-json\/wp\/v2\/media\/15357"}],"wp:attachment":[{"href":"https:\/\/deltamed.cl\/tienda\/wp-json\/wp\/v2\/media?parent=15356"}],"wp:term":[{"taxonomy":"product_brand","embeddable":true,"href":"https:\/\/deltamed.cl\/tienda\/wp-json\/wp\/v2\/product_brand?post=15356"},{"taxonomy":"product_cat","embeddable":true,"href":"https:\/\/deltamed.cl\/tienda\/wp-json\/wp\/v2\/product_cat?post=15356"},{"taxonomy":"product_tag","embeddable":true,"href":"https:\/\/deltamed.cl\/tienda\/wp-json\/wp\/v2\/product_tag?post=15356"}],"curies":[{"name":"wp","href":"https:\/\/api.w.org\/{rel}","templated":true}]}}