{"id":15318,"date":"2023-01-31T18:18:06","date_gmt":"2023-01-31T21:18:06","guid":{"rendered":"https:\/\/deltamed.cl\/tienda\/producto\/bipestador-infantil-dondolino\/"},"modified":"2026-02-27T07:16:55","modified_gmt":"2026-02-27T10:16:55","slug":"bipestador-infantil-dondolino","status":"publish","type":"product","link":"https:\/\/deltamed.cl\/tienda\/producto\/bipestador-infantil-dondolino\/","title":{"rendered":"BIPESTADOR PRONO DONDOLINO"},"content":{"rendered":"<p>El bipestador infantil Dondolino se ha dise\u00f1ado para su uso en los contextos normales de la vida del ni\u00f1o (casa, escuela, guarder\u00eda, residencias). Con el bipedestador aumentamos las oportunidades de inserci\u00f3n activa para integrarse en el ambiente que lo rodea. Tiene un chasis regulable en inclinaci\u00f3n por lo que permite una mejor adaptaci\u00f3n inicial del ni\u00f1o a la posici\u00f3n de bipedestaci\u00f3n. las ruedas con frenos permitir\u00e1n el traslado del ni\u00f1o por la casa mientras est\u00e1 en posici\u00f3n de bipedestaci\u00f3n. Sus principales caracter\u00edsticas son: Mesa regulable en altura, profundidad e inclinaci\u00f3n. Chasis regulable en inclinaci\u00f3n. Soportes de rodillas regulables en profundidad, anchura, en sentido de rotaci\u00f3n y en altura. Soportes de talines regulables en profundidad y en anchura. Base regulable en altura. Soporte p\u00e9lvico regulable en altura, en sentido anteroposterior y en circunferencia con velcro. Soporte axilar (s\u00f3lo para las medidas 2-3) regulable en altura, en sentido anteroposterior y en circunferencia con velcro. Ruedas con frenos.<\/p>\n","protected":false},"excerpt":{"rendered":"<p>El\u00a0<strong>bipestador infantil Dondolino<\/strong>\u00a0se ha dise\u00f1ado para su uso en los contextos normales de la vida del\u00a0ni\u00f1o (casa, escuela, guarder\u00eda, residencias).<\/p>\n","protected":false},"featured_media":15319,"comment_status":"open","ping_status":"open","template":"","meta":{"_acf_changed":false},"product_brand":[1086],"product_cat":[1036,1033,1020],"product_tag":[],"class_list":{"0":"post-15318","1":"product","2":"type-product","3":"status-publish","4":"has-post-thumbnail","6":"product_brand-lifante","7":"product_cat-bipedestador","8":"product_cat-movilidad-ninos","9":"product_cat-ninos","10":"pa_marcas-ninos-ormesa","12":"first","13":"outofstock","14":"shipping-taxable","15":"purchasable","16":"product-type-variable"},"acf":[],"_links":{"self":[{"href":"https:\/\/deltamed.cl\/tienda\/wp-json\/wp\/v2\/product\/15318","targetHints":{"allow":["GET"]}}],"collection":[{"href":"https:\/\/deltamed.cl\/tienda\/wp-json\/wp\/v2\/product"}],"about":[{"href":"https:\/\/deltamed.cl\/tienda\/wp-json\/wp\/v2\/types\/product"}],"replies":[{"embeddable":true,"href":"https:\/\/deltamed.cl\/tienda\/wp-json\/wp\/v2\/comments?post=15318"}],"version-history":[{"count":1,"href":"https:\/\/deltamed.cl\/tienda\/wp-json\/wp\/v2\/product\/15318\/revisions"}],"predecessor-version":[{"id":16301,"href":"https:\/\/deltamed.cl\/tienda\/wp-json\/wp\/v2\/product\/15318\/revisions\/16301"}],"wp:featuredmedia":[{"embeddable":true,"href":"https:\/\/deltamed.cl\/tienda\/wp-json\/wp\/v2\/media\/15319"}],"wp:attachment":[{"href":"https:\/\/deltamed.cl\/tienda\/wp-json\/wp\/v2\/media?parent=15318"}],"wp:term":[{"taxonomy":"product_brand","embeddable":true,"href":"https:\/\/deltamed.cl\/tienda\/wp-json\/wp\/v2\/product_brand?post=15318"},{"taxonomy":"product_cat","embeddable":true,"href":"https:\/\/deltamed.cl\/tienda\/wp-json\/wp\/v2\/product_cat?post=15318"},{"taxonomy":"product_tag","embeddable":true,"href":"https:\/\/deltamed.cl\/tienda\/wp-json\/wp\/v2\/product_tag?post=15318"}],"curies":[{"name":"wp","href":"https:\/\/api.w.org\/{rel}","templated":true}]}}