{"id":15275,"date":"2023-01-31T18:17:18","date_gmt":"2023-01-31T21:17:18","guid":{"rendered":"https:\/\/deltamed.cl\/tienda\/producto\/coche-neurologico-ormesa-clip\/"},"modified":"2026-02-27T13:28:53","modified_gmt":"2026-02-27T16:28:53","slug":"coche-neurologico-ormesa-clip","status":"publish","type":"product","link":"https:\/\/deltamed.cl\/tienda\/producto\/coche-neurologico-ormesa-clip\/","title":{"rendered":"Silla de rueda tipo coche modelo clip"},"content":{"rendered":"<p>Coche neurologico Omersa clip \/ Silla Clip Ormesa<\/p>\n<p data-start=\"0\" data-end=\"478\">La Silla de Ruedas Clip de Ormesa es un coche tipo paraguas dise\u00f1ado para ofrecer comodidad y facilidad de uso, ideal para ni\u00f1os. Su funci\u00f3n principal es proporcionar un medio de transporte pr\u00e1ctico y seguro, permitiendo la movilidad en diferentes entornos. El dise\u00f1o liviano y compacto de la silla facilita su transporte y almacenamiento, mientras que sus caracter\u00edsticas ajustables y de confort garantizan una experiencia c\u00f3moda para el usuario.<\/p>\n<p data-start=\"480\" data-end=\"500\">Caracter\u00edsticas:<\/p>\n<ul data-start=\"502\" data-end=\"1355\">\n<li data-start=\"502\" data-end=\"585\">Peso ligero de solo 11 kg, con capacidad para soportar hasta 76 kg (talla 4).<\/li>\n<li data-start=\"586\" data-end=\"668\">Cierre r\u00e1pido en pocos segundos, facilitando el transporte y almacenamiento.<\/li>\n<li data-start=\"669\" data-end=\"736\">Ruedas con rodamientos, ofreciendo una maniobrabilidad suave.<\/li>\n<li data-start=\"737\" data-end=\"818\">Ruedas traseras de 20 cm de di\u00e1metro con frenos individuales a presi\u00f3n.<\/li>\n<li data-start=\"819\" data-end=\"873\">Asiento inclinado para mayor comodidad del ni\u00f1o.<\/li>\n<li data-start=\"874\" data-end=\"929\">Reposapi\u00e9s regulable en altura y f\u00e1cil de quitar.<\/li>\n<li data-start=\"930\" data-end=\"1012\">Respaldo y asiento de nylon reforzado con placas de aluminio en el interior.<\/li>\n<li data-start=\"1013\" data-end=\"1081\">Respaldo reclinable en 3 posiciones con tapizado transpirable.<\/li>\n<li data-start=\"1082\" data-end=\"1114\">Chasis de aluminio ligero.<\/li>\n<li data-start=\"1115\" data-end=\"1214\">Respaldo y asiento semirr\u00edgidos, reforzados con barras de aluminio extra\u00edbles para el lavabo.<\/li>\n<li data-start=\"1215\" data-end=\"1261\">Respaldo reclinable mediante cremallera.<\/li>\n<li data-start=\"1262\" data-end=\"1355\">Testeado para el transporte en autob\u00fas, certificado T\u00dcV Berlino y CEAH Francia.<\/li>\n<li data-start=\"1262\" data-end=\"1355\">Disponible en diferentes tallas<\/li>\n<\/ul>\n","protected":false},"excerpt":{"rendered":"<p>Coche neurologico Omersa clip \/ Silla Clip Ormesa<\/p>\n<p data-start=\"0\" data-end=\"478\">La Silla de Ruedas Clip de Ormesa es un coche tipo paraguas dise\u00f1ado para ofrecer comodidad y facilidad de uso, ideal para ni\u00f1os. Su funci\u00f3n principal es proporcionar un medio de transporte pr\u00e1ctico y seguro, permitiendo la movilidad en diferentes entornos. El dise\u00f1o liviano y compacto de la silla facilita su transporte y almacenamiento, mientras que sus caracter\u00edsticas ajustables y de confort garantizan una experiencia c\u00f3moda para el usuario.<\/p>\n","protected":false},"featured_media":15276,"comment_status":"open","ping_status":"closed","template":"","meta":{"_acf_changed":false},"product_brand":[1086],"product_cat":[1023,1020,1021],"product_tag":[1198,1193],"class_list":{"0":"post-15275","1":"product","2":"type-product","3":"status-publish","4":"has-post-thumbnail","6":"product_brand-lifante","7":"product_cat-neurologica-sillas-de-ruedas-ninos","8":"product_cat-ninos","9":"product_cat-sillas-de-ruedas-ninos","10":"product_tag-ninos","11":"product_tag-silla-de-rueda-manual","12":"pa_marcas-ninos-ormesa","13":"fb_product_set-promo-sillas-16-al-31-mayo","15":"first","16":"instock","17":"shipping-taxable","18":"purchasable","19":"product-type-variable"},"acf":[],"_links":{"self":[{"href":"https:\/\/deltamed.cl\/tienda\/wp-json\/wp\/v2\/product\/15275","targetHints":{"allow":["GET"]}}],"collection":[{"href":"https:\/\/deltamed.cl\/tienda\/wp-json\/wp\/v2\/product"}],"about":[{"href":"https:\/\/deltamed.cl\/tienda\/wp-json\/wp\/v2\/types\/product"}],"replies":[{"embeddable":true,"href":"https:\/\/deltamed.cl\/tienda\/wp-json\/wp\/v2\/comments?post=15275"}],"version-history":[{"count":5,"href":"https:\/\/deltamed.cl\/tienda\/wp-json\/wp\/v2\/product\/15275\/revisions"}],"predecessor-version":[{"id":17302,"href":"https:\/\/deltamed.cl\/tienda\/wp-json\/wp\/v2\/product\/15275\/revisions\/17302"}],"wp:featuredmedia":[{"embeddable":true,"href":"https:\/\/deltamed.cl\/tienda\/wp-json\/wp\/v2\/media\/15276"}],"wp:attachment":[{"href":"https:\/\/deltamed.cl\/tienda\/wp-json\/wp\/v2\/media?parent=15275"}],"wp:term":[{"taxonomy":"product_brand","embeddable":true,"href":"https:\/\/deltamed.cl\/tienda\/wp-json\/wp\/v2\/product_brand?post=15275"},{"taxonomy":"product_cat","embeddable":true,"href":"https:\/\/deltamed.cl\/tienda\/wp-json\/wp\/v2\/product_cat?post=15275"},{"taxonomy":"product_tag","embeddable":true,"href":"https:\/\/deltamed.cl\/tienda\/wp-json\/wp\/v2\/product_tag?post=15275"}],"curies":[{"name":"wp","href":"https:\/\/api.w.org\/{rel}","templated":true}]}}