{"id":15244,"date":"2023-01-31T18:17:18","date_gmt":"2023-01-31T21:17:18","guid":{"rendered":"https:\/\/deltamed.cl\/tienda\/producto\/silla-coche-neurologico-rodeo\/"},"modified":"2026-03-13T15:55:41","modified_gmt":"2026-03-13T18:55:41","slug":"silla-coche-neurologico-rodeo","status":"publish","type":"product","link":"https:\/\/deltamed.cl\/tienda\/producto\/silla-coche-neurologico-rodeo\/","title":{"rendered":"Coche neurol\u00f3gico rodeo"},"content":{"rendered":"<div class=\"flex max-w-full flex-col flex-grow\">\n<div class=\"min-h-8 text-message relative flex w-full flex-col items-end gap-2 whitespace-normal break-words text-start [.text-message+&amp;]:mt-5\" dir=\"auto\" data-message-author-role=\"assistant\" data-message-id=\"0ad03297-d43b-42cd-92d0-677da5b936f5\" data-message-model-slug=\"gpt-4o\">\n<div class=\"flex w-full flex-col gap-1 empty:hidden first:pt-[3px]\">\n<div class=\"markdown prose w-full break-words dark:prose-invert light\">\n<p data-start=\"56\" data-end=\"419\"><strong>Coche neurol\u00f3gico Rodeo<br \/>\n<\/strong>Silla de paseo pedi\u00e1trica con <strong data-start=\"114\" data-end=\"152\">basculaci\u00f3n ajustable de hasta 45\u00b0<\/strong>, dise\u00f1ada para proporcionar <strong data-start=\"181\" data-end=\"230\">alivio de presi\u00f3n, apoyo postural y comodidad<\/strong>. Su estructura liviana y <strong data-start=\"256\" data-end=\"276\">plegado compacto en solo una unidad<\/strong>\u00a0la hacen ideal para transporte y almacenamiento, mientras que sus m\u00faltiples ajustes permiten un <strong data-start=\"373\" data-end=\"398\">soporte personalizado<\/strong> para cada usuario.<\/p>\n<h3 data-start=\"421\" data-end=\"459\"><strong data-start=\"425\" data-end=\"457\">Caracter\u00edsticas principales:<\/strong><\/h3>\n<p data-start=\"460\" data-end=\"1405\">\u2714 <strong data-start=\"462\" data-end=\"487\">Basculaci\u00f3n ajustable<\/strong> de <strong data-start=\"491\" data-end=\"503\">5\u00b0 a 45\u00b0<\/strong> para mayor comodidad y alivio de presi\u00f3n.<br data-start=\"619\" data-end=\"622\" \/>\u2714 <strong data-start=\"624\" data-end=\"646\">Liviana y plegable<\/strong>, f\u00e1cil de transportar y almacenar.<br data-start=\"681\" data-end=\"684\" \/>\u2714 <strong data-start=\"686\" data-end=\"710\">Tapicer\u00eda de Cordura<\/strong>, extra\u00edble y lavable, disponible en varios colores.<br data-start=\"762\" data-end=\"765\" \/>\u2714 <strong data-start=\"767\" data-end=\"810\">Extensi\u00f3n de la profundidad del asiento<\/strong> hasta 12,7 cm con funci\u00f3n de crecimiento.<br data-start=\"852\" data-end=\"855\" \/>\u2714 <strong data-start=\"857\" data-end=\"887\">Chasis liviano y ajustable<\/strong> con opci\u00f3n de modelo con o sin asiento.<br data-start=\"927\" data-end=\"930\" \/>\u2714 <strong data-start=\"932\" data-end=\"969\">Disponible en 4 anchos de asiento<\/strong> para usuarios de hasta <strong data-start=\"993\" data-end=\"1002\">77 kg<\/strong>.<br data-start=\"1003\" data-end=\"1006\" \/>\u2714 <strong data-start=\"1008\" data-end=\"1048\">Ruedas traseras de liberaci\u00f3n r\u00e1pida<\/strong> y <strong data-start=\"1051\" data-end=\"1070\">frenos traseros<\/strong> para mayor seguridad.<br data-start=\"1092\" data-end=\"1095\" \/>\u2714 <strong data-start=\"1097\" data-end=\"1131\">Reposapi\u00e9s de \u00e1ngulo ajustable<\/strong> y estribos elevables.<br data-start=\"1153\" data-end=\"1156\" \/>\u2714 <strong data-start=\"1158\" data-end=\"1206\">Apoyabrazos abatibles y regulables en altura<\/strong> para mayor confort.<br data-start=\"1333\" data-end=\"1336\" \/>\u2714 <strong data-start=\"1338\" data-end=\"1381\">Modelo tr\u00e1nsito probado contra impactos<\/strong> para mayor seguridad.<\/p>\n<h3 data-start=\"1407\" data-end=\"1457\"><strong data-start=\"1411\" data-end=\"1455\">Especificaciones t\u00e9cnicas:<\/strong><\/h3>\n<ul>\n<li style=\"font-weight: 400;\"><span style=\"font-weight: 400;\">Estructura de Aluminio, plegable.\u00a0<\/span><\/li>\n<li style=\"font-weight: 400;\"><span style=\"font-weight: 400;\">Empu\u00f1adura de empuje ergon\u00f3micas y antideslizantes, ajustable a la estatura y comodidad de la persona que realiza el apoyo en el trayecto.\u00a0<\/span><\/li>\n<li style=\"font-weight: 400;\"><span style=\"font-weight: 400;\">Pintura electroest\u00e1tica<\/span><\/li>\n<li style=\"font-weight: 400;\"><span style=\"font-weight: 400;\">Asiento y respaldo fabricado en tela sint\u00e9tica, acolchada.<\/span><\/li>\n<li style=\"font-weight: 400;\"><span style=\"font-weight: 400;\">Respaldo reclinable y asiento basculante<\/span><\/li>\n<li style=\"font-weight: 400;\"><span style=\"font-weight: 400;\">Reposapi\u00e9s de 1 hoja abatible y regulable en altura.<\/span><\/li>\n<li style=\"font-weight: 400;\"><span style=\"font-weight: 400;\">Reposabrazos abatibles. Posee protectores laterales acolchados.<\/span><\/li>\n<li style=\"font-weight: 400;\"><span style=\"font-weight: 400;\">Piernera batientes y regulables en \u00e1ngulo\u00a0<\/span><\/li>\n<li style=\"font-weight: 400;\"><span style=\"font-weight: 400;\">Apoya piernas elevables y reposapi\u00e9s ajustables en \u00e1ngulo.\u00a0<\/span><\/li>\n<li style=\"font-weight: 400;\"><span style=\"font-weight: 400;\">Todo ajuste manual, con sistema de seguridad.<\/span><\/li>\n<li style=\"font-weight: 400;\"><span style=\"font-weight: 400;\">Ruedas traseras de 12\u201d, solidas de policarbonato de alto impacto, impinchables.<\/span><\/li>\n<li style=\"font-weight: 400;\"><span style=\"font-weight: 400;\">Incluye Pechera de torso completo, sombrilla, extensor de cabezal, cintur\u00f3n p\u00e9lvico, cabezal occipital.\u00a0<\/span><\/li>\n<li style=\"font-weight: 400;\"><span style=\"font-weight: 400;\">Frenos de palanca recubiertos en goma dura.<\/span><\/li>\n<li style=\"font-weight: 400;\"><span style=\"font-weight: 400;\">Ruedas delanteras macizas de 8\u201d multidireccionales, con horquilla de aluminio.<\/span><\/li>\n<li style=\"font-weight: 400;\"><span style=\"font-weight: 400;\">Peso de la silla de 15 kg.<\/span><\/li>\n<li style=\"font-weight: 400;\"><span style=\"font-weight: 400;\">Peso m\u00e1ximo de soporte de 35 a 75KG.<\/span><\/li>\n<li style=\"font-weight: 400;\"><span style=\"font-weight: 400;\">Posibilidad de accesorios adicionales, seg\u00fan stock y disponibilidad.\u00a0<\/span><\/li>\n<\/ul>\n<\/div>\n<\/div>\n<\/div>\n<\/div>\n<p>Disponible en 4 tallas:<\/p>\n<p>Rodeo 10: ancho de asiento 25 cm<br \/>\nRodeo 12: ancho de asiento 30 cm<br \/>\nRodeo 14: ancho de asiento 35 cm<br \/>\nRodeo 16: ancho de asiento 40 cm<\/p>\n","protected":false},"excerpt":{"rendered":"<p data-start=\"118\" data-end=\"145\"><strong data-start=\"118\" data-end=\"145\">Coche neurol\u00f3gico Rodeo<\/strong><\/p>\n<p data-start=\"147\" data-end=\"361\">Dise\u00f1ado para ni\u00f1os, adolescentes y adultos de estatura media con movilidad reducida que necesitan mayor contenci\u00f3n del tronco.<br \/>\nEs ideal para desplazarse en superficies estables o irregulares sin obst\u00e1culos.<\/p>\n<p data-start=\"363\" data-end=\"577\">La silla permite basculaci\u00f3n del asiento, lo que mejora el posicionamiento durante el d\u00eda y alivia la presi\u00f3n en la parte superior del cuerpo.<br \/>\nSu estructura es liviana, compacta y plegable que facilita el transporte.<br \/>\nSe ajusta al crecimiento del usuario aproximadamente cinco a\u00f1os gracias a la regulaci\u00f3n de la profundidad del asiento y la extensi\u00f3n del cabezal.<br \/>\nLa tapicer\u00eda es resistente y desmontable, lo que permite una limpieza completa.<\/p>\n<p><strong>Incluye Pechera de torso completo, sombrilla, extensor de cabezal, cintur\u00f3n p\u00e9lvico y cabezal occipital.\u00a0<\/strong><\/p>\n<p>Disponible en las siguientes tallas:<\/p>\n<p><strong>Rodeo 10: ancho de asiento 25 cm<\/strong><br \/>\n<strong>Rodeo 12: ancho de asiento 30 cm<\/strong><br \/>\n<strong>Rodeo 14: ancho de asiento 35 cm<\/strong><br \/>\n<strong>Rodeo 16: ancho de asiento 40 cm<\/strong><\/p>\n<p>*Color referencial<\/p>\n","protected":false},"featured_media":18258,"comment_status":"open","ping_status":"closed","template":"","meta":{"_acf_changed":false},"product_brand":[1086],"product_cat":[1144,1020,1200,1021],"product_tag":[1198,1193],"class_list":{"0":"post-15244","1":"product","2":"type-product","3":"status-publish","4":"has-post-thumbnail","6":"product_brand-lifante","7":"product_cat-lifante","8":"product_cat-ninos","9":"product_cat-ofertas-2026","10":"product_cat-sillas-de-ruedas-ninos","11":"product_tag-ninos","12":"product_tag-silla-de-rueda-manual","13":"product_shipping_class-grande","14":"pa_ancho-de-asiento-25-cm","15":"pa_ancho-de-asiento-30-cm","16":"pa_ancho-de-asiento-35-cm","17":"pa_ancho-de-asiento-40-cm","18":"pa_marcas-ninos-convaid","19":"fb_product_set-lifante","20":"fb_product_set-promo-sillas-16-al-31-mayo","22":"first","23":"instock","24":"sale","25":"shipping-taxable","26":"purchasable","27":"product-type-variable"},"acf":[],"_links":{"self":[{"href":"https:\/\/deltamed.cl\/tienda\/wp-json\/wp\/v2\/product\/15244","targetHints":{"allow":["GET"]}}],"collection":[{"href":"https:\/\/deltamed.cl\/tienda\/wp-json\/wp\/v2\/product"}],"about":[{"href":"https:\/\/deltamed.cl\/tienda\/wp-json\/wp\/v2\/types\/product"}],"replies":[{"embeddable":true,"href":"https:\/\/deltamed.cl\/tienda\/wp-json\/wp\/v2\/comments?post=15244"}],"version-history":[{"count":14,"href":"https:\/\/deltamed.cl\/tienda\/wp-json\/wp\/v2\/product\/15244\/revisions"}],"predecessor-version":[{"id":20070,"href":"https:\/\/deltamed.cl\/tienda\/wp-json\/wp\/v2\/product\/15244\/revisions\/20070"}],"wp:featuredmedia":[{"embeddable":true,"href":"https:\/\/deltamed.cl\/tienda\/wp-json\/wp\/v2\/media\/18258"}],"wp:attachment":[{"href":"https:\/\/deltamed.cl\/tienda\/wp-json\/wp\/v2\/media?parent=15244"}],"wp:term":[{"taxonomy":"product_brand","embeddable":true,"href":"https:\/\/deltamed.cl\/tienda\/wp-json\/wp\/v2\/product_brand?post=15244"},{"taxonomy":"product_cat","embeddable":true,"href":"https:\/\/deltamed.cl\/tienda\/wp-json\/wp\/v2\/product_cat?post=15244"},{"taxonomy":"product_tag","embeddable":true,"href":"https:\/\/deltamed.cl\/tienda\/wp-json\/wp\/v2\/product_tag?post=15244"}],"curies":[{"name":"wp","href":"https:\/\/api.w.org\/{rel}","templated":true}]}}