{"id":1523,"date":"2021-05-27T16:15:06","date_gmt":"2021-05-27T19:15:06","guid":{"rendered":"https:\/\/deltamed.cl\/tienda\/?post_type=product&#038;p=1523"},"modified":"2026-03-02T14:45:19","modified_gmt":"2026-03-02T17:45:19","slug":"cojin-antiescaras-de-espuma-para-silla-de-ruedas-45cm-x-40cm-x-5cm","status":"publish","type":"product","link":"https:\/\/deltamed.cl\/tienda\/producto\/cojin-antiescaras-de-espuma-para-silla-de-ruedas-45cm-x-40cm-x-5cm\/","title":{"rendered":"Coj\u00edn antiescaras de espuma para silla de ruedas 45cm x 40cm x 5cm"},"content":{"rendered":"<p>Coj\u00edn antiescaras de espuma para silla de ruedas 45cm x 40cm x 5cm<\/p>\n<p>Coj\u00edn hecho de espuma Deltamed<\/p>\n<p>&#8211; Materiales de gran calidad que evita deformaci\u00f3n del coj\u00edn y prolonga su durabilidad.<\/p>\n<p>&#8211; Medidas: 45 x 40 x 5 cm, funda antideslizante, impermeable y respirable.<\/p>\n<p>&#8211; Recomendado para prevenir \u00falceras grado 1 y 2 en pacientes con riesgo de desarrollar UPP. O personas que pasen gran parte del d\u00eda sentados o en cama.<\/p>\n<p>&#8211; Disminuye los efectos negativos de factores externos como el roce.<\/p>\n<p>&#8211; Otorga mayor estabilidad y confort a su usuario a trav\u00e9s de su modelo anat\u00f3mico que favorece una buena postura y una mejor estabilidad adem\u00e1s de aumentar la superficie de contacto para reducir las presiones.<\/p>\n<p>&#8211; Ideal para cama, sill\u00f3n o silla de ruedas.<\/p>\n<div id=\"attachment_1524\" style=\"width: 310px\" class=\"wp-caption alignnone\"><img fetchpriority=\"high\" decoding=\"async\" aria-describedby=\"caption-attachment-1524\" class=\"size-medium wp-image-1524\" src=\"https:\/\/deltamed.cl\/tienda\/wp-content\/uploads\/2021\/05\/cojin-deltamed-300x300.jpg\" alt=\"Coj\u00edn antiescaras de espuma para silla de ruedas 45cm x 40cm x 5cm\" width=\"300\" height=\"300\" title=\"\" srcset=\"https:\/\/deltamed.cl\/tienda\/wp-content\/uploads\/2021\/05\/cojin-deltamed-300x300.jpg 300w, https:\/\/deltamed.cl\/tienda\/wp-content\/uploads\/2021\/05\/cojin-deltamed-100x100.jpg 100w, https:\/\/deltamed.cl\/tienda\/wp-content\/uploads\/2021\/05\/cojin-deltamed-150x150.jpg 150w, https:\/\/deltamed.cl\/tienda\/wp-content\/uploads\/2021\/05\/cojin-deltamed.jpg 500w\" sizes=\"(max-width: 300px) 100vw, 300px\" \/><p id=\"caption-attachment-1524\" class=\"wp-caption-text\">Coj\u00edn antiescaras de espuma para silla de ruedas 45cm x 40cm x 5cm<\/p><\/div>\n","protected":false},"excerpt":{"rendered":"<p>Coj\u00edn antiescaras de espuma para silla de ruedas 45cm x 40cm x 5cm<\/p>\n<p>Coj\u00edn de espuma Deltamed<\/p>\n<p>&#8211; Materiales de gran calidad que evita la deformaci\u00f3n del coj\u00edn y prolonga su durabilidad.<\/p>\n<p>&#8211; Medidas: 45 x 40 x 5 cm, funda antideslizante, impermeable y respirable.<\/p>\n<p>&#8211; Recomendado para prevenir \u00falceras grado 1 y 2 en pacientes con riesgo de desarrollar UPP o personas que pasen gran parte del d\u00eda sentados o en cama.<\/p>\n","protected":false},"featured_media":1524,"comment_status":"open","ping_status":"closed","template":"","meta":{"_acf_changed":false},"product_brand":[1091],"product_cat":[992,978,34],"product_tag":[486,703,585],"class_list":{"0":"post-1523","1":"product","2":"type-product","3":"status-publish","4":"has-post-thumbnail","6":"product_brand-deltamed","7":"product_cat-cojin","8":"product_cat-prevencion-antiescaras","9":"product_cat-movilidad","10":"product_tag-ayudas-tecnicas","11":"product_tag-cyberday","12":"product_tag-deltamed","13":"product_shipping_class-extra-pequeno","15":"first","16":"instock","17":"shipping-taxable","18":"purchasable","19":"product-type-simple"},"acf":[],"_links":{"self":[{"href":"https:\/\/deltamed.cl\/tienda\/wp-json\/wp\/v2\/product\/1523","targetHints":{"allow":["GET"]}}],"collection":[{"href":"https:\/\/deltamed.cl\/tienda\/wp-json\/wp\/v2\/product"}],"about":[{"href":"https:\/\/deltamed.cl\/tienda\/wp-json\/wp\/v2\/types\/product"}],"replies":[{"embeddable":true,"href":"https:\/\/deltamed.cl\/tienda\/wp-json\/wp\/v2\/comments?post=1523"}],"version-history":[{"count":4,"href":"https:\/\/deltamed.cl\/tienda\/wp-json\/wp\/v2\/product\/1523\/revisions"}],"predecessor-version":[{"id":8845,"href":"https:\/\/deltamed.cl\/tienda\/wp-json\/wp\/v2\/product\/1523\/revisions\/8845"}],"wp:featuredmedia":[{"embeddable":true,"href":"https:\/\/deltamed.cl\/tienda\/wp-json\/wp\/v2\/media\/1524"}],"wp:attachment":[{"href":"https:\/\/deltamed.cl\/tienda\/wp-json\/wp\/v2\/media?parent=1523"}],"wp:term":[{"taxonomy":"product_brand","embeddable":true,"href":"https:\/\/deltamed.cl\/tienda\/wp-json\/wp\/v2\/product_brand?post=1523"},{"taxonomy":"product_cat","embeddable":true,"href":"https:\/\/deltamed.cl\/tienda\/wp-json\/wp\/v2\/product_cat?post=1523"},{"taxonomy":"product_tag","embeddable":true,"href":"https:\/\/deltamed.cl\/tienda\/wp-json\/wp\/v2\/product_tag?post=1523"}],"curies":[{"name":"wp","href":"https:\/\/api.w.org\/{rel}","templated":true}]}}