{"id":15229,"date":"2023-01-31T18:17:18","date_gmt":"2023-01-31T21:17:18","guid":{"rendered":"https:\/\/deltamed.cl\/tienda\/producto\/colchon-antiescaras-y-de-evacuacion-p2\/"},"modified":"2026-02-27T13:52:36","modified_gmt":"2026-02-27T16:52:36","slug":"colchon-antiescaras-y-de-evacuacion-p2","status":"publish","type":"product","link":"https:\/\/deltamed.cl\/tienda\/producto\/colchon-antiescaras-y-de-evacuacion-p2\/","title":{"rendered":"Colch\u00f3n anti escaras viscoel\u00e1stico p2"},"content":{"rendered":"<p data-start=\"72\" data-end=\"434\">El <strong data-start=\"75\" data-end=\"97\">Colch\u00f3n anti escaras y de evacuaci\u00f3n\u00a0 P-2<\/strong> ha sido dise\u00f1ado para <strong data-start=\"120\" data-end=\"149\">situaciones de emergencia<\/strong>, permitiendo una <strong data-start=\"167\" data-end=\"197\">evacuaci\u00f3n r\u00e1pida y segura<\/strong> del usuario. Su sistema de <strong data-start=\"225\" data-end=\"258\">huinchas laterales integradas<\/strong> y <strong data-start=\"261\" data-end=\"285\">cintas en las puntas<\/strong> facilitan su traslado, mientras que su <strong data-start=\"325\" data-end=\"350\">base de baja fricci\u00f3n<\/strong> permite deslizamiento eficiente en diversas superficies, como suelos y escaleras.<\/p>\n<h3 data-start=\"436\" data-end=\"474\"><strong data-start=\"440\" data-end=\"472\">Caracter\u00edsticas principales:<\/strong><\/h3>\n<p data-start=\"475\" data-end=\"1069\">\u2714 <strong data-start=\"477\" data-end=\"512\">Sistema de evacuaci\u00f3n integrado<\/strong> con cinturones de sujeci\u00f3n y capa de baja fricci\u00f3n.<br data-start=\"564\" data-end=\"567\" \/>\u2714 <strong data-start=\"569\" data-end=\"600\">Colch\u00f3n de una sola secci\u00f3n<\/strong> con flotaci\u00f3n seca viscoel\u00e1stica.<br data-start=\"634\" data-end=\"637\" \/>\u2714 <strong data-start=\"639\" data-end=\"663\">Doble capa de espuma<\/strong> que mantiene sus propiedades y reduce el riesgo de lesiones en la piel.<br data-start=\"735\" data-end=\"738\" \/>\u2714 <strong data-start=\"740\" data-end=\"793\">Recomendado para pacientes de mediano y alto peso<\/strong>.<br data-start=\"794\" data-end=\"797\" \/>\u2714 <strong data-start=\"799\" data-end=\"843\">Bordes reforzados y esquinas redondeadas<\/strong>, adaptables para uso en hospitales y hogares.<br data-start=\"889\" data-end=\"892\" \/>\u2714 <strong data-start=\"894\" data-end=\"953\">Superficie impermeable, antideslizante e hipoalerg\u00e9nica<\/strong> para mayor seguridad e higiene.<br data-start=\"985\" data-end=\"988\" \/>\u2714 <strong data-start=\"990\" data-end=\"1008\">Lavable a 95\u00b0C<\/strong>, garantizando una limpieza profunda y f\u00e1cil mantenimiento.<\/p>\n<h3 data-start=\"1071\" data-end=\"1107\"><strong data-start=\"1075\" data-end=\"1105\">Especificaciones t\u00e9cnicas:<\/strong><\/h3>\n<ul>\n<li style=\"font-weight: 400\"><span style=\"font-weight: 400\">Colch\u00f3n de una secci\u00f3n.<\/span><\/li>\n<li style=\"font-weight: 400\"><span style=\"font-weight: 400\">Flotaci\u00f3n seca viscoel\u00e1stico.<\/span><\/li>\n<li style=\"font-weight: 400\"><span style=\"font-weight: 400\">Dimensiones: 90 x 200 x 14 Cm ( Ancho x Largo x Alto )<\/span><\/li>\n<li style=\"font-weight: 400\"><span style=\"font-weight: 400\">Peso: 50\/40 kg\/m3<\/span><\/li>\n<li style=\"font-weight: 400\"><span style=\"font-weight: 400\">Compresi\u00f3n: 5.0\/ 4.0 kPa<\/span><\/li>\n<li style=\"font-weight: 400\"><span style=\"font-weight: 400\">Colch\u00f3n de espuma Visco el\u00e1stica de 14 cm de alto, con borde reforzado. Aplicable a la presencia de \u00falceras por presi\u00f3n, grado 1-2<\/span><\/li>\n<li style=\"font-weight: 400\"><span style=\"font-weight: 400\">Espuma de la base fabricada en alta resiliencia de 40 kg de densidad con grosor de 9cm<\/span><\/li>\n<li style=\"font-weight: 400\"><span style=\"font-weight: 400\">Consta con 2 capas de colch\u00f3n lo que garantiza sus propiedades al estar acostado, gracias a los 5cm de espuma visco, reduciendo as\u00ed el riesgo de alteraciones locales en la piel.<\/span><\/li>\n<li style=\"font-weight: 400\"><span style=\"font-weight: 400\">Recomendado para el uso diario en pacientes de mediano y alto peso, adem\u00e1s posee una capa Pu o capa de evacuaci\u00f3n.<\/span><\/li>\n<li style=\"font-weight: 400\"><span style=\"font-weight: 400\">Con esquinas redondeadas adaptables para uso en Hospital y hogar<\/span><\/li>\n<li style=\"font-weight: 400\"><span style=\"font-weight: 400\">Impermeable y anti deslizante.<\/span><\/li>\n<li style=\"font-weight: 400\"><span style=\"font-weight: 400\">Lavable a 95\u00b0C<\/span><\/li>\n<li style=\"font-weight: 400\"><span style=\"font-weight: 400\">Hipo alerg\u00e9nico.<\/span><\/li>\n<li style=\"font-weight: 400\"><span style=\"font-weight: 400\">Resiste 140 kg de peso.<\/span><\/li>\n<li style=\"font-weight: 400\"><span style=\"font-weight: 400\">Peso neto del colch\u00f3n: 12 kg<\/span><\/li>\n<\/ul>\n","protected":false},"excerpt":{"rendered":"<p data-start=\"72\" data-end=\"434\">El <strong data-start=\"75\" data-end=\"97\">Colch\u00f3n antiescaras y de evacuacion\u00a0 P-2<\/strong> \u00a0ha sido dise\u00f1ado para <strong data-start=\"120\" data-end=\"149\">situaciones de emergencia<\/strong>, permitiendo una <strong data-start=\"167\" data-end=\"197\">evacuaci\u00f3n r\u00e1pida y segura<\/strong> del usuario. Su sistema de <strong data-start=\"225\" data-end=\"258\">huinchas laterales integradas<\/strong> y <strong data-start=\"261\" data-end=\"285\">cintas en las puntas<\/strong> facilitan su traslado, mientras que su <strong data-start=\"325\" data-end=\"350\">base de baja fricci\u00f3n<\/strong> permite deslizamiento eficiente en diversas superficies, como suelos y escaleras.<\/p>\n<h3 data-start=\"436\" data-end=\"474\"><strong data-start=\"440\" data-end=\"472\">Caracter\u00edsticas principales:<\/strong><\/h3>\n<p data-start=\"475\" data-end=\"1069\">\u2714 <strong data-start=\"477\" data-end=\"512\">Sistema de evacuaci\u00f3n integrado<\/strong> con cinturones de sujeci\u00f3n y capa de baja fricci\u00f3n.<br data-start=\"564\" data-end=\"567\" \/>\u2714 <strong data-start=\"569\" data-end=\"600\">Colch\u00f3n de una sola secci\u00f3n<\/strong> con flotaci\u00f3n seca viscoel\u00e1stica.<br data-start=\"634\" data-end=\"637\" \/>\u2714 <strong data-start=\"639\" data-end=\"663\">Doble capa de espuma<\/strong> que mantiene sus propiedades y reduce el riesgo de lesiones en la piel.<br data-start=\"735\" data-end=\"738\" \/>\u2714 <strong data-start=\"740\" data-end=\"793\">Recomendado para pacientes de mediano y alto peso<\/strong>.<br data-start=\"794\" data-end=\"797\" \/>\u2714 <strong data-start=\"799\" data-end=\"843\">Bordes reforzados y esquinas redondeadas<\/strong>, adaptables para uso en hospitales y hogares.<br data-start=\"889\" data-end=\"892\" \/>\u2714 <strong data-start=\"894\" data-end=\"953\">Superficie impermeable, antideslizante e hipoalerg\u00e9nica<\/strong> para mayor seguridad e higiene.<br data-start=\"985\" data-end=\"988\" \/>\u2714 <strong data-start=\"990\" data-end=\"1008\">Lavable a 95\u00b0C<\/strong>, garantizando una limpieza profunda y f\u00e1cil mantenimiento.<\/p>\n","protected":false},"featured_media":15230,"comment_status":"open","ping_status":"closed","template":"","meta":{"_acf_changed":false},"product_brand":[1086],"product_cat":[1144,979,978],"product_tag":[],"class_list":{"0":"post-15229","1":"product","2":"type-product","3":"status-publish","4":"has-post-thumbnail","6":"product_brand-lifante","7":"product_cat-lifante","8":"product_cat-colchones","9":"product_cat-prevencion-antiescaras","10":"pa_marca-anti-escaras-stiegelmeier","11":"pa_prevencion-antiescaras-colchones","12":"fb_product_set-lifante","14":"first","15":"instock","16":"sale","17":"shipping-taxable","18":"purchasable","19":"product-type-simple"},"acf":[],"_links":{"self":[{"href":"https:\/\/deltamed.cl\/tienda\/wp-json\/wp\/v2\/product\/15229","targetHints":{"allow":["GET"]}}],"collection":[{"href":"https:\/\/deltamed.cl\/tienda\/wp-json\/wp\/v2\/product"}],"about":[{"href":"https:\/\/deltamed.cl\/tienda\/wp-json\/wp\/v2\/types\/product"}],"replies":[{"embeddable":true,"href":"https:\/\/deltamed.cl\/tienda\/wp-json\/wp\/v2\/comments?post=15229"}],"version-history":[{"count":8,"href":"https:\/\/deltamed.cl\/tienda\/wp-json\/wp\/v2\/product\/15229\/revisions"}],"predecessor-version":[{"id":17692,"href":"https:\/\/deltamed.cl\/tienda\/wp-json\/wp\/v2\/product\/15229\/revisions\/17692"}],"wp:featuredmedia":[{"embeddable":true,"href":"https:\/\/deltamed.cl\/tienda\/wp-json\/wp\/v2\/media\/15230"}],"wp:attachment":[{"href":"https:\/\/deltamed.cl\/tienda\/wp-json\/wp\/v2\/media?parent=15229"}],"wp:term":[{"taxonomy":"product_brand","embeddable":true,"href":"https:\/\/deltamed.cl\/tienda\/wp-json\/wp\/v2\/product_brand?post=15229"},{"taxonomy":"product_cat","embeddable":true,"href":"https:\/\/deltamed.cl\/tienda\/wp-json\/wp\/v2\/product_cat?post=15229"},{"taxonomy":"product_tag","embeddable":true,"href":"https:\/\/deltamed.cl\/tienda\/wp-json\/wp\/v2\/product_tag?post=15229"}],"curies":[{"name":"wp","href":"https:\/\/api.w.org\/{rel}","templated":true}]}}