{"id":152,"date":"2020-12-10T23:34:36","date_gmt":"2020-12-11T02:34:36","guid":{"rendered":"https:\/\/deltamed.cl\/tienda\/?post_type=product&#038;p=152"},"modified":"2026-04-07T21:55:39","modified_gmt":"2026-04-08T00:55:39","slug":"kit-medidor-glucosa-colesterol-hemoglobina-easy-life-gchb-plus","status":"publish","type":"product","link":"https:\/\/deltamed.cl\/tienda\/producto\/kit-medidor-glucosa-colesterol-hemoglobina-easy-life-gchb-plus\/","title":{"rendered":"Kit medidor glucosa colesterol hemoglobina Easy Life GCHB Plus"},"content":{"rendered":"<p>Kit medidor glucosa colesterol hemoglobina Easy Life GCHB Plus<\/p>\n<p>EASY LIFE GCHb PLUS es un dispositivo multifuncional dise\u00f1ado para estudiar los niveles de glucosa en la sangre (glicemia), hemoglobina y colesterol.<\/p>\n<p>La medici\u00f3n de los valores de glucosa, hemoglobina y colesterol se basa en los cambios en el voltaje el\u00e9ctrico causados por su reacci\u00f3n con el reactivo del electrodo en la tira reactiva.<\/p>\n<p>EASY LIFE GCHb PLUS es un dispositivo confiable, r\u00e1pido y preciso.<\/p>\n<p>Hay memoria para 450 mediciones de glucosa en sangre y 50 para el colesterol y la hemoglobina, respectivamente, por hora y fecha.<\/p>\n<p>Acabas de poner una gota de sangre en la tira reactiva.<\/p>\n<p>El resultado se muestra en la pantalla despu\u00e9s de 6 segundos (para glucosa y hemoglobina) y 50 segundos (para colesterol).<\/p>\n<p>Rango de Medici\u00f3n<br \/>\n\u2022 Glucosa: 20-600 mg\/dl<br \/>\n\u2022 Colesterol: 100-400 mg\/dl<br \/>\n\u2022 Hemoglobina: 7-26 g\/dl<\/p>\n<p>Medici\u00f3n de Tiempo<br \/>\n\u2022 Glucosa: 6 segundo<br \/>\n\u2022 Colesterol: 50 segundos<br \/>\n\u2022 Hemoglobina: 6 segundos.<\/p>\n<p>Muestra de Sangre<br \/>\n\u2022 Glucosa: 0,8<br \/>\n\u2022 Colesterol: 10<br \/>\n\u2022 Hemoglobina: 08<\/p>\n<div id=\"attachment_153\" style=\"width: 310px\" class=\"wp-caption alignnone\"><img fetchpriority=\"high\" decoding=\"async\" aria-describedby=\"caption-attachment-153\" class=\"size-medium wp-image-153\" src=\"https:\/\/deltamed.cl\/tienda\/wp-content\/uploads\/2020\/12\/aa-delta-16-300x300.jpg\" alt=\"Kit medidor glucosa colesterol hemoglobina Easy Life GCHB Plus\" width=\"300\" height=\"300\" title=\"\" srcset=\"https:\/\/deltamed.cl\/tienda\/wp-content\/uploads\/2020\/12\/aa-delta-16-300x300.jpg 300w, https:\/\/deltamed.cl\/tienda\/wp-content\/uploads\/2020\/12\/aa-delta-16-100x100.jpg 100w, https:\/\/deltamed.cl\/tienda\/wp-content\/uploads\/2020\/12\/aa-delta-16-150x150.jpg 150w, https:\/\/deltamed.cl\/tienda\/wp-content\/uploads\/2020\/12\/aa-delta-16.jpg 600w\" sizes=\"(max-width: 300px) 100vw, 300px\" \/><p id=\"caption-attachment-153\" class=\"wp-caption-text\">Kit medidor glucosa colesterol hemoglobina Easy Life GCHB Plus<\/p><\/div>\n","protected":false},"excerpt":{"rendered":"<p>Kit medidor glucosa colesterol hemoglobina Easy Life GCHB Plus<\/p>\n<p>EASY LIFE GCHb PLUS es un dispositivo multifuncional dise\u00f1ado para estudiar los niveles de glucosa en la sangre (glicemia), hemoglobina y colesterol.<\/p>\n<p>La medici\u00f3n de los valores de glucosa, hemoglobina y colesterol se basa en los cambios en el voltaje el\u00e9ctrico causados por su reacci\u00f3n con el reactivo del electrodo en la tira reactiva.<\/p>\n<p>EASY LIFE GCHb PLUS es un dispositivo confiable, r\u00e1pido y preciso.<\/p>\n<p>Hay memoria para 450 mediciones de glucosa en sangre y 50 para el colesterol y la hemoglobina, respectivamente, por hora y fecha.<\/p>\n<p>Acabas de poner una gota de sangre en la tira reactiva.<\/p>\n<p>El resultado se muestra en la pantalla despu\u00e9s de 6 segundos (para glucosa y hemoglobina) y 50 segundos (para colesterol).<\/p>\n","protected":false},"featured_media":153,"comment_status":"open","ping_status":"closed","template":"","meta":{"_acf_changed":false},"product_brand":[1088],"product_cat":[15,356],"product_tag":[62,585,63,64,65],"class_list":{"0":"post-152","1":"product","2":"type-product","3":"status-publish","4":"has-post-thumbnail","6":"product_brand-easy-life","7":"product_cat-medicion-y-diagnostico","8":"product_cat-glucometro","9":"product_tag-colesterol","10":"product_tag-deltamed","11":"product_tag-glucosa","12":"product_tag-hemoglobina","13":"product_tag-medidor","14":"product_shipping_class-extra-pequeno","16":"first","17":"instock","18":"shipping-taxable","19":"purchasable","20":"product-type-simple"},"acf":[],"_links":{"self":[{"href":"https:\/\/deltamed.cl\/tienda\/wp-json\/wp\/v2\/product\/152","targetHints":{"allow":["GET"]}}],"collection":[{"href":"https:\/\/deltamed.cl\/tienda\/wp-json\/wp\/v2\/product"}],"about":[{"href":"https:\/\/deltamed.cl\/tienda\/wp-json\/wp\/v2\/types\/product"}],"replies":[{"embeddable":true,"href":"https:\/\/deltamed.cl\/tienda\/wp-json\/wp\/v2\/comments?post=152"}],"version-history":[{"count":2,"href":"https:\/\/deltamed.cl\/tienda\/wp-json\/wp\/v2\/product\/152\/revisions"}],"predecessor-version":[{"id":8851,"href":"https:\/\/deltamed.cl\/tienda\/wp-json\/wp\/v2\/product\/152\/revisions\/8851"}],"wp:featuredmedia":[{"embeddable":true,"href":"https:\/\/deltamed.cl\/tienda\/wp-json\/wp\/v2\/media\/153"}],"wp:attachment":[{"href":"https:\/\/deltamed.cl\/tienda\/wp-json\/wp\/v2\/media?parent=152"}],"wp:term":[{"taxonomy":"product_brand","embeddable":true,"href":"https:\/\/deltamed.cl\/tienda\/wp-json\/wp\/v2\/product_brand?post=152"},{"taxonomy":"product_cat","embeddable":true,"href":"https:\/\/deltamed.cl\/tienda\/wp-json\/wp\/v2\/product_cat?post=152"},{"taxonomy":"product_tag","embeddable":true,"href":"https:\/\/deltamed.cl\/tienda\/wp-json\/wp\/v2\/product_tag?post=152"}],"curies":[{"name":"wp","href":"https:\/\/api.w.org\/{rel}","templated":true}]}}