{"id":1518,"date":"2021-05-27T11:49:40","date_gmt":"2021-05-27T14:49:40","guid":{"rendered":"https:\/\/deltamed.cl\/tienda\/?post_type=product&#038;p=1518"},"modified":"2026-02-27T13:52:25","modified_gmt":"2026-02-27T16:52:25","slug":"aposito-alginato-de-calcioplata-5x5-cm-cranberry","status":"publish","type":"product","link":"https:\/\/deltamed.cl\/tienda\/producto\/aposito-alginato-de-calcioplata-5x5-cm-cranberry\/","title":{"rendered":"Ap\u00f3sito alginato de calcio+plata 5&#215;5 cm Cranberry"},"content":{"rendered":"<p>Ap\u00f3sito alginato de calcio+plata 5&#215;5 cm Cranberry<br \/>\n<strong>caja de 20 unidades<\/strong><\/p>\n<p>Es un vendaje est\u00e9ril y no adherente hecho de alginato de calcio y plata. Es un vendaje h\u00famedo que absorbe el exudado (l\u00edquido de la herida) y forma un gel que ayuda a mantener la herida h\u00fameda. El gel tambi\u00e9n ayuda a proteger la herida de la contaminaci\u00f3n y las bacterias. La plata en el vendaje tiene propiedades antimicrobianas que ayudan a combatir las infecciones.<\/p>\n<p><strong>Material:<br \/>\n<\/strong>\u2022 El alginato de calcio es un material natural que se deriva de las algas marinas.<br \/>\n\u2022 La plata es un mineral que tiene propiedades antimicrobianas.<\/p>\n<p><strong>Caracter\u00edsticas:<br \/>\n<\/strong>\u2022 Absorci\u00f3n: Hasta 20 veces su peso en exudado.<br \/>\n\u2022 Tiempo de uso: Hasta 7 d\u00edas.<br \/>\n\u2022 Adherencia: No es adherente.<br \/>\n\u2022 Transparente: Permite la visualizaci\u00f3n de la herida.<br \/>\n\u2022 Efecto barrera: Ayuda a proteger la herida de la contaminaci\u00f3n y las bacterias.<br \/>\n\u2022 Antimicrobiano: La plata en el vendaje ayuda a combatir las infecciones.<br \/>\n\u2022 Antinflamatorio: El extracto de ar\u00e1ndano en el vendaje ayuda a reducir la inflamaci\u00f3n.<br \/>\n\u2022 Control del olor: Ayuda a controlar el olor de la herida.<\/p>\n<p><strong>Usos recomendados:<\/strong>\u00a0El Ap\u00f3sito Alginato Calcio + Plata 10&#215;10 cm Cranberry est\u00e1 indicado para el tratamiento de heridas con exudado moderado a alto, tales como:<\/p>\n<p>\u2022 \u00dalceras por presi\u00f3n.<br \/>\n\u2022 \u00dalceras venosas.<br \/>\n\u2022 \u00dalceras en el pie diab\u00e9tico.<br \/>\n\u2022 Heridas quir\u00fargicas.<br \/>\n\u2022 Quemaduras.<br \/>\n\u2022 Desgarros en la piel.<br \/>\n\u2022 Heridas infectadas.<\/p>\n<p><strong>Mantenimiento:<br \/>\n<\/strong>\u2022 El Ap\u00f3sito Alginato Calcio + Plata 10&#215;10 cm Cranberry debe cambiarse cuando est\u00e9 completamente saturado de exudado o cuando se haya desprendido de la piel.<br \/>\n\u2022 Debe almacenarse en un lugar fresco y seco a temperatura ambiente.<br \/>\n\u2022 No exponga el vendaje a la luz solar directa.<\/p>\n<p><strong>Precauciones:<br \/>\n<\/strong>\u2022 No utilice el vendaje si la piel alrededor de la herida est\u00e1 roja, irritada o infectada.<br \/>\n\u2022 No utilice el vendaje si es al\u00e9rgico al alginato de calcio o a la plata.<br \/>\n\u2022 No utilice el vendaje con agentes que puedan da\u00f1arlo, como yodo, alcohol o per\u00f3xido de hidr\u00f3geno.<\/p>\n<p>AAAACPL5<\/p>\n<p><img fetchpriority=\"high\" decoding=\"async\" class=\"alignnone size-medium wp-image-7956\" src=\"https:\/\/deltamed.cl\/tienda\/wp-content\/uploads\/2021\/05\/Aposito-alginato-de-calcioplata-5x5-cm-Cranberry-250x300.jpg\" alt=\"\" width=\"250\" height=\"300\" title=\"\" srcset=\"https:\/\/deltamed.cl\/tienda\/wp-content\/uploads\/2021\/05\/Aposito-alginato-de-calcioplata-5x5-cm-Cranberry-250x300.jpg 250w, https:\/\/deltamed.cl\/tienda\/wp-content\/uploads\/2021\/05\/Aposito-alginato-de-calcioplata-5x5-cm-Cranberry.jpg 500w\" sizes=\"(max-width: 250px) 100vw, 250px\" \/><\/p>\n","protected":false},"excerpt":{"rendered":"<p>Ap\u00f3sito alginato de calcio+plata 5&#215;5 cm Cranberry<br \/>\n<strong>caja de 20 unidades<\/strong><\/p>\n<p>Es un vendaje est\u00e9ril y no adherente hecho de alginato de calcio y plata. Es un vendaje h\u00famedo que absorbe el exudado (l\u00edquido de la herida) y forma un gel que ayuda a mantener la herida h\u00fameda. El gel tambi\u00e9n ayuda a proteger la herida de la contaminaci\u00f3n y las bacterias. La plata en el vendaje tiene propiedades antimicrobianas que ayudan a combatir las infecciones.<\/p>\n<p>\u2022 El alginato de calcio es un material natural que se deriva de las algas marinas.<br \/>\n\u2022 La plata es un mineral que tiene propiedades antimicrobianas.<\/p>\n","protected":false},"featured_media":1519,"comment_status":"open","ping_status":"closed","template":"","meta":{"_acf_changed":false},"product_brand":[1087],"product_cat":[36,395],"product_tag":[653,119],"class_list":{"0":"post-1518","1":"product","2":"type-product","3":"status-publish","4":"has-post-thumbnail","6":"product_brand-cranberry","7":"product_cat-tratamiento-de-herida","8":"product_cat-apositos","9":"product_tag-aposito-alginato-de-calcioplata-5x5-cm-cranberry","10":"product_tag-cranberry","11":"product_shipping_class-extra-pequeno","13":"first","14":"instock","15":"shipping-taxable","16":"purchasable","17":"product-type-simple"},"acf":[],"_links":{"self":[{"href":"https:\/\/deltamed.cl\/tienda\/wp-json\/wp\/v2\/product\/1518","targetHints":{"allow":["GET"]}}],"collection":[{"href":"https:\/\/deltamed.cl\/tienda\/wp-json\/wp\/v2\/product"}],"about":[{"href":"https:\/\/deltamed.cl\/tienda\/wp-json\/wp\/v2\/types\/product"}],"replies":[{"embeddable":true,"href":"https:\/\/deltamed.cl\/tienda\/wp-json\/wp\/v2\/comments?post=1518"}],"version-history":[{"count":5,"href":"https:\/\/deltamed.cl\/tienda\/wp-json\/wp\/v2\/product\/1518\/revisions"}],"predecessor-version":[{"id":11625,"href":"https:\/\/deltamed.cl\/tienda\/wp-json\/wp\/v2\/product\/1518\/revisions\/11625"}],"wp:featuredmedia":[{"embeddable":true,"href":"https:\/\/deltamed.cl\/tienda\/wp-json\/wp\/v2\/media\/1519"}],"wp:attachment":[{"href":"https:\/\/deltamed.cl\/tienda\/wp-json\/wp\/v2\/media?parent=1518"}],"wp:term":[{"taxonomy":"product_brand","embeddable":true,"href":"https:\/\/deltamed.cl\/tienda\/wp-json\/wp\/v2\/product_brand?post=1518"},{"taxonomy":"product_cat","embeddable":true,"href":"https:\/\/deltamed.cl\/tienda\/wp-json\/wp\/v2\/product_cat?post=1518"},{"taxonomy":"product_tag","embeddable":true,"href":"https:\/\/deltamed.cl\/tienda\/wp-json\/wp\/v2\/product_tag?post=1518"}],"curies":[{"name":"wp","href":"https:\/\/api.w.org\/{rel}","templated":true}]}}