{"id":15164,"date":"2023-03-28T18:18:10","date_gmt":"2023-03-28T21:18:10","guid":{"rendered":"https:\/\/deltamed.cl\/tienda\/?post_type=product&#038;p=15164"},"modified":"2026-02-27T13:52:44","modified_gmt":"2026-02-27T16:52:44","slug":"silla-de-ruedas-comfort-k7","status":"publish","type":"product","link":"https:\/\/deltamed.cl\/tienda\/producto\/silla-de-ruedas-comfort-k7\/","title":{"rendered":"Silla de ruedas comfort k7"},"content":{"rendered":"<div>\n<p>Silla De Ruedas Comfort K7<\/p>\n<p>Silla de ruedas plegable est\u00e1ndar desarrollada para adolescentes y adultos. Su es exclusivamente para el transporte de una persona sobre el asiento y no como medio de tracci\u00f3n, transportador o similar. Este modelo ofrece numerosas posibilidades de ajuste a tallas f\u00edsicas individuales. Facilita la movilidad independiente del usuario, gracias a la confecci\u00f3n y a los ajustes de precisi\u00f3n en el asiento, respaldo y chasis.<\/p>\n<p>CARACTERISTICAS:<\/p>\n<ul>\n<li>Fabricada en aluminio.<\/li>\n<li>Esmaltada en color negro.<\/li>\n<li>Doble cruceta para mayor soporte y seguridad.<\/li>\n<li>Reposapi\u00e9s desmontables.<\/li>\n<li>Reposabrazos abatibles y desmontables.<\/li>\n<li>Ruedas traseras extra\u00edbles con sistema r\u00e1pido \u201cQuick Release\u201d<\/li>\n<li>Ruedas de PU, 8\u201d delanteras y 24&#215;1 traseras.<\/li>\n<li>Peso m\u00e1ximo de usuario 115 kg.<\/li>\n<li>Modelo sin anti vuelcos<\/li>\n<\/ul>\n<p>Medidas disponibles:<\/p>\n<ul>\n<li>Talla 40 cm: 40 cm ancho de asiento &#8211; 40 cm de profundidad de asiento<\/li>\n<li>Talla 46 cm: 46 cm ancho de asiento &#8211; 40 cm de profundidad de asiento<\/li>\n<\/ul>\n<\/div>\n<div>\n<div>Ventajas terap\u00e9uticas:<\/div>\n<ul>\n<li>Facilita la movilidad independiente del usuario, gracias al material de confecci\u00f3n y a los ajustes de precisi\u00f3n en el asiento, respaldo y chasis.<\/li>\n<li>F\u00e1cil manejo y peso reducido, facilita el uso cotidiano.<\/li>\n<li><span class=\"error grammar\" title=\"Esta palabra ya ha aparecido en una de las frases inmediatamente anteriores. Puede usar un sin\u00f3nimo para hacer m\u00e1s interesante el texto, excepto si la repetici\u00f3n es intencionada.\" data-type=\"grammar\" data-suggestions=\"[{&quot;value&quot;:&quot;Utilizo&quot;},{&quot;value&quot;:&quot;Empleo&quot;}]\" data-rule=\"ES_REPEATEDWORDS_USAR\" data-word=\"Uso\">Uso<\/span> en muchas patol\u00f3gicas, desde enfermedades neurol\u00f3gicas, reum\u00e1ticas, geri\u00e1tricas o pedi\u00e1tricas.<\/li>\n<\/ul>\n<\/div>\n","protected":false},"excerpt":{"rendered":"<p>Silla De Ruedas Comfort K7<\/p>\n<p>Silla de ruedas plegable est\u00e1ndar desarrollada para adolescentes y adultos. Su es exclusivamente para el transporte de una persona sobre el asiento y no como medio de tracci\u00f3n, transportador o similar.<\/p>\n<p>Este modelo ofrece numerosas posibilidades de ajuste a tallas f\u00edsicas individuales. Facilita la movilidad independiente del usuario, gracias a la confecci\u00f3n y a los ajustes de precisi\u00f3n en el asiento, respaldo y chasis.<\/p>\n<p>Disponible en dos tallas 40 y 46 cm<\/p>\n<p>&nbsp;<\/p>\n<p>&nbsp;<\/p>\n","protected":false},"featured_media":16616,"comment_status":"open","ping_status":"closed","template":"","meta":{"_acf_changed":false},"product_brand":[1086],"product_cat":[1144,968,930],"product_tag":[950,1193],"class_list":{"0":"post-15164","1":"product","2":"type-product","3":"status-publish","4":"has-post-thumbnail","6":"product_brand-lifante","7":"product_cat-lifante","8":"product_cat-estandar","9":"product_cat-sillas-de-ruedas-2","10":"product_tag-lifante","11":"product_tag-silla-de-rueda-manual","12":"product_shipping_class-grande","13":"fb_product_set-lifante","15":"first","16":"instock","17":"sale","18":"shipping-taxable","19":"purchasable","20":"product-type-variable"},"acf":[],"_links":{"self":[{"href":"https:\/\/deltamed.cl\/tienda\/wp-json\/wp\/v2\/product\/15164","targetHints":{"allow":["GET"]}}],"collection":[{"href":"https:\/\/deltamed.cl\/tienda\/wp-json\/wp\/v2\/product"}],"about":[{"href":"https:\/\/deltamed.cl\/tienda\/wp-json\/wp\/v2\/types\/product"}],"replies":[{"embeddable":true,"href":"https:\/\/deltamed.cl\/tienda\/wp-json\/wp\/v2\/comments?post=15164"}],"version-history":[{"count":9,"href":"https:\/\/deltamed.cl\/tienda\/wp-json\/wp\/v2\/product\/15164\/revisions"}],"predecessor-version":[{"id":16745,"href":"https:\/\/deltamed.cl\/tienda\/wp-json\/wp\/v2\/product\/15164\/revisions\/16745"}],"wp:featuredmedia":[{"embeddable":true,"href":"https:\/\/deltamed.cl\/tienda\/wp-json\/wp\/v2\/media\/16616"}],"wp:attachment":[{"href":"https:\/\/deltamed.cl\/tienda\/wp-json\/wp\/v2\/media?parent=15164"}],"wp:term":[{"taxonomy":"product_brand","embeddable":true,"href":"https:\/\/deltamed.cl\/tienda\/wp-json\/wp\/v2\/product_brand?post=15164"},{"taxonomy":"product_cat","embeddable":true,"href":"https:\/\/deltamed.cl\/tienda\/wp-json\/wp\/v2\/product_cat?post=15164"},{"taxonomy":"product_tag","embeddable":true,"href":"https:\/\/deltamed.cl\/tienda\/wp-json\/wp\/v2\/product_tag?post=15164"}],"curies":[{"name":"wp","href":"https:\/\/api.w.org\/{rel}","templated":true}]}}