{"id":15160,"date":"2023-03-28T17:24:41","date_gmt":"2023-03-28T20:24:41","guid":{"rendered":"https:\/\/deltamed.cl\/tienda\/?post_type=product&#038;p=15160"},"modified":"2026-02-27T13:52:39","modified_gmt":"2026-02-27T16:52:39","slug":"silla-de-ruedas-eurochair-2750","status":"publish","type":"product","link":"https:\/\/deltamed.cl\/tienda\/producto\/silla-de-ruedas-eurochair-2750\/","title":{"rendered":"Silla de ruedas eurochair 2750"},"content":{"rendered":"<p style=\"text-align: left\"><span style=\"font-size: 16px\">Silla De Ruedas Eurochair 2750<\/span><\/p>\n<p>Silla de ruedas plegable est\u00e1ndar desarrollada para adolescentes y adultos. Su uso es exclusivamente para el transporte de una persona sobre el asiento y no como medio de tracci\u00f3n, transportador o similar. Este modelo ofrece numerosas posibilidades de ajuste a tallas f\u00edsicas individuales. Facilita la movilidad independiente del usuario, gracias a la confecci\u00f3n y a los ajustes de precisi\u00f3n en el asiento, respaldo y chasis.<\/p>\n<ul>\n<li>Alta resistencia<\/li>\n<li>Elaborada en aluminio<\/li>\n<li>Amplia gama de accesorios<\/li>\n<li>Totalmente equipada para uso a largo plazo<\/li>\n<li>Modelo plegable, con ejes desmontables<\/li>\n<li>Apoya brazos abatibles, reclinables y ajustables en altura<\/li>\n<li>Apoya pies abatibles, reclinables y desmontables<\/li>\n<li>Anexa dispositivo para colocar bast\u00f3n en reposo<\/li>\n<li>Anexa iluminaci\u00f3n pasiva y cintur\u00f3n abdominal<\/li>\n<li>Fabricada en aluminio \/ duro aluminio.<\/li>\n<li>Chasis plegable<\/li>\n<li>Ancho del tubo de 1 pulgada<\/li>\n<li>Pintura electroest\u00e1tica en polvo color negro<\/li>\n<li>Sistema de ajuste de respaldo tensionable.<\/li>\n<li>Luces reflectantes traseras en respaldo de asiento.<\/li>\n<li>Luces reflectantes en ruedas traseras.<\/li>\n<li>Ruedas traseras extra\u00edbles con sistema r\u00e1pido \u201cQuick Release\u201d (desmontaje r\u00e1pido)<\/li>\n<li>Pierneras batientes y desmontables<\/li>\n<li>Bast\u00f3n de empuje con empu\u00f1adura ergon\u00f3mica y antideslizante.<\/li>\n<li>Doble cruceta.<\/li>\n<li>Pletina con posibilidad de variaci\u00f3n entre ejes de ruedas.<\/li>\n<li>Eje de las ruedas de aluminio<\/li>\n<li>Horquilla de aluminio regulable en altura<\/li>\n<li>Apoya pies de dos hojas.<\/li>\n<li>Frenos bilaterales ajustable horizontalmente.<\/li>\n<li>Ruedas traseras macizas 24 x 1 3\/8&#8243; y ruedas delanteras macizas de 7\u201d de policarbonato<\/li>\n<li>Cintur\u00f3n de seguridad.<\/li>\n<li>Aro de propulsi\u00f3n de 24\u201d de aluminio<\/li>\n<li>Posee ruedas antivuelco para mayor seguridad en el aprendizaje de su uso. F\u00e1cil de desmontar.<\/li>\n<li>Tapiz de la silla desmontable y lavable acolchado, antideslizante y antitranpirante.<\/li>\n<li>Peso de la silla desde los 14 kg hasta los 20kg.<\/li>\n<li>Correa de seguridad que impide el deslizamiento de los pies hacia atr\u00e1s.<\/li>\n<li>Cuenta con porta bast\u00f3n.<\/li>\n<li>Todo ajuste manual, con sistema de seguridad.<\/li>\n<li>Cada sistema de ajuste de 2,5 cm entre cada variaci\u00f3n.<\/li>\n<li>Peso m\u00e1ximo de soporte de 130kg.<\/li>\n<li>Embalaje \u00fanico y sellado.<\/li>\n<li>Incluye manual de uso<\/li>\n<\/ul>\n","protected":false},"excerpt":{"rendered":"<p style=\"text-align: left\"><span style=\"font-size: 16px\">Silla De Ruedas Eurochair 2750<\/span><\/p>\n<p>Silla de ruedas plegable est\u00e1ndar desarrollada para adolescentes y adultos. Su uso es exclusivamente para el transporte de una persona sobre el asiento y no como medio de tracci\u00f3n, transportador o similar. Este modelo ofrece numerosas posibilidades de ajuste a tallas f\u00edsicas individuales.<\/p>\n","protected":false},"featured_media":17542,"comment_status":"open","ping_status":"closed","template":"","meta":{"_acf_changed":false},"product_brand":[1086],"product_cat":[968,930],"product_tag":[950,1193],"class_list":{"0":"post-15160","1":"product","2":"type-product","3":"status-publish","4":"has-post-thumbnail","6":"product_brand-lifante","7":"product_cat-estandar","8":"product_cat-sillas-de-ruedas-2","9":"product_tag-lifante","10":"product_tag-silla-de-rueda-manual","11":"product_shipping_class-grande","12":"pa_ancho-de-asiento-38-cm","13":"pa_ancho-de-asiento-40-cm","14":"pa_ancho-de-asiento-50-cm","15":"pa_ancho-de-asiento-53-cm","17":"first","18":"instock","19":"shipping-taxable","20":"purchasable","21":"product-type-variable"},"acf":[],"_links":{"self":[{"href":"https:\/\/deltamed.cl\/tienda\/wp-json\/wp\/v2\/product\/15160","targetHints":{"allow":["GET"]}}],"collection":[{"href":"https:\/\/deltamed.cl\/tienda\/wp-json\/wp\/v2\/product"}],"about":[{"href":"https:\/\/deltamed.cl\/tienda\/wp-json\/wp\/v2\/types\/product"}],"replies":[{"embeddable":true,"href":"https:\/\/deltamed.cl\/tienda\/wp-json\/wp\/v2\/comments?post=15160"}],"version-history":[{"count":5,"href":"https:\/\/deltamed.cl\/tienda\/wp-json\/wp\/v2\/product\/15160\/revisions"}],"predecessor-version":[{"id":18086,"href":"https:\/\/deltamed.cl\/tienda\/wp-json\/wp\/v2\/product\/15160\/revisions\/18086"}],"wp:featuredmedia":[{"embeddable":true,"href":"https:\/\/deltamed.cl\/tienda\/wp-json\/wp\/v2\/media\/17542"}],"wp:attachment":[{"href":"https:\/\/deltamed.cl\/tienda\/wp-json\/wp\/v2\/media?parent=15160"}],"wp:term":[{"taxonomy":"product_brand","embeddable":true,"href":"https:\/\/deltamed.cl\/tienda\/wp-json\/wp\/v2\/product_brand?post=15160"},{"taxonomy":"product_cat","embeddable":true,"href":"https:\/\/deltamed.cl\/tienda\/wp-json\/wp\/v2\/product_cat?post=15160"},{"taxonomy":"product_tag","embeddable":true,"href":"https:\/\/deltamed.cl\/tienda\/wp-json\/wp\/v2\/product_tag?post=15160"}],"curies":[{"name":"wp","href":"https:\/\/api.w.org\/{rel}","templated":true}]}}