{"id":15130,"date":"2023-01-31T18:15:30","date_gmt":"2023-01-31T21:15:30","guid":{"rendered":"https:\/\/deltamed.cl\/tienda\/producto\/silla-de-ruedas-activa-avanti\/"},"modified":"2026-02-27T13:52:46","modified_gmt":"2026-02-27T16:52:46","slug":"silla-de-ruedas-semi-activa-avanti","status":"publish","type":"product","link":"https:\/\/deltamed.cl\/tienda\/producto\/silla-de-ruedas-semi-activa-avanti\/","title":{"rendered":"Silla de ruedas semi activa avanti"},"content":{"rendered":"<p>Silla de ruedas semi activa Avanti vers\u00e1til y semiactiva, presenta 3\u00b0 de inclinaci\u00f3n de rueda, favorece un m\u00ednimo esfuerzo para la maniobrabilidad, con freno a presi\u00f3n que permite mayor independencia para las actividades cotidianas.<\/p>\n<p><strong>Caracter\u00edsticas:<\/strong><\/p>\n<p>Alta resistencia<br \/>\nElaborada en Aluminio<br \/>\nModelo plegable, con ejes desmontables<br \/>\nApoya brazos y pies abatibles y reclinables o posibilidad de guardafangos<br \/>\nApoya pies de 1 hoja<br \/>\nRuedas delanteras de 6 \u0301 \u0301 y traseras de 24&#215;1<br \/>\nSilla totalmente configurable a los requisitos de cada usuario<\/p>\n<p><strong>Ventajas terap\u00e9uticas<\/strong><br \/>\nFacilita la movilidad independiente del usuario, gracias al material de confecci\u00f3n y a los ajustes de precisi\u00f3n en el asiento, respaldo y chasis.<br \/>\nF\u00e1cil manejo y peso reducido, facilita el uso cotidiano.<br \/>\nUso en muchas patol\u00f3gicas, desde enfermedades neurol\u00f3gicas, reum\u00e1ticas, geri\u00e1tricas o pedi\u00e1tricas.<\/p>\n<p>Disponibles en las siguientes tallas :(Ancho de asiento &#8211; profundidad de asiento &#8211; altura de respaldo &#8211; Guardafangos -Tipo de apoya pies 1 hoja o 2 hojas)<\/p>\n<table width=\"346\">\n<tbody>\n<tr>\n<td width=\"346\">SDR AVANTI 38-38-40 GR 2H<\/td>\n<\/tr>\n<tr>\n<td>SDR AVANTI 40-40-40 GR 2H<\/td>\n<\/tr>\n<tr>\n<td>\n<table width=\"346\">\n<tbody>\n<tr>\n<td width=\"346\">SDR AVANTI 42-40-40 GR 2H<\/td>\n<\/tr>\n<\/tbody>\n<\/table>\n<\/td>\n<\/tr>\n<tr>\n<td>SDR AVANTI 44-40-40 GR 2H<\/td>\n<\/tr>\n<tr>\n<td>SDR AVANTI 46-40-40 GR 2H<\/td>\n<\/tr>\n<\/tbody>\n<\/table>\n<table style=\"height: 27px;\" width=\"351\">\n<tbody>\n<tr>\n<td width=\"425\">SDR AVANTI-48-43-GR-1HOJA<\/td>\n<\/tr>\n<\/tbody>\n<\/table>\n<p>*Imagen Referencial<\/p>\n<p>*Cualquier otra talla o configuraci\u00f3n queda en formato de importaci\u00f3n, al igual que sus valores.<\/p>\n","protected":false},"excerpt":{"rendered":"<p>Modelo de silla de ruedas vers\u00e1til y semiactiva, presenta 3\u00b0 de inclinaci\u00f3n de rueda, favorece un m\u00ednimo esfuerzo para la maniobrabilidad, con freno a presi\u00f3n que permite mayor independencia para las actividades cotidianas, alta resistencia, elaborada en Aluminio, modelo plegable, con ejes desmontables, apoya brazos y pies abatibles y reclinables o posibilidad de guardafangos, apoya pies de 1 hoja, silla totalmente configurable a los requisitos de cada usuario.<\/p>\n<p>Disponibles en las siguientes tallas :(Ancho de asiento &#8211; profundidad de asiento &#8211; altura de respaldo &#8211; Guardafangos -Tipo de apoya pies 1 hoja o 2 hojas)<\/p>\n<table width=\"346\">\n<tbody>\n<tr>\n<td width=\"346\">SDR AVANTI 38-38-40 GR 2H<\/td>\n<\/tr>\n<tr>\n<td>SDR AVANTI 40-40-40 GR 2H<\/td>\n<\/tr>\n<tr>\n<td>\n<table width=\"346\">\n<tbody>\n<tr>\n<td width=\"346\">SDR AVANTI 42-40-40 GR 2H<\/td>\n<\/tr>\n<\/tbody>\n<\/table>\n<\/td>\n<\/tr>\n<tr>\n<td>SDR AVANTI 44-40-40 GR 2H<\/td>\n<\/tr>\n<tr>\n<td>SDR AVANTI 46-40-40 GR 2H<\/td>\n<\/tr>\n<\/tbody>\n<\/table>\n<table style=\"height: 27px;\" width=\"351\">\n<tbody>\n<tr>\n<td width=\"425\">SDR AVANTI-48-43-GR-1HOJA<\/td>\n<\/tr>\n<\/tbody>\n<\/table>\n<p>*Imagen Referencial<\/p>\n<p>*Cualquier otra talla o configuraci\u00f3n queda en formato de importaci\u00f3n, al igual que sus valores.<\/p>\n","protected":false},"featured_media":15131,"comment_status":"open","ping_status":"closed","template":"","meta":{"_acf_changed":false},"product_brand":[1086],"product_cat":[939,930],"product_tag":[1193],"class_list":{"0":"post-15130","1":"product","2":"type-product","3":"status-publish","4":"has-post-thumbnail","6":"product_brand-lifante","7":"product_cat-semiactivas","8":"product_cat-sillas-de-ruedas-2","9":"product_tag-silla-de-rueda-manual","10":"product_shipping_class-grande","11":"pa_ancho-de-asiento-34-cm","12":"pa_ancho-de-asiento-38-cm","13":"pa_ancho-de-asiento-40-cm","14":"pa_ancho-de-asiento-42-cm","15":"pa_ancho-de-asiento-44-cm","16":"pa_ancho-de-asiento-46-cm","17":"pa_ancho-de-asiento-48-cm","18":"pa_marca-sillas-de-rueda-meyra","19":"pa_silla-de-ruedas-semiactivas","21":"first","22":"instock","23":"shipping-taxable","24":"purchasable","25":"product-type-variable"},"acf":[],"_links":{"self":[{"href":"https:\/\/deltamed.cl\/tienda\/wp-json\/wp\/v2\/product\/15130","targetHints":{"allow":["GET"]}}],"collection":[{"href":"https:\/\/deltamed.cl\/tienda\/wp-json\/wp\/v2\/product"}],"about":[{"href":"https:\/\/deltamed.cl\/tienda\/wp-json\/wp\/v2\/types\/product"}],"replies":[{"embeddable":true,"href":"https:\/\/deltamed.cl\/tienda\/wp-json\/wp\/v2\/comments?post=15130"}],"version-history":[{"count":9,"href":"https:\/\/deltamed.cl\/tienda\/wp-json\/wp\/v2\/product\/15130\/revisions"}],"predecessor-version":[{"id":18783,"href":"https:\/\/deltamed.cl\/tienda\/wp-json\/wp\/v2\/product\/15130\/revisions\/18783"}],"wp:featuredmedia":[{"embeddable":true,"href":"https:\/\/deltamed.cl\/tienda\/wp-json\/wp\/v2\/media\/15131"}],"wp:attachment":[{"href":"https:\/\/deltamed.cl\/tienda\/wp-json\/wp\/v2\/media?parent=15130"}],"wp:term":[{"taxonomy":"product_brand","embeddable":true,"href":"https:\/\/deltamed.cl\/tienda\/wp-json\/wp\/v2\/product_brand?post=15130"},{"taxonomy":"product_cat","embeddable":true,"href":"https:\/\/deltamed.cl\/tienda\/wp-json\/wp\/v2\/product_cat?post=15130"},{"taxonomy":"product_tag","embeddable":true,"href":"https:\/\/deltamed.cl\/tienda\/wp-json\/wp\/v2\/product_tag?post=15130"}],"curies":[{"name":"wp","href":"https:\/\/api.w.org\/{rel}","templated":true}]}}