{"id":150,"date":"2020-12-10T23:24:39","date_gmt":"2020-12-11T02:24:39","guid":{"rendered":"https:\/\/deltamed.cl\/tienda\/?post_type=product&#038;p=150"},"modified":"2026-03-05T18:13:47","modified_gmt":"2026-03-05T21:13:47","slug":"ejercitador-pedalera-manual","status":"publish","type":"product","link":"https:\/\/deltamed.cl\/tienda\/producto\/ejercitador-pedalera-manual\/","title":{"rendered":"Ejercitador pedalera  manual"},"content":{"rendered":"<p><strong>Ejercitador pedalera manua<\/strong>l para su uso en el hogar y la oficina. La resistencia de los pedales se puede ajustar para aumentar o disminuir el esfuerzo necesario. El ejercicio consiste en sentarse en una silla, colocar los pies en los dos anillos (como montar en bicicleta). Mientras ve la televisi\u00f3n entrena sus m\u00fasculos de las piernas, promueve la circulaci\u00f3n de la sangre, y reduce la acumulaci\u00f3n de grasa.<br \/>\n\u2022 Marco de acero.<br \/>\n\u2022 F\u00e1cil plegado a tama\u00f1o de embalaje peque\u00f1o.<br \/>\n\u2022 Perilla de tensi\u00f3n ajustable para controlar el nivel de resistencia y la intensidad del entrenamiento.<br \/>\n\u2022 Soporte para pies antideslizantes.<br \/>\n\u2022 Marca Deltamed<br \/>\n\u2022 Alto: 26cm<br \/>\n\u2022 Largo: 45cm<br \/>\n\u2022 Ancho: 39cm<br \/>\n\u2022 Peso. 2.1kg<\/p>\n<p>DISPONIBLE SOLO EN COLOR PLOMO<\/p>\n","protected":false},"excerpt":{"rendered":"<p><strong>Ejercitador pedalera manua<\/strong>l para su uso en el hogar y la oficina. La resistencia de los pedales se puede ajustar para aumentar o disminuir el esfuerzo necesario. El ejercicio consiste en sentarse en una silla, colocar los pies en los dos anillos (como montar en bicicleta). Mientras ve la televisi\u00f3n entrena sus m\u00fasculos de las piernas, promueve la circulaci\u00f3n de la sangre, y reduce la acumulaci\u00f3n de grasa.<\/p>\n","protected":false},"featured_media":151,"comment_status":"open","ping_status":"closed","template":"","meta":{"_acf_changed":false},"product_brand":[1091],"product_cat":[430,394,34],"product_tag":[486,585,61],"class_list":{"0":"post-150","1":"product","2":"type-product","3":"status-publish","4":"has-post-thumbnail","6":"product_brand-deltamed","7":"product_cat-otros-ayudas-tecnicas-de-bano","8":"product_cat-pedaleras","9":"product_cat-movilidad","10":"product_tag-ayudas-tecnicas","11":"product_tag-deltamed","12":"product_tag-pedalera","13":"product_shipping_class-mediano","15":"first","16":"instock","17":"shipping-taxable","18":"purchasable","19":"product-type-simple"},"acf":[],"_links":{"self":[{"href":"https:\/\/deltamed.cl\/tienda\/wp-json\/wp\/v2\/product\/150","targetHints":{"allow":["GET"]}}],"collection":[{"href":"https:\/\/deltamed.cl\/tienda\/wp-json\/wp\/v2\/product"}],"about":[{"href":"https:\/\/deltamed.cl\/tienda\/wp-json\/wp\/v2\/types\/product"}],"replies":[{"embeddable":true,"href":"https:\/\/deltamed.cl\/tienda\/wp-json\/wp\/v2\/comments?post=150"}],"version-history":[{"count":2,"href":"https:\/\/deltamed.cl\/tienda\/wp-json\/wp\/v2\/product\/150\/revisions"}],"predecessor-version":[{"id":12485,"href":"https:\/\/deltamed.cl\/tienda\/wp-json\/wp\/v2\/product\/150\/revisions\/12485"}],"wp:featuredmedia":[{"embeddable":true,"href":"https:\/\/deltamed.cl\/tienda\/wp-json\/wp\/v2\/media\/151"}],"wp:attachment":[{"href":"https:\/\/deltamed.cl\/tienda\/wp-json\/wp\/v2\/media?parent=150"}],"wp:term":[{"taxonomy":"product_brand","embeddable":true,"href":"https:\/\/deltamed.cl\/tienda\/wp-json\/wp\/v2\/product_brand?post=150"},{"taxonomy":"product_cat","embeddable":true,"href":"https:\/\/deltamed.cl\/tienda\/wp-json\/wp\/v2\/product_cat?post=150"},{"taxonomy":"product_tag","embeddable":true,"href":"https:\/\/deltamed.cl\/tienda\/wp-json\/wp\/v2\/product_tag?post=150"}],"curies":[{"name":"wp","href":"https:\/\/api.w.org\/{rel}","templated":true}]}}