{"id":14905,"date":"2025-02-21T16:25:42","date_gmt":"2025-02-21T19:25:42","guid":{"rendered":"https:\/\/deltamed.cl\/tienda\/?post_type=product&#038;p=14905"},"modified":"2026-02-27T13:52:36","modified_gmt":"2026-02-27T16:52:36","slug":"aposito-adhesivo-transparente-10x12cm-cranberry","status":"publish","type":"product","link":"https:\/\/deltamed.cl\/tienda\/producto\/aposito-adhesivo-transparente-10x12cm-cranberry\/","title":{"rendered":"Ap\u00f3sito adhesivo transparente 10x12cm Cranberry"},"content":{"rendered":"<h2><strong>Ap\u00f3sito adhesivo transparente 10X12cm Cranberry<br \/>\n<\/strong><strong>caja x 50<\/strong><\/h2>\n<p>El ap\u00f3sito transparente impermeable con adhesivo Cranberry\u00ae es suave e hipoalerg\u00e9nico. Protege heridas de agua, suciedad y microbios, permitiendo al mismo tiempo el paso de ox\u00edgeno a la piel, lo cual crea un ambiente ideal para una r\u00e1pida cicatrizaci\u00f3n. Dise\u00f1ado para aplicarlo directamente sobre heridas leves, si el uso de vendas o gasas.<\/p>\n<p>(AAAPTRA1)<\/p>\n<div>Ap\u00f3sito Adhesivo Transparente 10X12cm Pack 50 Und, Para uso en heridas planas con escaso exudado y sin infecci\u00f3n. Este ap\u00f3sito transparente impermeable con adhesivo es suave e hipoalerg\u00e9nico. Protege heridas de agua, suciedad y microbios, permitiendo al mismo tiempo el paso de ox\u00edgeno a la piel, lo cual crea un ambiente ideal para una r\u00e1pida cicatrizaci\u00f3n. Dise\u00f1ado para aplicarlo directamente sobre heridas leves, si el uso de vendas o gasas.<\/div>\n<div><\/div>\n<div>El ap\u00f3sito transparente con adhesivo es ideal para aplicar sobre raspaduras, ampollas o piel irritada, protegi\u00e9ndolas del agua y exposici\u00f3n a polvo y suciedad.<\/div>\n<div><\/div>\n<div><\/div>\n<div>El Pack de Ap\u00f3sito Adhesivo Transparente 10X12 Contiene 50 Unidades.<\/div>\n<div><\/div>\n<div>Almacenamiento: En un lugar fresco y seco a temperatura entre 5\u00ba y 30\u00ba C.<\/div>\n<p>&nbsp;<\/p>\n","protected":false},"excerpt":{"rendered":"<h2><strong>Ap\u00f3sito adhesivo transparente 10X12cm Cranberry<br \/>\n<\/strong><strong>caja x 50<\/strong><\/h2>\n<p>El ap\u00f3sito transparente impermeable con adhesivo Cranberry\u00ae es suave e hipoalerg\u00e9nico. Protege heridas de agua, suciedad y microbios, permitiendo al mismo tiempo el paso de ox\u00edgeno a la piel, lo cual crea un ambiente ideal para una r\u00e1pida cicatrizaci\u00f3n. Dise\u00f1ado para aplicarlo directamente sobre heridas leves, si el uso de vendas o gasas.<\/p>\n<p>(AAAPTRA1)<\/p>\n<div>Ap\u00f3sito Adhesivo Transparente 10X12 cm Pack 50 Und, Para uso en heridas planas con escaso exudado y sin infecci\u00f3n. Este ap\u00f3sito transparente impermeable con adhesivo es suave e hipoalerg\u00e9nico. Protege heridas de agua, suciedad y microbios, permitiendo al mismo tiempo el paso de ox\u00edgeno a la piel, lo cual crea un ambiente ideal para una r\u00e1pida cicatrizaci\u00f3n. Dise\u00f1ado para aplicarlo directamente sobre heridas leves, si el uso de vendas o gasas.<\/div>\n<div><\/div>\n<div>El ap\u00f3sito transparente con adhesivo es ideal para aplicar sobre raspaduras, ampollas o piel irritada, protegi\u00e9ndolas del agua y exposici\u00f3n a polvo y suciedad.<\/div>\n","protected":false},"featured_media":14908,"comment_status":"open","ping_status":"closed","template":"","meta":{"_acf_changed":false},"product_brand":[1087],"product_cat":[94,371,36,395,432],"product_tag":[119,921,920],"class_list":{"0":"post-14905","1":"product","2":"type-product","3":"status-publish","4":"has-post-thumbnail","6":"product_brand-cranberry","7":"product_cat-insumos-desechables","8":"product_cat-apositos-gasas","9":"product_cat-tratamiento-de-herida","10":"product_cat-apositos","11":"product_cat-otros-tratamiento-de-herida","12":"product_tag-cranberry","13":"product_tag-film","14":"product_tag-tegadrem","15":"product_shipping_class-extra-pequeno","17":"first","18":"instock","19":"shipping-taxable","20":"purchasable","21":"product-type-simple"},"acf":[],"_links":{"self":[{"href":"https:\/\/deltamed.cl\/tienda\/wp-json\/wp\/v2\/product\/14905","targetHints":{"allow":["GET"]}}],"collection":[{"href":"https:\/\/deltamed.cl\/tienda\/wp-json\/wp\/v2\/product"}],"about":[{"href":"https:\/\/deltamed.cl\/tienda\/wp-json\/wp\/v2\/types\/product"}],"replies":[{"embeddable":true,"href":"https:\/\/deltamed.cl\/tienda\/wp-json\/wp\/v2\/comments?post=14905"}],"version-history":[{"count":1,"href":"https:\/\/deltamed.cl\/tienda\/wp-json\/wp\/v2\/product\/14905\/revisions"}],"predecessor-version":[{"id":14909,"href":"https:\/\/deltamed.cl\/tienda\/wp-json\/wp\/v2\/product\/14905\/revisions\/14909"}],"wp:featuredmedia":[{"embeddable":true,"href":"https:\/\/deltamed.cl\/tienda\/wp-json\/wp\/v2\/media\/14908"}],"wp:attachment":[{"href":"https:\/\/deltamed.cl\/tienda\/wp-json\/wp\/v2\/media?parent=14905"}],"wp:term":[{"taxonomy":"product_brand","embeddable":true,"href":"https:\/\/deltamed.cl\/tienda\/wp-json\/wp\/v2\/product_brand?post=14905"},{"taxonomy":"product_cat","embeddable":true,"href":"https:\/\/deltamed.cl\/tienda\/wp-json\/wp\/v2\/product_cat?post=14905"},{"taxonomy":"product_tag","embeddable":true,"href":"https:\/\/deltamed.cl\/tienda\/wp-json\/wp\/v2\/product_tag?post=14905"}],"curies":[{"name":"wp","href":"https:\/\/api.w.org\/{rel}","templated":true}]}}