{"id":148,"date":"2020-12-10T23:16:55","date_gmt":"2020-12-11T02:16:55","guid":{"rendered":"https:\/\/deltamed.cl\/tienda\/?post_type=product&#038;p=148"},"modified":"2026-03-16T15:59:54","modified_gmt":"2026-03-16T18:59:54","slug":"cojin-de-gel","status":"publish","type":"product","link":"https:\/\/deltamed.cl\/tienda\/producto\/cojin-de-gel\/","title":{"rendered":"Coj\u00edn de gel"},"content":{"rendered":"<p>Coj\u00edn de gel<\/p>\n<p>Las personas que pasan mucho tiempo en cama o sentada requieren de unos cuidados especiales para evitar la aparici\u00f3n de \u00falceras por presi\u00f3n por eso contamos con diversos art\u00edculos antiescaras para hacerles la vida m\u00e1s f\u00e1cil.<\/p>\n<p>Este coj\u00edn ofrece una gama de caracter\u00edsticas que lo posicionan en la categor\u00eda Premium.<\/p>\n<p>El Coj\u00edn Drive provee una redistribuci\u00f3n \u00f3ptima de la carga y reduce el riesgo de aparici\u00f3n de \u00falceras causadas por la presi\u00f3n (escaras), ofreciendo tambi\u00e9n un soporte postural para un mejor posicionamiento del usuario.<\/p>\n<p><strong>Caracter\u00edsticas:<\/strong><\/p>\n<p>\u2022 Su dise\u00f1o exclusivo con m\u00faltiples capas de gel posee una cubierta respirable que proporciona una mejor disipaci\u00f3n del calor, siendo tambi\u00e9n resistente al agua para una f\u00e1cil higienizaci\u00f3n.<br \/>\n\u2022 Si\u00e9ntase en las nubes: el coj\u00edn de gel proporciona un confort y descanso inigualable<br \/>\n\u2022 Adaptabilidad al cuadrado: por su dise\u00f1o cuadrado, este coj\u00edn antiescaras<br \/>\npuede adaptarse a cualquier silla de ruedas, sill\u00f3n etc.<br \/>\n\u2022 Ll\u00e9valo contigo: gracias a su funda y asa de transporte, podr\u00e1s llevar el<br \/>\ncoj\u00edn antiescaras para silla de ruedas a todos lados sin preocupaciones<br \/>\n\u2022 La funda impermeable extra\u00edble protege de la humedad y las manchas. La<br \/>\ncual es impermeable y lavable para mayor higiene.<br \/>\n\u2022 El fondo antideslizante ayuda a garantizar la colocaci\u00f3n adecuada del coj\u00edn.<br \/>\n\u2022 Marca Deltamed<br \/>\n\u2022 Dimensiones<br \/>\n-Largo 41 cm<br \/>\n-Ancho 41 cm<br \/>\n-Alto 7 cm<br \/>\n-Peso 3 kg<br \/>\n-Capacidad de peso 150 kg<\/p>\n<div id=\"attachment_149\" style=\"width: 310px\" class=\"wp-caption alignnone\"><img fetchpriority=\"high\" decoding=\"async\" aria-describedby=\"caption-attachment-149\" class=\"size-medium wp-image-149\" src=\"https:\/\/deltamed.cl\/tienda\/wp-content\/uploads\/2020\/12\/aa-delta-14-300x300.jpg\" alt=\"Coj\u00edn de gel\" width=\"300\" height=\"300\" title=\"\" srcset=\"https:\/\/deltamed.cl\/tienda\/wp-content\/uploads\/2020\/12\/aa-delta-14-300x300.jpg 300w, https:\/\/deltamed.cl\/tienda\/wp-content\/uploads\/2020\/12\/aa-delta-14-100x100.jpg 100w, https:\/\/deltamed.cl\/tienda\/wp-content\/uploads\/2020\/12\/aa-delta-14-150x150.jpg 150w, https:\/\/deltamed.cl\/tienda\/wp-content\/uploads\/2020\/12\/aa-delta-14.jpg 600w\" sizes=\"(max-width: 300px) 100vw, 300px\" \/><p id=\"caption-attachment-149\" class=\"wp-caption-text\">Coj\u00edn de gel<\/p><\/div>\n","protected":false},"excerpt":{"rendered":"<p>Coj\u00edn de gel<\/p>\n<p>Las personas que pasan mucho tiempo en cama o sentada requieren de unos cuidados especiales para evitar la aparici\u00f3n de \u00falceras por presi\u00f3n por eso contamos con diversos art\u00edculos antiescaras para hacerles la vida m\u00e1s f\u00e1cil.<\/p>\n<p>Este coj\u00edn ofrece una gama de caracter\u00edsticas que lo posicionan en la categor\u00eda Premium.<\/p>\n<p>El Coj\u00edn Drive provee una redistribuci\u00f3n \u00f3ptima de la carga y reduce el riesgo de aparici\u00f3n de \u00falceras causadas por la presi\u00f3n (escaras), ofreciendo tambi\u00e9n un soporte postural para un mejor posicionamiento del usuario.<\/p>\n","protected":false},"featured_media":149,"comment_status":"open","ping_status":"closed","template":"","meta":{"_acf_changed":false},"product_brand":[1091],"product_cat":[992,978,34],"product_tag":[486,59,703,585,60],"class_list":{"0":"post-148","1":"product","2":"type-product","3":"status-publish","4":"has-post-thumbnail","6":"product_brand-deltamed","7":"product_cat-cojin","8":"product_cat-prevencion-antiescaras","9":"product_cat-movilidad","10":"product_tag-ayudas-tecnicas","11":"product_tag-cojin","12":"product_tag-cyberday","13":"product_tag-deltamed","14":"product_tag-gel","15":"product_shipping_class-grande","17":"first","18":"instock","19":"sale","20":"shipping-taxable","21":"purchasable","22":"product-type-simple"},"acf":[],"_links":{"self":[{"href":"https:\/\/deltamed.cl\/tienda\/wp-json\/wp\/v2\/product\/148","targetHints":{"allow":["GET"]}}],"collection":[{"href":"https:\/\/deltamed.cl\/tienda\/wp-json\/wp\/v2\/product"}],"about":[{"href":"https:\/\/deltamed.cl\/tienda\/wp-json\/wp\/v2\/types\/product"}],"replies":[{"embeddable":true,"href":"https:\/\/deltamed.cl\/tienda\/wp-json\/wp\/v2\/comments?post=148"}],"version-history":[{"count":2,"href":"https:\/\/deltamed.cl\/tienda\/wp-json\/wp\/v2\/product\/148\/revisions"}],"predecessor-version":[{"id":8493,"href":"https:\/\/deltamed.cl\/tienda\/wp-json\/wp\/v2\/product\/148\/revisions\/8493"}],"wp:featuredmedia":[{"embeddable":true,"href":"https:\/\/deltamed.cl\/tienda\/wp-json\/wp\/v2\/media\/149"}],"wp:attachment":[{"href":"https:\/\/deltamed.cl\/tienda\/wp-json\/wp\/v2\/media?parent=148"}],"wp:term":[{"taxonomy":"product_brand","embeddable":true,"href":"https:\/\/deltamed.cl\/tienda\/wp-json\/wp\/v2\/product_brand?post=148"},{"taxonomy":"product_cat","embeddable":true,"href":"https:\/\/deltamed.cl\/tienda\/wp-json\/wp\/v2\/product_cat?post=148"},{"taxonomy":"product_tag","embeddable":true,"href":"https:\/\/deltamed.cl\/tienda\/wp-json\/wp\/v2\/product_tag?post=148"}],"curies":[{"name":"wp","href":"https:\/\/api.w.org\/{rel}","templated":true}]}}