{"id":1468,"date":"2021-05-19T12:17:37","date_gmt":"2021-05-19T15:17:37","guid":{"rendered":"https:\/\/deltamed.cl\/tienda\/?post_type=product&#038;p=1468"},"modified":"2026-02-27T13:52:25","modified_gmt":"2026-02-27T16:52:25","slug":"lancetas-accu-chek-safe-t-pro-plus","status":"publish","type":"product","link":"https:\/\/deltamed.cl\/tienda\/producto\/lancetas-accu-chek-safe-t-pro-plus\/","title":{"rendered":"Lancetas accu chek safe T pro plus"},"content":{"rendered":"<p>Lancetas accu chek safe T pro plus<\/p>\n<p>Caja contiene 200 lancetas esterilizadas<\/p>\n<p>Las Lancetas Accu-Chek\u00ae Safe-T-Pro Plus ofrecen un sistema de punci\u00f3n profesional y seguro con 3 niveles ajustables de profundidad.<\/p>\n<p>Dise\u00f1adas para un solo uso, estas lancetas est\u00e9riles desechables garantizan higiene y seguridad durante el proceso de obtenci\u00f3n de muestras de sangre.<\/p>\n<p>Cada caja contiene 200 lancetas esterilizadas compatibles con equipos gluc\u00f3metro de cualquier marca.<\/p>\n<p>Caracter\u00edsticas:<\/p>\n<ol>\n<li>Niveles Ajustables de Profundidad: Permite adaptar la profundidad de la punci\u00f3n seg\u00fan las condiciones de la piel del paciente, ofreciendo flexibilidad y comodidad.<\/li>\n<li>Desechable y Seguro:\u00a0Dise\u00f1ado para un solo uso, brinda seguridad e higiene al paciente. La tecnolog\u00eda Safe-T garantiza el almacenamiento seguro de la aguja y previene punciones accidentales.<\/li>\n<li>Apto para Todas las Edades:\u00a0Adecuado para adultos, menores de 1 a\u00f1o y reci\u00e9n nacidos, ofreciendo versatilidad en su aplicaci\u00f3n.<\/li>\n<li>Ergon\u00f3mico e Intuitivo:\u00a0Dise\u00f1o seguro en forma de T para una manipulaci\u00f3n c\u00f3moda y precisa.<\/li>\n<\/ol>\n<p>Especificaciones T\u00e9cnicas:<\/p>\n<ul>\n<li>Desechable:\u00a0Un solo uso.<\/li>\n<li>Nivel Ajustable de Profundidad:\u00a0S\u00ed.<\/li>\n<li>Niveles de Profundidad de Penetraci\u00f3n:\n<ul>\n<li>Bajo (marca corta) \u2013 1,3mm.<\/li>\n<li>Medio (marca media) \u2013 1,8mm.<\/li>\n<li>Alto (marca larga) \u2013 2,3mm.<\/li>\n<\/ul>\n<\/li>\n<li>Corte Especial de la Aguja:\u00a03 niveles de corte tribiselado.<\/li>\n<li>Aguja Siliconada:\u00a0S\u00ed.<\/li>\n<li>Di\u00e1metro de la Aguja:\u00a00,63 mm (23 G).<\/li>\n<li>Retracci\u00f3n Autom\u00e1tica de la Aguja:\u00a0S\u00ed.<\/li>\n<li>Reconocimiento de Dispositivo Usado:\u00a0S\u00ed.<\/li>\n<li>Esterilidad:\u00a0Hasta 4 a\u00f1os (fecha de vencimiento en la caja).<\/li>\n<\/ul>\n<div id=\"attachment_1469\" style=\"width: 310px\" class=\"wp-caption alignnone\"><img fetchpriority=\"high\" decoding=\"async\" aria-describedby=\"caption-attachment-1469\" class=\"size-medium wp-image-1469\" src=\"https:\/\/deltamed.cl\/tienda\/wp-content\/uploads\/2021\/05\/ACCU-CHEK-SAFE-T-PRO-PLUS-300x300.jpg\" alt=\"Lancetas accu chek safe T pro plus\" width=\"300\" height=\"300\" title=\"\" srcset=\"https:\/\/deltamed.cl\/tienda\/wp-content\/uploads\/2021\/05\/ACCU-CHEK-SAFE-T-PRO-PLUS-300x300.jpg 300w, https:\/\/deltamed.cl\/tienda\/wp-content\/uploads\/2021\/05\/ACCU-CHEK-SAFE-T-PRO-PLUS-100x100.jpg 100w, https:\/\/deltamed.cl\/tienda\/wp-content\/uploads\/2021\/05\/ACCU-CHEK-SAFE-T-PRO-PLUS-150x150.jpg 150w, https:\/\/deltamed.cl\/tienda\/wp-content\/uploads\/2021\/05\/ACCU-CHEK-SAFE-T-PRO-PLUS.jpg 500w\" sizes=\"(max-width: 300px) 100vw, 300px\" \/><p id=\"caption-attachment-1469\" class=\"wp-caption-text\">Lancetas accu chek safe T pro plus<\/p><\/div>\n","protected":false},"excerpt":{"rendered":"<p>Lancetas accu chek safe T pro plus<\/p>\n<p>Caja contiene 200 lancetas esterilizadas<\/p>\n<p>Las Lancetas Accu-Chek\u00ae Safe-T-Pro Plus ofrecen un sistema de punci\u00f3n profesional y seguro con 3 niveles ajustables de profundidad.<\/p>\n<p>Dise\u00f1adas para un solo uso, estas lancetas est\u00e9riles desechables garantizan higiene y seguridad durante el proceso de obtenci\u00f3n de muestras de sangre.<\/p>\n","protected":false},"featured_media":1469,"comment_status":"open","ping_status":"closed","template":"","meta":{"_acf_changed":false},"product_brand":[],"product_cat":[15,356],"product_tag":[],"class_list":{"0":"post-1468","1":"product","2":"type-product","3":"status-publish","4":"has-post-thumbnail","6":"product_cat-medicion-y-diagnostico","7":"product_cat-glucometro","8":"product_shipping_class-pequeno","10":"first","11":"instock","12":"shipping-taxable","13":"purchasable","14":"product-type-simple"},"acf":[],"_links":{"self":[{"href":"https:\/\/deltamed.cl\/tienda\/wp-json\/wp\/v2\/product\/1468","targetHints":{"allow":["GET"]}}],"collection":[{"href":"https:\/\/deltamed.cl\/tienda\/wp-json\/wp\/v2\/product"}],"about":[{"href":"https:\/\/deltamed.cl\/tienda\/wp-json\/wp\/v2\/types\/product"}],"replies":[{"embeddable":true,"href":"https:\/\/deltamed.cl\/tienda\/wp-json\/wp\/v2\/comments?post=1468"}],"version-history":[{"count":2,"href":"https:\/\/deltamed.cl\/tienda\/wp-json\/wp\/v2\/product\/1468\/revisions"}],"predecessor-version":[{"id":8926,"href":"https:\/\/deltamed.cl\/tienda\/wp-json\/wp\/v2\/product\/1468\/revisions\/8926"}],"wp:featuredmedia":[{"embeddable":true,"href":"https:\/\/deltamed.cl\/tienda\/wp-json\/wp\/v2\/media\/1469"}],"wp:attachment":[{"href":"https:\/\/deltamed.cl\/tienda\/wp-json\/wp\/v2\/media?parent=1468"}],"wp:term":[{"taxonomy":"product_brand","embeddable":true,"href":"https:\/\/deltamed.cl\/tienda\/wp-json\/wp\/v2\/product_brand?post=1468"},{"taxonomy":"product_cat","embeddable":true,"href":"https:\/\/deltamed.cl\/tienda\/wp-json\/wp\/v2\/product_cat?post=1468"},{"taxonomy":"product_tag","embeddable":true,"href":"https:\/\/deltamed.cl\/tienda\/wp-json\/wp\/v2\/product_tag?post=1468"}],"curies":[{"name":"wp","href":"https:\/\/api.w.org\/{rel}","templated":true}]}}