{"id":14624,"date":"2025-01-24T16:31:20","date_gmt":"2025-01-24T19:31:20","guid":{"rendered":"https:\/\/deltamed.cl\/tienda\/?post_type=product&#038;p=14624"},"modified":"2026-03-24T17:06:32","modified_gmt":"2026-03-24T20:06:32","slug":"turbina-para-espirometria-flow-mir","status":"publish","type":"product","link":"https:\/\/deltamed.cl\/tienda\/producto\/turbina-para-espirometria-flow-mir\/","title":{"rendered":"Turbina para espirometr\u00eda Flow MIR"},"content":{"rendered":"<p>Turbina para espirometr\u00eda Flow MIR<br \/>\n1 unidad<\/p>\n<p>Turbinas para espirometr\u00eda MIR responden a los \u00faltimos est\u00e1ndares de la ATS\/ERS. caudal\u00edmetro reutilizable.<br \/>\nLas pruebas de espirometr\u00eda requieren de la m\u00e1xima precisi\u00f3n e higiene, las Turbina Desechable Flow Mir es la respuesta a \u00e9stas necesidades.<\/p>\n<p>Cada turbina es calibrada en f\u00e1brica con un sistema computarizado y empaquetada individualmente.<br \/>\nTurbina Desechable Flow Mir es una alternativa m\u00e1s econ\u00f3mica que los medidores de flujo reusables que necesitan reemplazar los filtros antibacterianos.<\/p>\n<p>\u00a1Higiene 100% garantizada!<br \/>\nCumple con los \u00faltimos est\u00e1ndares de precisi\u00f3n de la ATS\/ERS.<br \/>\nSe puede llevar a cabo una sesi\u00f3n completa de espirometr\u00eda, incluyendo la Provocaci\u00f3n Bronquial y la prueba de Post Broncodilatador.<br \/>\nDespu\u00e9s de las pruebas de espirometr\u00eda de cada paciente, tanto la turbina como la boquilla de cart\u00f3n son desechadas.<br \/>\nSin necesidad de calibraci\u00f3n, sin necesidad de esterilizaci\u00f3n, sin necesidad de filtros bactericidas, sin contaminaci\u00f3n cruzada, no le afecta la condensaci\u00f3n del vapor y no le afectan las condiciones ambientales.<\/p>\n","protected":false},"excerpt":{"rendered":"<p>Turbina para espirometr\u00eda Flow MIR<br \/>\n1 unidad<\/p>\n<p>Turbinas para espirometr\u00eda MIR responden a los \u00faltimos est\u00e1ndares de la ATS\/ERS. caudal\u00edmetro reutilizable.<br \/>\nLas pruebas de espirometr\u00eda requieren de la m\u00e1xima precisi\u00f3n e higiene, las Turbina Desechable Flow Mir es la respuesta a \u00e9stas necesidades.<\/p>\n","protected":false},"featured_media":14625,"comment_status":"open","ping_status":"closed","template":"","meta":{"_acf_changed":false},"product_brand":[],"product_cat":[15],"product_tag":[],"class_list":{"0":"post-14624","1":"product","2":"type-product","3":"status-publish","4":"has-post-thumbnail","6":"product_cat-medicion-y-diagnostico","7":"product_shipping_class-extra-pequeno","9":"first","10":"instock","11":"shipping-taxable","12":"purchasable","13":"product-type-simple"},"acf":[],"_links":{"self":[{"href":"https:\/\/deltamed.cl\/tienda\/wp-json\/wp\/v2\/product\/14624","targetHints":{"allow":["GET"]}}],"collection":[{"href":"https:\/\/deltamed.cl\/tienda\/wp-json\/wp\/v2\/product"}],"about":[{"href":"https:\/\/deltamed.cl\/tienda\/wp-json\/wp\/v2\/types\/product"}],"replies":[{"embeddable":true,"href":"https:\/\/deltamed.cl\/tienda\/wp-json\/wp\/v2\/comments?post=14624"}],"version-history":[{"count":1,"href":"https:\/\/deltamed.cl\/tienda\/wp-json\/wp\/v2\/product\/14624\/revisions"}],"predecessor-version":[{"id":14627,"href":"https:\/\/deltamed.cl\/tienda\/wp-json\/wp\/v2\/product\/14624\/revisions\/14627"}],"wp:featuredmedia":[{"embeddable":true,"href":"https:\/\/deltamed.cl\/tienda\/wp-json\/wp\/v2\/media\/14625"}],"wp:attachment":[{"href":"https:\/\/deltamed.cl\/tienda\/wp-json\/wp\/v2\/media?parent=14624"}],"wp:term":[{"taxonomy":"product_brand","embeddable":true,"href":"https:\/\/deltamed.cl\/tienda\/wp-json\/wp\/v2\/product_brand?post=14624"},{"taxonomy":"product_cat","embeddable":true,"href":"https:\/\/deltamed.cl\/tienda\/wp-json\/wp\/v2\/product_cat?post=14624"},{"taxonomy":"product_tag","embeddable":true,"href":"https:\/\/deltamed.cl\/tienda\/wp-json\/wp\/v2\/product_tag?post=14624"}],"curies":[{"name":"wp","href":"https:\/\/api.w.org\/{rel}","templated":true}]}}