{"id":143,"date":"2020-12-10T23:03:11","date_gmt":"2020-12-11T02:03:11","guid":{"rendered":"https:\/\/deltamed.cl\/tienda\/?post_type=product&#038;p=143"},"modified":"2026-02-27T13:30:24","modified_gmt":"2026-02-27T16:30:24","slug":"baston-codera-fija","status":"publish","type":"product","link":"https:\/\/deltamed.cl\/tienda\/producto\/baston-codera-fija\/","title":{"rendered":"Bast\u00f3n codera fija"},"content":{"rendered":"<p>Bast\u00f3n codera fija<\/p>\n<p>El Bast\u00f3n Ortop\u00e9dico es un soporte para obtener mayor seguridad al caminar, mejorando el equilibrio para compensar alguna lesi\u00f3n o disabilidad.<\/p>\n<p>Estructura de Aluminio liviana y empu\u00f1adura anat\u00f3mica de pl\u00e1stico.<\/p>\n<p>Altura Regulable de f\u00e1cil ajuste, seg\u00fan la estatura de la persona.<\/p>\n<p>Seguro adicional en la Fijaci\u00f3n de la altura del bast\u00f3n.<\/p>\n<p>Apoya brazo fijo para mayor estabilidad.<\/p>\n<p>Regat\u00f3n de goma para mayor agarre de las superficies. Uso unitario o por pares.<\/p>\n<p><strong>Caracter\u00edsticas:<\/strong><\/p>\n<p>\u2022 Bast\u00f3n ortop\u00e9dico con codera fija.<br \/>\n\u2022 Hecho de aluminio ultraliviano y resistente.<br \/>\n\u2022 La altura total es ajustable para adaptarse a diferentes usuarios de altura.<br \/>\n\u2022 Producto ideado para personas con movilidad reducida, con peso m\u00e1ximo de 100 kg<br \/>\n\u2022 Superficie f\u00e1cil de limpiar<br \/>\n\u2022 Altura: 94 \u2013 117cm<br \/>\n\u2022 Altura de mango: 73 \u2013 96cm<br \/>\n\u2022 Altura de pu\u00f1o: 21cm<br \/>\n\u2022 Peso: 0.7kg<br \/>\n\u2022 Capacidad m\u00e1xima: 100kg<\/p>\n<div id=\"attachment_144\" style=\"width: 310px\" class=\"wp-caption alignnone\"><img fetchpriority=\"high\" decoding=\"async\" aria-describedby=\"caption-attachment-144\" class=\"size-medium wp-image-144\" src=\"https:\/\/deltamed.cl\/tienda\/wp-content\/uploads\/2020\/12\/aa-delta-12-300x300.jpg\" alt=\"Bast\u00f3n codera fija\" width=\"300\" height=\"300\" title=\"\" srcset=\"https:\/\/deltamed.cl\/tienda\/wp-content\/uploads\/2020\/12\/aa-delta-12-300x300.jpg 300w, https:\/\/deltamed.cl\/tienda\/wp-content\/uploads\/2020\/12\/aa-delta-12-100x100.jpg 100w, https:\/\/deltamed.cl\/tienda\/wp-content\/uploads\/2020\/12\/aa-delta-12-150x150.jpg 150w, https:\/\/deltamed.cl\/tienda\/wp-content\/uploads\/2020\/12\/aa-delta-12.jpg 600w\" sizes=\"(max-width: 300px) 100vw, 300px\" \/><p id=\"caption-attachment-144\" class=\"wp-caption-text\">Bast\u00f3n codera fija<\/p><\/div>\n","protected":false},"excerpt":{"rendered":"<p>Bast\u00f3n codera fija<\/p>\n<p>El Bast\u00f3n Ortop\u00e9dico es un soporte para obtener mayor seguridad al caminar, mejorando el equilibrio para compensar alguna lesi\u00f3n o disabilidad.<\/p>\n<p>Estructura de Aluminio liviana y empu\u00f1adura anat\u00f3mica de pl\u00e1stico.<\/p>\n<p>Altura Regulable de f\u00e1cil ajuste, seg\u00fan la estatura de la persona.<\/p>\n<p>Seguro adicional en la Fijaci\u00f3n de la altura del bast\u00f3n.<\/p>\n","protected":false},"featured_media":144,"comment_status":"open","ping_status":"closed","template":"","meta":{"_acf_changed":false},"product_brand":[1091],"product_cat":[23,368,34],"product_tag":[486,54,55,703,585,56],"class_list":{"0":"post-143","1":"product","2":"type-product","3":"status-publish","4":"has-post-thumbnail","6":"product_brand-deltamed","7":"product_cat-ayudas-tecnicas-de-bano","8":"product_cat-bastones","9":"product_cat-movilidad","10":"product_tag-ayudas-tecnicas","11":"product_tag-baston","12":"product_tag-codera-movil","13":"product_tag-cyberday","14":"product_tag-deltamed","15":"product_tag-muleta","16":"product_shipping_class-mediano","18":"first","19":"instock","20":"shipping-taxable","21":"purchasable","22":"product-type-simple"},"acf":[],"_links":{"self":[{"href":"https:\/\/deltamed.cl\/tienda\/wp-json\/wp\/v2\/product\/143","targetHints":{"allow":["GET"]}}],"collection":[{"href":"https:\/\/deltamed.cl\/tienda\/wp-json\/wp\/v2\/product"}],"about":[{"href":"https:\/\/deltamed.cl\/tienda\/wp-json\/wp\/v2\/types\/product"}],"replies":[{"embeddable":true,"href":"https:\/\/deltamed.cl\/tienda\/wp-json\/wp\/v2\/comments?post=143"}],"version-history":[{"count":3,"href":"https:\/\/deltamed.cl\/tienda\/wp-json\/wp\/v2\/product\/143\/revisions"}],"predecessor-version":[{"id":8495,"href":"https:\/\/deltamed.cl\/tienda\/wp-json\/wp\/v2\/product\/143\/revisions\/8495"}],"wp:featuredmedia":[{"embeddable":true,"href":"https:\/\/deltamed.cl\/tienda\/wp-json\/wp\/v2\/media\/144"}],"wp:attachment":[{"href":"https:\/\/deltamed.cl\/tienda\/wp-json\/wp\/v2\/media?parent=143"}],"wp:term":[{"taxonomy":"product_brand","embeddable":true,"href":"https:\/\/deltamed.cl\/tienda\/wp-json\/wp\/v2\/product_brand?post=143"},{"taxonomy":"product_cat","embeddable":true,"href":"https:\/\/deltamed.cl\/tienda\/wp-json\/wp\/v2\/product_cat?post=143"},{"taxonomy":"product_tag","embeddable":true,"href":"https:\/\/deltamed.cl\/tienda\/wp-json\/wp\/v2\/product_tag?post=143"}],"curies":[{"name":"wp","href":"https:\/\/api.w.org\/{rel}","templated":true}]}}