{"id":14180,"date":"2024-12-19T11:18:48","date_gmt":"2024-12-19T14:18:48","guid":{"rendered":"https:\/\/deltamed.cl\/tienda\/?post_type=product&#038;p=14180"},"modified":"2026-02-27T07:16:45","modified_gmt":"2026-02-27T10:16:45","slug":"silla-de-ruedas-manual-aluminio-delta950","status":"publish","type":"product","link":"https:\/\/deltamed.cl\/tienda\/producto\/silla-de-ruedas-manual-aluminio-delta950\/","title":{"rendered":"Silla de ruedas manual aluminio DELTA950"},"content":{"rendered":"<p><strong>Nuestra silla Silla de ruedas manual aluminio DELTA950 esta disponible en ruedas macizas o inflables.<\/strong><\/p>\n<div id=\"attachment_14181\" style=\"width: 283px\" class=\"wp-caption alignnone\"><img fetchpriority=\"high\" decoding=\"async\" aria-describedby=\"caption-attachment-14181\" class=\"size-medium wp-image-14181\" src=\"https:\/\/deltamed.cl\/tienda\/wp-content\/uploads\/2024\/12\/Silla-de-ruedas-manual-aluminio-DELTA950-273x300.jpg\" alt=\"Silla de ruedas manual aluminio DELTA950\" width=\"273\" height=\"300\" title=\"\" srcset=\"https:\/\/deltamed.cl\/tienda\/wp-content\/uploads\/2024\/12\/Silla-de-ruedas-manual-aluminio-DELTA950-273x300.jpg 273w, https:\/\/deltamed.cl\/tienda\/wp-content\/uploads\/2024\/12\/Silla-de-ruedas-manual-aluminio-DELTA950.jpg 319w\" sizes=\"(max-width: 273px) 100vw, 273px\" \/><p id=\"caption-attachment-14181\" class=\"wp-caption-text\">Silla de ruedas manual aluminio DELTA950<\/p><\/div>\n<p><strong>Caracter\u00edsticas:<\/strong><\/p>\n<ul>\n<li>Marco de la silla de aluminio de alta resistencia.<\/li>\n<li>Chasis plegable para f\u00e1cil almacenamiento.<\/li>\n<li>Tubo de 1 pulgada de di\u00e1metro.<\/li>\n<li>Pintura electrost\u00e1tica en polvo color gris.<\/li>\n<li>Doble cruceta tubular.<\/li>\n<li>Frenos de alta seguridad, bilaterales.<\/li>\n<li>Tapizado desmontable, lavable, acolchado y antideslizante.<\/li>\n<li>Bast\u00f3n de empuje con mango ergon\u00f3mico y antideslizante.<\/li>\n<li>Bolsillo trasero para almacenamiento adicional.<\/li>\n<li>Ruedas delanteras de 6 pulgadas.<\/li>\n<li>Ruedas traseras inflable de 24 pulgadas con liberaci\u00f3n r\u00e1pida y desmontables.<\/li>\n<li>Ruedas antivuelco para mayor seguridad.<\/li>\n<li>Banda con velcro en la huincha contenedora para evitar que los pies se deslicen hacia atr\u00e1s.<\/li>\n<li>Protectores laterales y tapas para barro.<\/li>\n<li>Reposa pies desmontables, abatibles y ajustables en altura.<\/li>\n<li>Reposapi\u00e9s de pl\u00e1stico duro.<\/li>\n<li>Reposapi\u00e9s de dos hojas, ajustables en \u00e1ngulo de inclinaci\u00f3n.<\/li>\n<li>Ruedas traseras extra\u00edbles con sistema de desmontaje r\u00e1pido.<\/li>\n<li>Piernera batiente, abatible y desmontable.<\/li>\n<li>Piso con \u00e1ngulo ajustable.<\/li>\n<li>Reposabrazos regulables en altura, abatibles, desmontables y acolchados (altura ajustable entre 23 y 30 cm).<\/li>\n<li>Capacidad m\u00e1xima de carga: 120 kg.<\/li>\n<li>Ancho de asiento disponible de 40 cm\/43 cm\/46 cm\/48 cm\/51 cm\/53 cm<\/li>\n<li><strong>\u00a0<\/strong><\/li>\n<\/ul>\n<p><strong>Especificaciones:<\/strong><\/p>\n<p>Longitud total 100 cm<\/p>\n<p>Ancho total 66 cm<\/p>\n<p>Ancho del plegado 37 cm<\/p>\n<p>Ancho del asiento seg\u00fan elecci\u00f3n.<\/p>\n<p>Profundidad del asiento 40 cm<\/p>\n<p>Di\u00e1metro real de la rueda 61 cm<\/p>\n<p>Di\u00e1metro de la rueda delantera 15 cm<\/p>\n<p>Altura del asiento 50 cm<\/p>\n<p>Altura total 95 cm<\/p>\n<p>Altura del respaldo 42 cm<\/p>\n<p>Altura de los reposabrazos entre 23 y 30cm<\/p>\n<p>Ancho del reposabrazos 5cm<\/p>\n<p>Altura del reposapi\u00e9s desde el suelo 10cm \u2013 15cm.<\/p>\n<p>Medidas 80 x 34 x 93 cm<\/p>\n<p>Peso neto (kg) 16,3 kg<\/p>\n<p>Peso bruto (kg) 19,4 kg<\/p>\n","protected":false},"excerpt":{"rendered":"<p><strong>\u00a1La silla perfecta para tu movilidad diaria Silla de ruedas manual aluminio DELTA950!<\/strong><br \/>\nIdeal para adolescentes y adultos, dise\u00f1ada exclusivamente para el transporte y desplazamiento seguro de una persona.<\/p>\n<p><strong>Opciones disponibles:<\/strong><\/p>\n<ul>\n<li>Ruedas macizas o inflables.<\/li>\n<\/ul>\n<p><strong>Caracter\u00edsticas destacadas:<\/strong><\/p>\n<ul>\n<li><strong>Estructura resistente:<\/strong> Marco de aluminio de alta resistencia con chasis plegable para f\u00e1cil almacenamiento.<\/li>\n<li><strong>Acabado premium:<\/strong> Pintura electrost\u00e1tica en polvo color gris.<\/li>\n<li><strong>Seguridad avanzada:<\/strong> Doble cruceta tubular, frenos bilaterales de alta seguridad y ruedas antivuelco.<\/li>\n<li><strong>Comodidad total:<\/strong> Tapizado desmontable, lavable, acolchado y antideslizante.<\/li>\n<li><strong>Practicidad y ergonom\u00eda:<\/strong>\n<ul>\n<li>Bast\u00f3n de empuje con mango ergon\u00f3mico y antideslizante.<\/li>\n<li>Reposapi\u00e9s desmontables, abatibles y ajustables en altura.<\/li>\n<li>Reposabrazos regulables en altura (23 a 30 cm), abatibles, desmontables y acolchados.<\/li>\n<\/ul>\n<\/li>\n<\/ul>\n","protected":false},"featured_media":14181,"comment_status":"open","ping_status":"closed","template":"","meta":{"_acf_changed":false},"product_brand":[1091],"product_cat":[968,930],"product_tag":[482,911,513],"class_list":{"0":"post-14180","1":"product","2":"type-product","3":"status-publish","4":"has-post-thumbnail","6":"product_brand-deltamed","7":"product_cat-estandar","8":"product_cat-sillas-de-ruedas-2","9":"product_tag-aluminio","10":"product_tag-rueda-de-liberacion-rapida","11":"product_tag-silla-de-ruedas","12":"product_shipping_class-grande","14":"first","15":"instock","16":"shipping-taxable","17":"purchasable","18":"product-type-variable"},"acf":[],"_links":{"self":[{"href":"https:\/\/deltamed.cl\/tienda\/wp-json\/wp\/v2\/product\/14180","targetHints":{"allow":["GET"]}}],"collection":[{"href":"https:\/\/deltamed.cl\/tienda\/wp-json\/wp\/v2\/product"}],"about":[{"href":"https:\/\/deltamed.cl\/tienda\/wp-json\/wp\/v2\/types\/product"}],"replies":[{"embeddable":true,"href":"https:\/\/deltamed.cl\/tienda\/wp-json\/wp\/v2\/comments?post=14180"}],"version-history":[{"count":4,"href":"https:\/\/deltamed.cl\/tienda\/wp-json\/wp\/v2\/product\/14180\/revisions"}],"predecessor-version":[{"id":19821,"href":"https:\/\/deltamed.cl\/tienda\/wp-json\/wp\/v2\/product\/14180\/revisions\/19821"}],"wp:featuredmedia":[{"embeddable":true,"href":"https:\/\/deltamed.cl\/tienda\/wp-json\/wp\/v2\/media\/14181"}],"wp:attachment":[{"href":"https:\/\/deltamed.cl\/tienda\/wp-json\/wp\/v2\/media?parent=14180"}],"wp:term":[{"taxonomy":"product_brand","embeddable":true,"href":"https:\/\/deltamed.cl\/tienda\/wp-json\/wp\/v2\/product_brand?post=14180"},{"taxonomy":"product_cat","embeddable":true,"href":"https:\/\/deltamed.cl\/tienda\/wp-json\/wp\/v2\/product_cat?post=14180"},{"taxonomy":"product_tag","embeddable":true,"href":"https:\/\/deltamed.cl\/tienda\/wp-json\/wp\/v2\/product_tag?post=14180"}],"curies":[{"name":"wp","href":"https:\/\/api.w.org\/{rel}","templated":true}]}}