{"id":13706,"date":"2024-11-19T12:06:46","date_gmt":"2024-11-19T15:06:46","guid":{"rendered":"https:\/\/deltamed.cl\/tienda\/?post_type=product&#038;p=13706"},"modified":"2026-03-12T22:41:59","modified_gmt":"2026-03-13T01:41:59","slug":"medidor-de-glucosa-caresens-n-eco","status":"publish","type":"product","link":"https:\/\/deltamed.cl\/tienda\/producto\/medidor-de-glucosa-caresens-n-eco\/","title":{"rendered":"Medidor de glucosa CareSens N Eco"},"content":{"rendered":"<p>Medidor de glucosa CareSens N Eco<\/p>\n<p><strong>Compatible con las tiras reactivas CareSens N<\/strong><\/p>\n<p>Caracter\u00edsticas y Beneficios<br \/>\nBot\u00f3n de eyecci\u00f3n de tira.<br \/>\nRango normal, indicador de hipoglicemia\/hiperglicemia.<br \/>\nIndicador de fecha de caducidad de la tira.<br \/>\n4 alarmas (PP2* y 3 alarmas programables). *2 horas despu\u00e9s de las comidas.<br \/>\nPromedios de pruebas de 1, 7, 14, 30 y 90 d\u00edas.<br \/>\nMarcadores de la prueba preprandial, postprandial y de ayuno.<\/p>\n<p><strong>Contenido del pack<br \/>\n<\/strong>Medidor de glucosa CareSens N.<br \/>\nLancetero.<\/p>\n<p><strong>Especificaciones T\u00e9cnicas<\/strong><\/p>\n<p><strong>Muestra y Medici\u00f3n<br \/>\n<\/strong>Tipo de muestra: Sangre capilar entera reci\u00e9n extra\u00edda.<br \/>\nEnzima: GOD.<br \/>\nTama\u00f1o de la muestra: 0,5 \u00b5L.<br \/>\nDuraci\u00f3n de medici\u00f3n: 5 segundos.<br \/>\nRango de medici\u00f3n: 20-600 mg\/dL (1,1-33,3 mmol\/L).<br \/>\nHematocrito: 15-65%.<\/p>\n<p><strong>Dise\u00f1o<br \/>\n<\/strong>Dimensiones: 95 x 49 x 18 mm.<br \/>\nPeso: 49 g.<\/p>\n<p><strong>Funcionamiento<br \/>\n<\/strong>M\u00e9todo de calibraci\u00f3n: Codificaci\u00f3n autom\u00e1tica.<br \/>\nTipo de tira: Tira CareSens\u00ae N.<br \/>\nMemoria: 1,000 pruebas.<br \/>\nEnerg\u00eda: Una bater\u00eda de litio de 3,0V (CR2032).<br \/>\nVida de bater\u00eda: 1,000 pruebas.<br \/>\nComunicaci\u00f3n: USB.<\/p>\n<p><strong>Condiciones de Operaci\u00f3n y Almacenamiento<br \/>\n<\/strong>Temperatura operativa: 5-45 \u00b0C (41-113 \u00b0F).<br \/>\nTemperatura de almacenamiento de la tira: 1-30 \u00b0C (34-86 \u00b0F).<br \/>\nHumedad operativa: 10-90%.<br \/>\nVida de tira: 24 meses desde la fecha de fabricaci\u00f3n.<\/p>\n","protected":false},"excerpt":{"rendered":"<p>Medidor de glucosa CareSens N Eco<\/p>\n<p><strong>Compatible con las tiras reactivas CareSens N<\/strong><\/p>\n<p>Caracter\u00edsticas y Beneficios<br \/>\nBot\u00f3n de eyecci\u00f3n de tira.<br \/>\nRango normal, indicador de hipoglicemia\/hiperglicemia.<br \/>\nIndicador de fecha de caducidad de la tira.<br \/>\n4 alarmas (PP2* y 3 alarmas programables). *2 horas despu\u00e9s de las comidas.<br \/>\nPromedios de pruebas de 1, 7, 14, 30 y 90 d\u00edas.<br \/>\nMarcadores de la prueba preprandial, postprandial y de ayuno.<\/p>\n<p><strong>Contenido del pack<br \/>\n<\/strong>Medidor de glucosa CareSens N.<br \/>\nLancetero.<\/p>\n","protected":false},"featured_media":13741,"comment_status":"open","ping_status":"closed","template":"","meta":{"_acf_changed":false},"product_brand":[1094],"product_cat":[15,356],"product_tag":[899,900,523,619,620],"class_list":{"0":"post-13706","1":"product","2":"type-product","3":"status-publish","4":"has-post-thumbnail","6":"product_brand-caresens","7":"product_cat-medicion-y-diagnostico","8":"product_cat-glucometro","9":"product_tag-caresens-n","10":"product_tag-equipo-de-glicemia","11":"product_tag-glucometro","12":"product_tag-hemoglucotest","13":"product_tag-medidor-de-glucosa","14":"product_shipping_class-extra-pequeno","16":"first","17":"instock","18":"shipping-taxable","19":"purchasable","20":"product-type-simple"},"acf":[],"_links":{"self":[{"href":"https:\/\/deltamed.cl\/tienda\/wp-json\/wp\/v2\/product\/13706","targetHints":{"allow":["GET"]}}],"collection":[{"href":"https:\/\/deltamed.cl\/tienda\/wp-json\/wp\/v2\/product"}],"about":[{"href":"https:\/\/deltamed.cl\/tienda\/wp-json\/wp\/v2\/types\/product"}],"replies":[{"embeddable":true,"href":"https:\/\/deltamed.cl\/tienda\/wp-json\/wp\/v2\/comments?post=13706"}],"version-history":[{"count":2,"href":"https:\/\/deltamed.cl\/tienda\/wp-json\/wp\/v2\/product\/13706\/revisions"}],"predecessor-version":[{"id":16388,"href":"https:\/\/deltamed.cl\/tienda\/wp-json\/wp\/v2\/product\/13706\/revisions\/16388"}],"wp:featuredmedia":[{"embeddable":true,"href":"https:\/\/deltamed.cl\/tienda\/wp-json\/wp\/v2\/media\/13741"}],"wp:attachment":[{"href":"https:\/\/deltamed.cl\/tienda\/wp-json\/wp\/v2\/media?parent=13706"}],"wp:term":[{"taxonomy":"product_brand","embeddable":true,"href":"https:\/\/deltamed.cl\/tienda\/wp-json\/wp\/v2\/product_brand?post=13706"},{"taxonomy":"product_cat","embeddable":true,"href":"https:\/\/deltamed.cl\/tienda\/wp-json\/wp\/v2\/product_cat?post=13706"},{"taxonomy":"product_tag","embeddable":true,"href":"https:\/\/deltamed.cl\/tienda\/wp-json\/wp\/v2\/product_tag?post=13706"}],"curies":[{"name":"wp","href":"https:\/\/api.w.org\/{rel}","templated":true}]}}