{"id":13572,"date":"2024-11-07T13:19:07","date_gmt":"2024-11-07T16:19:07","guid":{"rendered":"https:\/\/deltamed.cl\/tienda\/?post_type=product&#038;p=13572"},"modified":"2026-02-27T13:30:52","modified_gmt":"2026-02-27T16:30:52","slug":"tape-kinesiologico-5cm-x-5m","status":"publish","type":"product","link":"https:\/\/deltamed.cl\/tienda\/producto\/tape-kinesiologico-5cm-x-5m\/","title":{"rendered":"Tape kinesiol\u00f3gico 5cm x 5m"},"content":{"rendered":"<p>Tape kinesiologico 5cm x 5m<\/p>\n<p>Los tapes kinesiol\u00f3gicos est\u00e1n dise\u00f1ados para brindar soporte y estabilidad muscular sin limitar el movimiento, siendo ideales para deportistas y personas activas y en rehabilitaci\u00f3n.<br \/>\nEstos tapes est\u00e1n hechos de material el\u00e1stico y transpirable, lo cual permite que se adapten f\u00e1cilmente a la piel y proporcionen una comodidad duradera.<br \/>\nSu adhesivo de alta calidad asegura una fijaci\u00f3n firme, incluso en condiciones de sudor o actividad f\u00edsica intensa.<br \/>\nDisponibles en diferentes colores y tama\u00f1os.<br \/>\nEstos tapes se adaptan a diversas partes del cuerpo y necesidades terap\u00e9uticas.<\/p>\n<p><strong>T\u00e9cnica de Cinta Neuro-Estructural<\/strong><br \/>\nEstos tapes pueden aplicarse seg\u00fan diferentes t\u00e9cnicas de uso, dependiendo del efecto que se desee lograr<\/p>\n<p>La t\u00e9cnica <strong>neurosensorial<\/strong> permite la activaci\u00f3n de receptores nerviosos en la piel, ayudando a reducir el dolor y mejorar la percepci\u00f3n corporal durante el movimiento. Esto facilita una mejor postura y coordinaci\u00f3n, ideal para actividades deportivas y procesos de rehabilitaci\u00f3n.<\/p>\n<p>En cuanto al efecto <strong>microcirculatorio<\/strong>, el tape ejerce una suave elevaci\u00f3n de la piel, lo cual favorece la circulaci\u00f3n sangu\u00ednea y linf\u00e1tica. Este efecto ayuda a disminuir la inflamaci\u00f3n, reducir el cansancio muscular y acelerar la recuperaci\u00f3n de lesiones, promoviendo un mejor flujo de ox\u00edgeno y nutrientes.<\/p>\n<p>El efecto <strong>estructural<\/strong> proporciona soporte y estabilidad a los m\u00fasculos y articulaciones sin limitar el movimiento. Al aplicarse estrat\u00e9gicamente, el tape ayuda a corregir desajustes posturales y facilita una mejor alineaci\u00f3n corporal, reduciendo el riesgo de lesiones y mejorando el rendimiento f\u00edsico.<\/p>\n","protected":false},"excerpt":{"rendered":"<p>Tape kinesiologico 5cm x 5m<br \/>\n<strong>1 Unidad<\/strong><\/p>\n<p>Los tapes kinesiol\u00f3gicos est\u00e1n dise\u00f1ados para brindar soporte y estabilidad muscular sin limitar el movimiento, siendo ideales para deportistas y personas activas y en rehabilitaci\u00f3n.<br \/>\nEstos tapes est\u00e1n hechos de material el\u00e1stico y transpirable, lo cual permite que se adapten f\u00e1cilmente a la piel y proporcionen una comodidad duradera.<br \/>\nSu adhesivo de alta calidad asegura una fijaci\u00f3n firme, incluso en condiciones de sudor o actividad f\u00edsica intensa.<br \/>\nDisponibles en diferentes colores y tama\u00f1os.<br \/>\nEstos tapes se adaptan a diversas partes del cuerpo y necesidades terap\u00e9uticas.<\/p>\n","protected":false},"featured_media":13585,"comment_status":"open","ping_status":"closed","template":"","meta":{"_acf_changed":false},"product_brand":[],"product_cat":[37,388],"product_tag":[894,895,637,896,897],"class_list":{"0":"post-13572","1":"product","2":"type-product","3":"status-publish","4":"has-post-thumbnail","6":"product_cat-kinesiologia","7":"product_cat-tape-kinesiologico","8":"product_tag-kinesiotape","9":"product_tag-spider","10":"product_tag-tape","11":"product_tag-tape-continuo","12":"product_tag-tape-kinesiologico","13":"product_shipping_class-extra-pequeno","15":"first","16":"instock","17":"shipping-taxable","18":"purchasable","19":"product-type-variable"},"acf":[],"_links":{"self":[{"href":"https:\/\/deltamed.cl\/tienda\/wp-json\/wp\/v2\/product\/13572","targetHints":{"allow":["GET"]}}],"collection":[{"href":"https:\/\/deltamed.cl\/tienda\/wp-json\/wp\/v2\/product"}],"about":[{"href":"https:\/\/deltamed.cl\/tienda\/wp-json\/wp\/v2\/types\/product"}],"replies":[{"embeddable":true,"href":"https:\/\/deltamed.cl\/tienda\/wp-json\/wp\/v2\/comments?post=13572"}],"version-history":[{"count":4,"href":"https:\/\/deltamed.cl\/tienda\/wp-json\/wp\/v2\/product\/13572\/revisions"}],"predecessor-version":[{"id":13589,"href":"https:\/\/deltamed.cl\/tienda\/wp-json\/wp\/v2\/product\/13572\/revisions\/13589"}],"wp:featuredmedia":[{"embeddable":true,"href":"https:\/\/deltamed.cl\/tienda\/wp-json\/wp\/v2\/media\/13585"}],"wp:attachment":[{"href":"https:\/\/deltamed.cl\/tienda\/wp-json\/wp\/v2\/media?parent=13572"}],"wp:term":[{"taxonomy":"product_brand","embeddable":true,"href":"https:\/\/deltamed.cl\/tienda\/wp-json\/wp\/v2\/product_brand?post=13572"},{"taxonomy":"product_cat","embeddable":true,"href":"https:\/\/deltamed.cl\/tienda\/wp-json\/wp\/v2\/product_cat?post=13572"},{"taxonomy":"product_tag","embeddable":true,"href":"https:\/\/deltamed.cl\/tienda\/wp-json\/wp\/v2\/product_tag?post=13572"}],"curies":[{"name":"wp","href":"https:\/\/api.w.org\/{rel}","templated":true}]}}